{"id":1548,"date":"2021-02-11T08:13:29","date_gmt":"2021-02-11T08:13:29","guid":{"rendered":"https:\/\/www.sunbeltcanada.com\/gatineau\/?page_id=1548"},"modified":"2023-09-22T19:52:24","modified_gmt":"2023-09-22T19:52:24","slug":"vendre-une-entreprise","status":"publish","type":"page","link":"https:\/\/www.sunbeltcanada.com\/gatineau\/fr\/vendre-une-entreprise\/","title":{"rendered":"Vendre une entreprise"},"content":{"rendered":"<div class=\"wpb-content-wrapper\">[vc_row gap=\u00a0\u00bb35&Prime; css=\u00a0\u00bb.vc_custom_1621862540276{padding-top: 16px !important;padding-bottom: 16px !important;}\u00a0\u00bb][vc_column css_animation=\u00a0\u00bbnone\u00a0\u00bb width=\u00a0\u00bb1\/2&Prime;][vc_column_text]\n<h2>Est-ce le moment de vendre?<\/h2>\n<p>Avez-vous d\u00e9j\u00e0 song\u00e9 \u00e0 vendre votre entreprise? Si oui, nous pouvons r\u00e9pondre \u00e0 plusieurs des questions relatives \u00e0 la vente de votre entreprise, que ce soit \u00e0 Gatineau ou dans l&rsquo;Est de l&rsquo;Ontario : Est-elle vendable? Quels sont les risques? Peut-elle rester priv\u00e9e? Quelle est la valeur de mon entreprise? Que dois-je faire pour obtenir la valeur maximale de mon entreprise? Existe-t-il des acheteurs pour mon entreprise?<\/p>\n<p>Appelez-nous. C\u2019est avec plaisir qu\u2019un de nos courtiers dans votre r\u00e9gion vous r\u00e9pondra.<\/p>\n<h3>La vente de votre Entreprise se fera en toute confidentialit\u00e9<\/h3>\n<p>Nous avons mis en place des protocoles quant \u00e0 la publicit\u00e9, \u00e0 la divulgation des renseignements et au traitement des acheteurs afin de prot\u00e9ger la confidentialit\u00e9 de la vente de votre entreprise.[\/vc_column_text][vc_btn title=\u00a0\u00bbEn Savior Plus \u00bb\u00a0\u00bb style=\u00a0\u00bboutline-custom\u00a0\u00bb outline_custom_color=\u00a0\u00bb#336699&Prime; outline_custom_hover_background=\u00a0\u00bb#336699&Prime; outline_custom_hover_text=\u00a0\u00bb#ffffff\u00a0\u00bb link=\u00a0\u00bburl:%2Fgatineau%2Ffr%2Fcomment-vendre-une-entreprise%2F|title:Selling%20Tutorial\u00a0\u00bb][\/vc_column][vc_column width=\u00a0\u00bb1\/2&Prime; offset=\u00a0\u00bbvc_hidden-sm vc_hidden-xs\u00a0\u00bb][vc_single_image image=\u00a0\u00bb1554&Prime; img_size=\u00a0\u00bbfull\u00a0\u00bb style=\u00a0\u00bbvc_box_rounded\u00a0\u00bb][\/vc_column][\/vc_row][vc_row full_width=\u00a0\u00bbstretch_row\u00a0\u00bb css=\u00a0\u00bb.vc_custom_1621862502726{margin-bottom: -40px !important;padding-top: 16px !important;padding-bottom: 16px !important;background-color: #f9f9f9 !important;}\u00a0\u00bb][vc_column][vc_column_text]\n<h3>Nous avons des acheteurs pr\u00e9qualifi\u00e9s.<\/h3>\n<p>Nos courtiers d\u2019entreprise \u00e0 Gatineau connaissent le march\u00e9 de l&rsquo;Est de l&rsquo;Ontario et sont en mesure de tirer parti d\u2019une base de donn\u00e9es d&rsquo;acheteurs actifs, qui sont \u00e0 la recherche d\u2019entreprises\u00a0: propri\u00e9taires-exploitants, investisseurs en capital et acqu\u00e9reurs strat\u00e9giques. En tant que membre de Sunbelt Canada, nous avons acc\u00e8s \u00e0 une gamme d&rsquo;acheteurs ayant une port\u00e9e locale, nationale et internationale.<\/p>\n<h3>Que vaut votre entreprise?<\/h3>\n<p>Avant de prendre la d\u00e9cision de mettre votre entreprise sur le march\u00e9, vous voulez conna\u00eetre ce qu\u2019elle vaut ainsi que les inducteurs de valeur afin d&rsquo;avoir l\u2019option d&rsquo;augmenter sa valeur avant de la vendre. Les courtiers d\u2019entreprise de Sunbelt \u00e0 Gatineau et nos analystes comprennent bien ce march\u00e9. Nous vous fournirons un excellent dossier d&rsquo;\u00e9valuation afin que vous puissiez prendre des d\u00e9cisions \u00e9clair\u00e9es.<\/p>\n<h3>Nous maximisons la valeur lors de la vente de votre entreprise.<\/h3>\n<p>Nos courtiers poss\u00e8dent une expertise en mati\u00e8re d&rsquo;\u00e9valuation d&rsquo;entreprise dans la r\u00e9gion Gatineau et dans l&rsquo;Est de l&rsquo;Ontario, en analyse des \u00e9tats financiers, en cons\u00e9quences fiscales, en inventaire, en survaleur, etc. Ils savent comment optimiser la valeur de votre entreprise pour la faire grimper dans la cha\u00eene de valeur.<\/p>\n<h3>Nous minimisons les risques lors de la vente de votre entreprise.<\/h3>\n<p>Plus le risque per\u00e7u par un acheteur est faible, plus l&rsquo;acheteur sera int\u00e9ress\u00e9 \u00e0 offrir un meilleur prix et plus \u00e9lev\u00e9 sera le montant que le vendeur recevra. Nous travaillons avec vous pour pr\u00e9parer l&rsquo;entreprise \u00e0 la vente. Nous fournissons aux acheteurs un dossier bien document\u00e9 afin qu\u2019ils comprennent mieux votre entreprise. L\u2019acheteur id\u00e9al, celui qui poss\u00e8de l&rsquo;exp\u00e9rience, les comp\u00e9tences, l&rsquo;\u00e9thique, les ressources financi\u00e8res, la tol\u00e9rance au risque et la passion n\u00e9cessaires, a plus de chances d&rsquo;obtenir un d\u00e9nouement positif.[\/vc_column_text][\/vc_column][\/vc_row][vc_row full_width=\u00a0\u00bbstretch_row\u00a0\u00bb content_placement=\u00a0\u00bbmiddle\u00a0\u00bb css=\u00a0\u00bb.vc_custom_1664219704251{padding-top: 16px !important;padding-bottom: 48px !important;background-color: #ffcc66 !important;}\u00a0\u00bb el_class=\u00a0\u00bbrequest-consultation-yellow__div\u00a0\u00bb][vc_column width=\u00a0\u00bb2\/3&Prime; css=\u00a0\u00bb.vc_custom_1618820554967{margin-bottom: 0px !important;padding-bottom: 0px !important;}\u00a0\u00bb][vc_column_text]\n<h2 style=\"margin-bottom: 8px !important;\">Faites le premier pas, demandez une consultation<\/h2>\n<h4>Vendez votre entreprise \u00e0 sa juste valeur<\/h4>\n[\/vc_column_text][\/vc_column][vc_column width=\u00a0\u00bb1\/3&Prime;][vc_btn title=\u00a0\u00bbDemandez une consultation gratuite\u00a0\u00bb style=\u00a0\u00bboutline-custom\u00a0\u00bb outline_custom_color=\u00a0\u00bb#243b56&Prime; outline_custom_hover_background=\u00a0\u00bb#243b56&Prime; outline_custom_hover_text=\u00a0\u00bb#ffffff\u00a0\u00bb size=\u00a0\u00bblg\u00a0\u00bb align=\u00a0\u00bbcenter\u00a0\u00bb i_icon_fontawesome=\u00a0\u00bbfas fa-pen\u00a0\u00bb button_block=\u00a0\u00bbtrue\u00a0\u00bb add_icon=\u00a0\u00bbtrue\u00a0\u00bb link=\u00a0\u00bburl:%2Fgatineau%2Ffr%2Fnous-joindre%2F\u00a0\u00bb][\/vc_column][\/vc_row]\n<\/div>","protected":false},"excerpt":{"rendered":"<p>[vc_row gap=\u00a0\u00bb35&Prime; css=\u00a0\u00bb.vc_custom_1621862540276{padding-top: 16px !important;padding-bottom: 16px !important;}\u00a0\u00bb][vc_column css_animation=\u00a0\u00bbnone\u00a0\u00bb width=\u00a0\u00bb1\/2&Prime;][vc_column_text] Est-ce le moment de vendre? Avez-vous d\u00e9j\u00e0 song\u00e9 \u00e0 vendre votre entreprise? Si oui, nous pouvons r\u00e9pondre \u00e0 plusieurs des questions relatives \u00e0 la vente de votre entreprise, que ce soit \u00e0 Gatineau ou dans l&rsquo;Est de l&rsquo;Ontario : Est-elle vendable? Quels sont les risques? Peut-elle rester priv\u00e9e? Quelle est la valeur de mon entreprise? Que dois-je faire pour obtenir la valeur maximale de mon entreprise? Existe-t-il des acheteurs pour mon entreprise? Appelez-nous. C\u2019est avec plaisir qu\u2019un de nos courtiers dans votre r\u00e9gion vous r\u00e9pondra. La vente de votre Entreprise se\u2026<\/p>\n","protected":false},"author":6,"featured_media":1556,"parent":0,"menu_order":0,"comment_status":"closed","ping_status":"closed","template":"","meta":{"_monsterinsights_skip_tracking":false,"_monsterinsights_sitenote_active":false,"_monsterinsights_sitenote_note":"","_monsterinsights_sitenote_category":0,"footnotes":""},"class_list":["post-1548","page","type-page","status-publish","has-post-thumbnail","hentry"],"blocksy_meta":"","yoast_head":"<!-- This site is optimized with the Yoast SEO plugin v25.9 - https:\/\/yoast.com\/wordpress\/plugins\/seo\/ -->\n<title>Vendre une entreprise - Sunbelt Canada Gatineau<\/title>\n<meta name=\"robots\" content=\"noindex, follow\" \/>\n<meta property=\"og:locale\" content=\"fr_FR\" \/>\n<meta property=\"og:type\" content=\"article\" \/>\n<meta property=\"og:title\" content=\"Vendre une entreprise - Sunbelt Canada Gatineau\" \/>\n<meta property=\"og:description\" content=\"[vc_row gap=\u00a0\u00bb35&Prime; css=\u00a0\u00bb.vc_custom_1621862540276{padding-top: 16px !important;padding-bottom: 16px !important;}\u00a0\u00bb][vc_column css_animation=\u00a0\u00bbnone\u00a0\u00bb width=\u00a0\u00bb1\/2&Prime;][vc_column_text] Est-ce le moment de vendre? Avez-vous d\u00e9j\u00e0 song\u00e9 \u00e0 vendre votre entreprise? Si oui, nous pouvons r\u00e9pondre \u00e0 plusieurs des questions relatives \u00e0 la vente de votre entreprise, que ce soit \u00e0 Gatineau ou dans l&rsquo;Est de l&rsquo;Ontario : Est-elle vendable? Quels sont les risques? Peut-elle rester priv\u00e9e? Quelle est la valeur de mon entreprise? Que dois-je faire pour obtenir la valeur maximale de mon entreprise? Existe-t-il des acheteurs pour mon entreprise? Appelez-nous. C\u2019est avec plaisir qu\u2019un de nos courtiers dans votre r\u00e9gion vous r\u00e9pondra. La vente de votre Entreprise se\u2026\" \/>\n<meta property=\"og:url\" content=\"https:\/\/www.sunbeltcanada.com\/gatineau\/fr\/vendre-une-entreprise\/\" \/>\n<meta property=\"og:site_name\" content=\"Sunbelt Canada Gatineau\" \/>\n<meta property=\"article:modified_time\" content=\"2023-09-22T19:52:24+00:00\" \/>\n<meta property=\"og:image\" content=\"https:\/\/www.sunbeltcanada.com\/gatineau\/wp-content\/uploads\/sites\/36\/2021\/02\/selling-a-business-header-min.jpg\" \/>\n\t<meta property=\"og:image:width\" content=\"1920\" \/>\n\t<meta property=\"og:image:height\" content=\"500\" \/>\n\t<meta property=\"og:image:type\" content=\"image\/jpeg\" \/>\n<meta name=\"twitter:card\" content=\"summary_large_image\" \/>\n<meta name=\"twitter:label1\" content=\"Dur\u00e9e de lecture estim\u00e9e\" \/>\n\t<meta name=\"twitter:data1\" content=\"3 minutes\" \/>\n<script type=\"application\/ld+json\" class=\"yoast-schema-graph\">{\"@context\":\"https:\/\/schema.org\",\"@graph\":[{\"@type\":\"WebPage\",\"@id\":\"https:\/\/www.sunbeltcanada.com\/gatineau\/fr\/vendre-une-entreprise\/\",\"url\":\"https:\/\/www.sunbeltcanada.com\/gatineau\/fr\/vendre-une-entreprise\/\",\"name\":\"Vendre une entreprise - Sunbelt Canada Gatineau\",\"isPartOf\":{\"@id\":\"https:\/\/www.sunbeltcanada.com\/gatineau\/fr\/#website\"},\"primaryImageOfPage\":{\"@id\":\"https:\/\/www.sunbeltcanada.com\/gatineau\/fr\/vendre-une-entreprise\/#primaryimage\"},\"image\":{\"@id\":\"https:\/\/www.sunbeltcanada.com\/gatineau\/fr\/vendre-une-entreprise\/#primaryimage\"},\"thumbnailUrl\":\"https:\/\/www.sunbeltcanada.com\/gatineau\/wp-content\/uploads\/sites\/36\/2021\/02\/selling-a-business-header-min.jpg\",\"datePublished\":\"2021-02-11T08:13:29+00:00\",\"dateModified\":\"2023-09-22T19:52:24+00:00\",\"breadcrumb\":{\"@id\":\"https:\/\/www.sunbeltcanada.com\/gatineau\/fr\/vendre-une-entreprise\/#breadcrumb\"},\"inLanguage\":\"fr-FR\",\"potentialAction\":[{\"@type\":\"ReadAction\",\"target\":[\"https:\/\/www.sunbeltcanada.com\/gatineau\/fr\/vendre-une-entreprise\/\"]}]},{\"@type\":\"ImageObject\",\"inLanguage\":\"fr-FR\",\"@id\":\"https:\/\/www.sunbeltcanada.com\/gatineau\/fr\/vendre-une-entreprise\/#primaryimage\",\"url\":\"https:\/\/www.sunbeltcanada.com\/gatineau\/wp-content\/uploads\/sites\/36\/2021\/02\/selling-a-business-header-min.jpg\",\"contentUrl\":\"https:\/\/www.sunbeltcanada.com\/gatineau\/wp-content\/uploads\/sites\/36\/2021\/02\/selling-a-business-header-min.jpg\",\"width\":1920,\"height\":500},{\"@type\":\"BreadcrumbList\",\"@id\":\"https:\/\/www.sunbeltcanada.com\/gatineau\/fr\/vendre-une-entreprise\/#breadcrumb\",\"itemListElement\":[{\"@type\":\"ListItem\",\"position\":1,\"name\":\"Home\",\"item\":\"https:\/\/www.sunbeltcanada.com\/gatineau\/fr\/\"},{\"@type\":\"ListItem\",\"position\":2,\"name\":\"Vendre une entreprise\"}]},{\"@type\":\"WebSite\",\"@id\":\"https:\/\/www.sunbeltcanada.com\/gatineau\/fr\/#website\",\"url\":\"https:\/\/www.sunbeltcanada.com\/gatineau\/fr\/\",\"name\":\"Sunbelt Canada Gatineau\",\"description\":\"\",\"publisher\":{\"@id\":\"https:\/\/www.sunbeltcanada.com\/gatineau\/fr\/#organization\"},\"potentialAction\":[{\"@type\":\"SearchAction\",\"target\":{\"@type\":\"EntryPoint\",\"urlTemplate\":\"https:\/\/www.sunbeltcanada.com\/gatineau\/fr\/?s={search_term_string}\"},\"query-input\":{\"@type\":\"PropertyValueSpecification\",\"valueRequired\":true,\"valueName\":\"search_term_string\"}}],\"inLanguage\":\"fr-FR\"},{\"@type\":\"Organization\",\"@id\":\"https:\/\/www.sunbeltcanada.com\/gatineau\/fr\/#organization\",\"name\":\"Sunbelt Canada Gatineau\",\"url\":\"https:\/\/www.sunbeltcanada.com\/gatineau\/fr\/\",\"logo\":{\"@type\":\"ImageObject\",\"inLanguage\":\"fr-FR\",\"@id\":\"https:\/\/www.sunbeltcanada.com\/gatineau\/fr\/#\/schema\/logo\/image\/\",\"url\":\"https:\/\/www.sunbeltcanada.com\/gatineau\/wp-content\/uploads\/sites\/36\/2021\/07\/SunbeltGatineau.png\",\"contentUrl\":\"https:\/\/www.sunbeltcanada.com\/gatineau\/wp-content\/uploads\/sites\/36\/2021\/07\/SunbeltGatineau.png\",\"width\":1063,\"height\":422,\"caption\":\"Sunbelt Canada Gatineau\"},\"image\":{\"@id\":\"https:\/\/www.sunbeltcanada.com\/gatineau\/fr\/#\/schema\/logo\/image\/\"}}]}<\/script>\n<!-- \/ Yoast SEO plugin. -->","yoast_head_json":{"title":"Vendre une entreprise - Sunbelt Canada Gatineau","robots":{"index":"noindex","follow":"follow"},"og_locale":"fr_FR","og_type":"article","og_title":"Vendre une entreprise - Sunbelt Canada Gatineau","og_description":"[vc_row gap=\u00a0\u00bb35&Prime; css=\u00a0\u00bb.vc_custom_1621862540276{padding-top: 16px !important;padding-bottom: 16px !important;}\u00a0\u00bb][vc_column css_animation=\u00a0\u00bbnone\u00a0\u00bb width=\u00a0\u00bb1\/2&Prime;][vc_column_text] Est-ce le moment de vendre? Avez-vous d\u00e9j\u00e0 song\u00e9 \u00e0 vendre votre entreprise? Si oui, nous pouvons r\u00e9pondre \u00e0 plusieurs des questions relatives \u00e0 la vente de votre entreprise, que ce soit \u00e0 Gatineau ou dans l&rsquo;Est de l&rsquo;Ontario : Est-elle vendable? Quels sont les risques? Peut-elle rester priv\u00e9e? Quelle est la valeur de mon entreprise? Que dois-je faire pour obtenir la valeur maximale de mon entreprise? Existe-t-il des acheteurs pour mon entreprise? Appelez-nous. C\u2019est avec plaisir qu\u2019un de nos courtiers dans votre r\u00e9gion vous r\u00e9pondra. La vente de votre Entreprise se\u2026","og_url":"https:\/\/www.sunbeltcanada.com\/gatineau\/fr\/vendre-une-entreprise\/","og_site_name":"Sunbelt Canada Gatineau","article_modified_time":"2023-09-22T19:52:24+00:00","og_image":[{"width":1920,"height":500,"url":"https:\/\/www.sunbeltcanada.com\/gatineau\/wp-content\/uploads\/sites\/36\/2021\/02\/selling-a-business-header-min.jpg","type":"image\/jpeg"}],"twitter_card":"summary_large_image","twitter_misc":{"Dur\u00e9e de lecture estim\u00e9e":"3 minutes"},"schema":{"@context":"https:\/\/schema.org","@graph":[{"@type":"WebPage","@id":"https:\/\/www.sunbeltcanada.com\/gatineau\/fr\/vendre-une-entreprise\/","url":"https:\/\/www.sunbeltcanada.com\/gatineau\/fr\/vendre-une-entreprise\/","name":"Vendre une entreprise - Sunbelt Canada Gatineau","isPartOf":{"@id":"https:\/\/www.sunbeltcanada.com\/gatineau\/fr\/#website"},"primaryImageOfPage":{"@id":"https:\/\/www.sunbeltcanada.com\/gatineau\/fr\/vendre-une-entreprise\/#primaryimage"},"image":{"@id":"https:\/\/www.sunbeltcanada.com\/gatineau\/fr\/vendre-une-entreprise\/#primaryimage"},"thumbnailUrl":"https:\/\/www.sunbeltcanada.com\/gatineau\/wp-content\/uploads\/sites\/36\/2021\/02\/selling-a-business-header-min.jpg","datePublished":"2021-02-11T08:13:29+00:00","dateModified":"2023-09-22T19:52:24+00:00","breadcrumb":{"@id":"https:\/\/www.sunbeltcanada.com\/gatineau\/fr\/vendre-une-entreprise\/#breadcrumb"},"inLanguage":"fr-FR","potentialAction":[{"@type":"ReadAction","target":["https:\/\/www.sunbeltcanada.com\/gatineau\/fr\/vendre-une-entreprise\/"]}]},{"@type":"ImageObject","inLanguage":"fr-FR","@id":"https:\/\/www.sunbeltcanada.com\/gatineau\/fr\/vendre-une-entreprise\/#primaryimage","url":"https:\/\/www.sunbeltcanada.com\/gatineau\/wp-content\/uploads\/sites\/36\/2021\/02\/selling-a-business-header-min.jpg","contentUrl":"https:\/\/www.sunbeltcanada.com\/gatineau\/wp-content\/uploads\/sites\/36\/2021\/02\/selling-a-business-header-min.jpg","width":1920,"height":500},{"@type":"BreadcrumbList","@id":"https:\/\/www.sunbeltcanada.com\/gatineau\/fr\/vendre-une-entreprise\/#breadcrumb","itemListElement":[{"@type":"ListItem","position":1,"name":"Home","item":"https:\/\/www.sunbeltcanada.com\/gatineau\/fr\/"},{"@type":"ListItem","position":2,"name":"Vendre une entreprise"}]},{"@type":"WebSite","@id":"https:\/\/www.sunbeltcanada.com\/gatineau\/fr\/#website","url":"https:\/\/www.sunbeltcanada.com\/gatineau\/fr\/","name":"Sunbelt Canada Gatineau","description":"","publisher":{"@id":"https:\/\/www.sunbeltcanada.com\/gatineau\/fr\/#organization"},"potentialAction":[{"@type":"SearchAction","target":{"@type":"EntryPoint","urlTemplate":"https:\/\/www.sunbeltcanada.com\/gatineau\/fr\/?s={search_term_string}"},"query-input":{"@type":"PropertyValueSpecification","valueRequired":true,"valueName":"search_term_string"}}],"inLanguage":"fr-FR"},{"@type":"Organization","@id":"https:\/\/www.sunbeltcanada.com\/gatineau\/fr\/#organization","name":"Sunbelt Canada Gatineau","url":"https:\/\/www.sunbeltcanada.com\/gatineau\/fr\/","logo":{"@type":"ImageObject","inLanguage":"fr-FR","@id":"https:\/\/www.sunbeltcanada.com\/gatineau\/fr\/#\/schema\/logo\/image\/","url":"https:\/\/www.sunbeltcanada.com\/gatineau\/wp-content\/uploads\/sites\/36\/2021\/07\/SunbeltGatineau.png","contentUrl":"https:\/\/www.sunbeltcanada.com\/gatineau\/wp-content\/uploads\/sites\/36\/2021\/07\/SunbeltGatineau.png","width":1063,"height":422,"caption":"Sunbelt Canada Gatineau"},"image":{"@id":"https:\/\/www.sunbeltcanada.com\/gatineau\/fr\/#\/schema\/logo\/image\/"}}]}},"_links":{"self":[{"href":"https:\/\/www.sunbeltcanada.com\/gatineau\/fr\/wp-json\/wp\/v2\/pages\/1548","targetHints":{"allow":["GET"]}}],"collection":[{"href":"https:\/\/www.sunbeltcanada.com\/gatineau\/fr\/wp-json\/wp\/v2\/pages"}],"about":[{"href":"https:\/\/www.sunbeltcanada.com\/gatineau\/fr\/wp-json\/wp\/v2\/types\/page"}],"author":[{"embeddable":true,"href":"https:\/\/www.sunbeltcanada.com\/gatineau\/fr\/wp-json\/wp\/v2\/users\/6"}],"replies":[{"embeddable":true,"href":"https:\/\/www.sunbeltcanada.com\/gatineau\/fr\/wp-json\/wp\/v2\/comments?post=1548"}],"version-history":[{"count":0,"href":"https:\/\/www.sunbeltcanada.com\/gatineau\/fr\/wp-json\/wp\/v2\/pages\/1548\/revisions"}],"wp:featuredmedia":[{"embeddable":true,"href":"https:\/\/www.sunbeltcanada.com\/gatineau\/fr\/wp-json\/wp\/v2\/media\/1556"}],"wp:attachment":[{"href":"https:\/\/www.sunbeltcanada.com\/gatineau\/fr\/wp-json\/wp\/v2\/media?parent=1548"}],"curies":[{"name":"wp","href":"https:\/\/api.w.org\/{rel}","templated":true}]}}