{"id":1877,"date":"2021-02-15T14:32:51","date_gmt":"2021-02-15T14:32:51","guid":{"rendered":"https:\/\/www.sunbeltcanada.com\/laurentians-laurentides\/?page_id=1877"},"modified":"2021-07-23T09:35:09","modified_gmt":"2021-07-23T09:35:09","slug":"a-propos","status":"publish","type":"page","link":"https:\/\/www.sunbeltcanada.com\/laurentians-laurentides\/fr\/a-propos\/","title":{"rendered":"A Propos"},"content":{"rendered":"<div class=\"wpb-content-wrapper\">[vc_row][vc_column width=\u00a0\u00bb1\/2&Prime;][vc_column_text]\n<h2>Comment Pouvons-Nous Vous Aider?<\/h2>\n<p>Notre objectif \u00e0 Sunbelt \u2013 Laurentians est d&rsquo;aider le plus grand nombre de personnes possible \u00e0 atteindre leurs objectifs.<\/p>\n<p>Si vous pr\u00e9voyez vendre votre entreprise, si vous planifiez votre retraite de l\u2019entreprise ou si vous avez besoin de comprendre la valeur de votre entreprise, nous vous invitons \u00e0 nous appeler pour organiser une consultation gratuite, confidentielle et sans obligation.<\/p>\n<p>Si vous envisagez de devenir propri\u00e9taire d&rsquo;une entreprise comme moyen d&rsquo;enrichissement et de soutien familial ou si vous souhaitez d\u00e9velopper votre entreprise existante par le biais d&rsquo;une acquisition, sachez que plus de 98 % de nos clients ont r\u00e9ussi avec l&rsquo;entreprise qu&rsquo;ils ont achet\u00e9e par l&rsquo;interm\u00e9diaire de Sunbelt.[\/vc_column_text][\/vc_column][vc_column width=\u00a0\u00bb1\/2&Prime;][vc_single_image image=\u00a0\u00bb1883&Prime; img_size=\u00a0\u00bbfull\u00a0\u00bb style=\u00a0\u00bbvc_box_rounded\u00a0\u00bb][\/vc_column][\/vc_row][vc_row][vc_column][vc_column_text]Nous sommes membres de Sunbelt Canada, qui a vu le jour \u00e0 Laurentians en 2001. Nous sommes rapidement devenus les plus importants courtiers d\u2019entreprise gr\u00e2ce \u00e0 nos nombreux bureaux \u00e0 travers le Canada. Pendant plus de 13 ann\u00e9es, nous avons remport\u00e9 le prix du Choix des consommateurs. Nos services sup\u00e9rieurs et notre syst\u00e8me \u00e9prouv\u00e9 fournis par des courtiers et des analystes professionnels sont \u00e0 votre port\u00e9e. Notre r\u00e9seau de pr\u00eateurs, d&rsquo;avocats, de comptables, de planificateurs de patrimoine, de professionnels de l&rsquo;assurance et de conseillers en affaires est \u00e0 votre disposition.<\/p>\n<p>De plus, en tant que membre du r\u00e9seau Sunbelt, la plus grande firme de courtiers d\u2019entreprise pour les march\u00e9s des petites et des moyennes entreprises au monde, nous avons acc\u00e8s \u00e0 de vastes r\u00e9seaux internationaux.<\/p>\n<p>Comment pouvons-nous vous aider? Nos courtiers sont des professionnels amicaux et comp\u00e9tents qui vous rencontreront sans obligation et en toute confidentialit\u00e9. Vous obtiendrez un encadrement sup\u00e9rieur et les meilleurs conseils possibles.[\/vc_column_text][\/vc_column][\/vc_row][vc_row full_width=\u00a0\u00bbstretch_row\u00a0\u00bb css=\u00a0\u00bb.vc_custom_1621849840585{background-color: #f9f9f9 !important;}\u00a0\u00bb][vc_column][vc_column_text]\n<h3 style=\"text-align: center;\">Nos services<\/h3>\n<p>Vous cherchez un courtier d\u2019entreprise de confiance \u00e0 Laurentians? Que ce soit pour vendre ou acheter une entreprise \u00e0 Laurentians, nous sommes \u00e0 votre service. Nous couvrons une vaste gamme de petites et de moyennes entreprises saines \u00e0 vendre. Nos courtiers sont des experts du march\u00e9 \u00e0 Laurentians et dans l&rsquo;Est de l&rsquo;Ontario. Ils sont pr\u00eats \u00e0 vous accompagner pour assurer une transaction r\u00e9ussie.[\/vc_column_text][vc_row_inner gap=\u00a0\u00bb35&Prime;][vc_column_inner width=\u00a0\u00bb1\/3&Prime;][vc_single_image image=\u00a0\u00bb1915&Prime; img_size=\u00a0\u00bbfull\u00a0\u00bb style=\u00a0\u00bbvc_box_rounded\u00a0\u00bb][vc_column_text]\n<h4 style=\"text-align: center;\">Vendre une Entreprise<\/h4>\n<p style=\"text-align: center;\">Avez-vous d\u00e9j\u00e0 song\u00e9 \u00e0 vendre votre entreprise? Si oui, nous pouvons r\u00e9pondre \u00e0 plusieurs des questions relatives \u00e0 la vente de votre entreprise, que ce soit \u00e0 Laurentians ou dans l&rsquo;Est de l&rsquo;Ontario:<\/p>\n<p style=\"text-align: center;\">Est-elle vendable? Quels sont les risques? Peut-elle rester priv\u00e9e? Quelle est la valeur de mon entreprise? Que dois-je faire pour obtenir la valeur maximale de mon entreprise? Existe-t-il des acheteurs pour mon entreprise?<\/p>\n<p style=\"text-align: center;\">Appelez-nous pour obtenir des r\u00e9ponses \u00e0 vos questions.[\/vc_column_text][vc_btn title=\u00a0\u00bbEn Savoir Plus\u00a0\u00bb style=\u00a0\u00bboutline-custom\u00a0\u00bb outline_custom_color=\u00a0\u00bb#336699&Prime; outline_custom_hover_background=\u00a0\u00bb#336699&Prime; outline_custom_hover_text=\u00a0\u00bb#ffffff\u00a0\u00bb align=\u00a0\u00bbcenter\u00a0\u00bb i_align=\u00a0\u00bbright\u00a0\u00bb i_icon_fontawesome=\u00a0\u00bbfas fa-angle-double-right\u00a0\u00bb add_icon=\u00a0\u00bbtrue\u00a0\u00bb link=\u00a0\u00bburl:%2Flaurentians-laurentides%2Ffr%2Fvendre-une-entreprise%2F\u00a0\u00bb][\/vc_column_inner][vc_column_inner width=\u00a0\u00bb1\/3&Prime;][vc_single_image image=\u00a0\u00bb1919&Prime; img_size=\u00a0\u00bbfull\u00a0\u00bb style=\u00a0\u00bbvc_box_rounded\u00a0\u00bb][vc_column_text]\n<h4 style=\"text-align: center;\">Acheter une Entreprise<\/h4>\n<p style=\"text-align: center;\">Que ce soit la premi\u00e8re entreprise que vous achetiez ou que vous soyez un acheteur chevronn\u00e9, nous avons un r\u00e9pertoire d\u2019excellentes entreprises \u00e0 vendre \u00e0 vous proposer. De plus, nous fournissons tous les renseignements n\u00e9cessaires \u00e0 l\u2019acheteur s\u00e9rieux. Consultez l\u2019option Entreprises \u00e0 vendre pour voir les entreprises \u00e0 vendre ou d\u00e9couvrez Comment acheter une entreprise gr\u00e2ce \u00e0 nos articles utiles et \u00e0 notre livre gratuit. Peu importe la taille de l&rsquo;entreprise que vous cherchez \u00e0 acqu\u00e9rir, nos courtiers ont l&rsquo;expertise, les ressources et les relations n\u00e9cessaires pour vous accompagner lors de l\u2019achat d\u2019une entreprise \u00e0 Laurentians.<\/p>\n[\/vc_column_text][vc_btn title=\u00a0\u00bbEn Savoir Plus\u00a0\u00bb style=\u00a0\u00bboutline-custom\u00a0\u00bb outline_custom_color=\u00a0\u00bb#336699&Prime; outline_custom_hover_background=\u00a0\u00bb#336699&Prime; outline_custom_hover_text=\u00a0\u00bb#ffffff\u00a0\u00bb align=\u00a0\u00bbcenter\u00a0\u00bb i_align=\u00a0\u00bbright\u00a0\u00bb i_icon_fontawesome=\u00a0\u00bbfas fa-angle-double-right\u00a0\u00bb add_icon=\u00a0\u00bbtrue\u00a0\u00bb link=\u00a0\u00bburl:%2Flaurentians-laurentides%2Ffr%2Facheter-une-entreprise%2F\u00a0\u00bb][\/vc_column_inner][vc_column_inner width=\u00a0\u00bb1\/3&Prime;][vc_single_image image=\u00a0\u00bb1917&Prime; img_size=\u00a0\u00bbfull\u00a0\u00bb style=\u00a0\u00bbvc_box_rounded\u00a0\u00bb][vc_column_text]\n<h4 style=\"text-align: center;\">\u00c9valuation D\u2019entreprise<\/h4>\n<p style=\"text-align: center;\">Une \u00e9valuation d&rsquo;entreprise peut vous aider \u00e0 comprendre la valeur actuelle de votre entreprise et \u00e0 d\u00e9couvrir ce que vous pourriez faire pour l&rsquo;am\u00e9liorer. Si vous envisagez de vendre votre entreprise au cours des cinq prochaines ann\u00e9es, pourquoi ne pas la faire \u00e9valuer? Gr\u00e2ce \u00e0 l\u2019\u00e9valuation, vous obtiendrez des donn\u00e9es qui vous permettront d\u2019interpr\u00e9ter et d\u2019accro\u00eetre la valeur de votre entreprise dans la r\u00e9gion d&rsquo;Laurentians.<\/p>\n<p style=\"text-align: center;\">Appelez-nous pour obtenir une \u00e9valuation d\u2019entreprise dans la r\u00e9gion d\u2019Laurentians.<\/p>\n[\/vc_column_text][vc_btn title=\u00a0\u00bbEn Savoir Plus\u00a0\u00bb style=\u00a0\u00bboutline-custom\u00a0\u00bb outline_custom_color=\u00a0\u00bb#336699&Prime; outline_custom_hover_background=\u00a0\u00bb#336699&Prime; outline_custom_hover_text=\u00a0\u00bb#ffffff\u00a0\u00bb align=\u00a0\u00bbcenter\u00a0\u00bb i_align=\u00a0\u00bbright\u00a0\u00bb i_icon_fontawesome=\u00a0\u00bbfas fa-angle-double-right\u00a0\u00bb add_icon=\u00a0\u00bbtrue\u00a0\u00bb link=\u00a0\u00bburl:%2Flaurentians-laurentides%2Ffr%2Fentreprises-a-vendre%2F\u00a0\u00bb][\/vc_column_inner][\/vc_row_inner][\/vc_column][\/vc_row][vc_row full_width=\u00a0\u00bbstretch_row\u00a0\u00bb gap=\u00a0\u00bb35&Prime; equal_height=\u00a0\u00bbyes\u00a0\u00bb content_placement=\u00a0\u00bbmiddle\u00a0\u00bb css=\u00a0\u00bb.vc_custom_1613467665910{margin-bottom: -40px !important;}\u00a0\u00bb][vc_column width=\u00a0\u00bb2\/5&Prime;][vc_column_text njt-role=\u00a0\u00bb\u00a0\u00bb]\n<h2>Entreprises \u00e0 vendre \u00e0 Laurentians<\/h2>\n[\/vc_column_text][vc_column_text]Voir les entreprises \u00e0 vendre \u00e0 Laurentians ou \u00e9largir votre recherche pour voir les entreprises \u00e0 vendre au Canada \u00e0 partir du lien ci-dessous.[\/vc_column_text][vc_btn title=\u00a0\u00bbEntreprises \u00e0 Vendre\u00a0\u00bb style=\u00a0\u00bboutline-custom\u00a0\u00bb outline_custom_color=\u00a0\u00bb#336699&Prime; outline_custom_hover_background=\u00a0\u00bb#336699&Prime; outline_custom_hover_text=\u00a0\u00bb#ffffff\u00a0\u00bb align=\u00a0\u00bbleft\u00a0\u00bb i_align=\u00a0\u00bbright\u00a0\u00bb i_icon_fontawesome=\u00a0\u00bbfas fa-angle-double-right\u00a0\u00bb add_icon=\u00a0\u00bbtrue\u00a0\u00bb link=\u00a0\u00bburl:%2Flaurentians-laurentides%2Ffr%2Fentreprises-a-vendre%2F\u00a0\u00bb][\/vc_column][vc_column width=\u00a0\u00bb3\/5&Prime;][vc_column_text]\n\n\n<div id=\"wpv-view-layout-2638\" class=\"js-wpv-view-layout js-wpv-layout-responsive js-wpv-view-layout-2638\" data-viewnumber=\"2638\" data-pagination=\"{&quot;id&quot;:2638,&quot;query&quot;:&quot;normal&quot;,&quot;type&quot;:&quot;disabled&quot;,&quot;effect&quot;:&quot;fade&quot;,&quot;duration&quot;:500,&quot;speed&quot;:8,&quot;pause_on_hover&quot;:&quot;enabled&quot;,&quot;stop_rollover&quot;:&quot;false&quot;,&quot;cache_pages&quot;:&quot;enabled&quot;,&quot;preload_images&quot;:&quot;enabled&quot;,&quot;preload_pages&quot;:&quot;enabled&quot;,&quot;preload_reach&quot;:19,&quot;spinner&quot;:&quot;builtin&quot;,&quot;spinner_image&quot;:&quot;&quot;,&quot;callback_next&quot;:&quot;&quot;,&quot;manage_history&quot;:&quot;enabled&quot;,&quot;has_controls_in_form&quot;:&quot;disabled&quot;,&quot;infinite_tolerance&quot;:0,&quot;max_pages&quot;:1,&quot;page&quot;:1,&quot;base_permalink&quot;:&quot;\/laurentians-laurentides\/fr\/wp-json\/wp\/v2\/pages\/1877?wpv_view_count=2638&amp;wpv_paged=WPV_PAGE_NUM&quot;,&quot;loop&quot;:{&quot;type&quot;:&quot;&quot;,&quot;name&quot;:&quot;&quot;,&quot;data&quot;:[],&quot;id&quot;:0}}\" data-permalink=\"\/laurentians-laurentides\/fr\/wp-json\/wp\/v2\/pages\/1877?wpv_view_count=2638\">\n\n\t\n\t\n\t\t<strong>No items found<\/strong>\n\t\n<\/div>\n[\/vc_column_text][\/vc_column][\/vc_row]\n<\/div>","protected":false},"excerpt":{"rendered":"<p>[vc_row][vc_column width=\u00a0\u00bb1\/2&Prime;][vc_column_text] Comment Pouvons-Nous Vous Aider? Notre objectif \u00e0 Sunbelt \u2013 Laurentians est d&rsquo;aider le plus grand nombre de personnes possible \u00e0 atteindre leurs objectifs. Si vous pr\u00e9voyez vendre votre entreprise, si vous planifiez votre retraite de l\u2019entreprise ou si vous avez besoin de comprendre la valeur de votre entreprise, nous vous invitons \u00e0 nous appeler pour organiser une consultation gratuite, confidentielle et sans obligation. Si vous envisagez de devenir propri\u00e9taire d&rsquo;une entreprise comme moyen d&rsquo;enrichissement et de soutien familial ou si vous souhaitez d\u00e9velopper votre entreprise existante par le biais d&rsquo;une acquisition, sachez que plus de 98 % de\u2026<\/p>\n","protected":false},"author":6,"featured_media":1876,"parent":0,"menu_order":0,"comment_status":"closed","ping_status":"closed","template":"","meta":{"_monsterinsights_skip_tracking":false,"_monsterinsights_sitenote_active":false,"_monsterinsights_sitenote_note":"","_monsterinsights_sitenote_category":0,"footnotes":""},"class_list":["post-1877","page","type-page","status-publish","has-post-thumbnail","hentry"],"blocksy_meta":"","yoast_head":"<!-- This site is optimized with the Yoast SEO plugin v25.9 - https:\/\/yoast.com\/wordpress\/plugins\/seo\/ -->\n<title>A Propos - Sunbelt Canada Laurentians<\/title>\n<meta name=\"robots\" content=\"index, follow, max-snippet:-1, max-image-preview:large, max-video-preview:-1\" \/>\n<link rel=\"canonical\" href=\"https:\/\/www.sunbeltcanada.com\/laurentians-laurentides\/fr\/a-propos\/\" \/>\n<meta property=\"og:locale\" content=\"fr_FR\" \/>\n<meta property=\"og:type\" content=\"article\" \/>\n<meta property=\"og:title\" content=\"A Propos - Sunbelt Canada Laurentians\" \/>\n<meta property=\"og:description\" content=\"[vc_row][vc_column width=\u00a0\u00bb1\/2&Prime;][vc_column_text] Comment Pouvons-Nous Vous Aider? Notre objectif \u00e0 Sunbelt \u2013 Laurentians est d&rsquo;aider le plus grand nombre de personnes possible \u00e0 atteindre leurs objectifs. Si vous pr\u00e9voyez vendre votre entreprise, si vous planifiez votre retraite de l\u2019entreprise ou si vous avez besoin de comprendre la valeur de votre entreprise, nous vous invitons \u00e0 nous appeler pour organiser une consultation gratuite, confidentielle et sans obligation. Si vous envisagez de devenir propri\u00e9taire d&rsquo;une entreprise comme moyen d&rsquo;enrichissement et de soutien familial ou si vous souhaitez d\u00e9velopper votre entreprise existante par le biais d&rsquo;une acquisition, sachez que plus de 98 % de\u2026\" \/>\n<meta property=\"og:url\" content=\"https:\/\/www.sunbeltcanada.com\/laurentians-laurentides\/fr\/a-propos\/\" \/>\n<meta property=\"og:site_name\" content=\"Sunbelt Canada Laurentians\" \/>\n<meta property=\"article:publisher\" content=\"https:\/\/www.facebook.com\/sunbeltcanada\/\" \/>\n<meta property=\"article:modified_time\" content=\"2021-07-23T09:35:09+00:00\" \/>\n<meta property=\"og:image\" content=\"https:\/\/www.sunbeltcanada.com\/laurentians-laurentides\/wp-content\/uploads\/sites\/40\/2021\/02\/aboutus-header-min.jpg\" \/>\n\t<meta property=\"og:image:width\" content=\"1920\" \/>\n\t<meta property=\"og:image:height\" content=\"500\" \/>\n\t<meta property=\"og:image:type\" content=\"image\/jpeg\" \/>\n<meta name=\"twitter:card\" content=\"summary_large_image\" \/>\n<meta name=\"twitter:site\" content=\"@sunbeltcanada\" \/>\n<meta name=\"twitter:label1\" content=\"Dur\u00e9e de lecture estim\u00e9e\" \/>\n\t<meta name=\"twitter:data1\" content=\"5 minutes\" \/>\n<script type=\"application\/ld+json\" class=\"yoast-schema-graph\">{\"@context\":\"https:\/\/schema.org\",\"@graph\":[{\"@type\":\"WebPage\",\"@id\":\"https:\/\/www.sunbeltcanada.com\/laurentians-laurentides\/fr\/a-propos\/\",\"url\":\"https:\/\/www.sunbeltcanada.com\/laurentians-laurentides\/fr\/a-propos\/\",\"name\":\"A Propos - Sunbelt Canada Laurentians\",\"isPartOf\":{\"@id\":\"https:\/\/www.sunbeltcanada.com\/laurentians-laurentides\/fr\/#website\"},\"primaryImageOfPage\":{\"@id\":\"https:\/\/www.sunbeltcanada.com\/laurentians-laurentides\/fr\/a-propos\/#primaryimage\"},\"image\":{\"@id\":\"https:\/\/www.sunbeltcanada.com\/laurentians-laurentides\/fr\/a-propos\/#primaryimage\"},\"thumbnailUrl\":\"https:\/\/www.sunbeltcanada.com\/laurentians-laurentides\/wp-content\/uploads\/sites\/40\/2021\/02\/aboutus-header-min.jpg\",\"datePublished\":\"2021-02-15T14:32:51+00:00\",\"dateModified\":\"2021-07-23T09:35:09+00:00\",\"breadcrumb\":{\"@id\":\"https:\/\/www.sunbeltcanada.com\/laurentians-laurentides\/fr\/a-propos\/#breadcrumb\"},\"inLanguage\":\"fr-FR\",\"potentialAction\":[{\"@type\":\"ReadAction\",\"target\":[\"https:\/\/www.sunbeltcanada.com\/laurentians-laurentides\/fr\/a-propos\/\"]}]},{\"@type\":\"ImageObject\",\"inLanguage\":\"fr-FR\",\"@id\":\"https:\/\/www.sunbeltcanada.com\/laurentians-laurentides\/fr\/a-propos\/#primaryimage\",\"url\":\"https:\/\/www.sunbeltcanada.com\/laurentians-laurentides\/wp-content\/uploads\/sites\/40\/2021\/02\/aboutus-header-min.jpg\",\"contentUrl\":\"https:\/\/www.sunbeltcanada.com\/laurentians-laurentides\/wp-content\/uploads\/sites\/40\/2021\/02\/aboutus-header-min.jpg\",\"width\":1920,\"height\":500},{\"@type\":\"BreadcrumbList\",\"@id\":\"https:\/\/www.sunbeltcanada.com\/laurentians-laurentides\/fr\/a-propos\/#breadcrumb\",\"itemListElement\":[{\"@type\":\"ListItem\",\"position\":1,\"name\":\"Home\",\"item\":\"https:\/\/www.sunbeltcanada.com\/laurentians-laurentides\/fr\/\"},{\"@type\":\"ListItem\",\"position\":2,\"name\":\"A Propos\"}]},{\"@type\":\"WebSite\",\"@id\":\"https:\/\/www.sunbeltcanada.com\/laurentians-laurentides\/fr\/#website\",\"url\":\"https:\/\/www.sunbeltcanada.com\/laurentians-laurentides\/fr\/\",\"name\":\"Sunbelt Canada Laurentians\",\"description\":\"\",\"publisher\":{\"@id\":\"https:\/\/www.sunbeltcanada.com\/laurentians-laurentides\/fr\/#organization\"},\"potentialAction\":[{\"@type\":\"SearchAction\",\"target\":{\"@type\":\"EntryPoint\",\"urlTemplate\":\"https:\/\/www.sunbeltcanada.com\/laurentians-laurentides\/fr\/?s={search_term_string}\"},\"query-input\":{\"@type\":\"PropertyValueSpecification\",\"valueRequired\":true,\"valueName\":\"search_term_string\"}}],\"inLanguage\":\"fr-FR\"},{\"@type\":\"Organization\",\"@id\":\"https:\/\/www.sunbeltcanada.com\/laurentians-laurentides\/fr\/#organization\",\"name\":\"Sunbelt Canada Laurentians\",\"url\":\"https:\/\/www.sunbeltcanada.com\/laurentians-laurentides\/fr\/\",\"logo\":{\"@type\":\"ImageObject\",\"inLanguage\":\"fr-FR\",\"@id\":\"https:\/\/www.sunbeltcanada.com\/laurentians-laurentides\/fr\/#\/schema\/logo\/image\/\",\"url\":\"https:\/\/www.sunbeltcanada.com\/laurentians-laurentides\/wp-content\/uploads\/sites\/40\/2021\/07\/SunbeltLaurentians.png\",\"contentUrl\":\"https:\/\/www.sunbeltcanada.com\/laurentians-laurentides\/wp-content\/uploads\/sites\/40\/2021\/07\/SunbeltLaurentians.png\",\"width\":1063,\"height\":422,\"caption\":\"Sunbelt Canada Laurentians\"},\"image\":{\"@id\":\"https:\/\/www.sunbeltcanada.com\/laurentians-laurentides\/fr\/#\/schema\/logo\/image\/\"},\"sameAs\":[\"https:\/\/www.facebook.com\/sunbeltcanada\/\",\"https:\/\/x.com\/sunbeltcanada\",\"https:\/\/www.linkedin.com\/company\/sunbelt-business-brokers-canada\/\"]}]}<\/script>\n<!-- \/ Yoast SEO plugin. -->","yoast_head_json":{"title":"A Propos - Sunbelt Canada Laurentians","robots":{"index":"index","follow":"follow","max-snippet":"max-snippet:-1","max-image-preview":"max-image-preview:large","max-video-preview":"max-video-preview:-1"},"canonical":"https:\/\/www.sunbeltcanada.com\/laurentians-laurentides\/fr\/a-propos\/","og_locale":"fr_FR","og_type":"article","og_title":"A Propos - Sunbelt Canada Laurentians","og_description":"[vc_row][vc_column width=\u00a0\u00bb1\/2&Prime;][vc_column_text] Comment Pouvons-Nous Vous Aider? Notre objectif \u00e0 Sunbelt \u2013 Laurentians est d&rsquo;aider le plus grand nombre de personnes possible \u00e0 atteindre leurs objectifs. Si vous pr\u00e9voyez vendre votre entreprise, si vous planifiez votre retraite de l\u2019entreprise ou si vous avez besoin de comprendre la valeur de votre entreprise, nous vous invitons \u00e0 nous appeler pour organiser une consultation gratuite, confidentielle et sans obligation. Si vous envisagez de devenir propri\u00e9taire d&rsquo;une entreprise comme moyen d&rsquo;enrichissement et de soutien familial ou si vous souhaitez d\u00e9velopper votre entreprise existante par le biais d&rsquo;une acquisition, sachez que plus de 98 % de\u2026","og_url":"https:\/\/www.sunbeltcanada.com\/laurentians-laurentides\/fr\/a-propos\/","og_site_name":"Sunbelt Canada Laurentians","article_publisher":"https:\/\/www.facebook.com\/sunbeltcanada\/","article_modified_time":"2021-07-23T09:35:09+00:00","og_image":[{"width":1920,"height":500,"url":"https:\/\/www.sunbeltcanada.com\/laurentians-laurentides\/wp-content\/uploads\/sites\/40\/2021\/02\/aboutus-header-min.jpg","type":"image\/jpeg"}],"twitter_card":"summary_large_image","twitter_site":"@sunbeltcanada","twitter_misc":{"Dur\u00e9e de lecture estim\u00e9e":"5 minutes"},"schema":{"@context":"https:\/\/schema.org","@graph":[{"@type":"WebPage","@id":"https:\/\/www.sunbeltcanada.com\/laurentians-laurentides\/fr\/a-propos\/","url":"https:\/\/www.sunbeltcanada.com\/laurentians-laurentides\/fr\/a-propos\/","name":"A Propos - Sunbelt Canada Laurentians","isPartOf":{"@id":"https:\/\/www.sunbeltcanada.com\/laurentians-laurentides\/fr\/#website"},"primaryImageOfPage":{"@id":"https:\/\/www.sunbeltcanada.com\/laurentians-laurentides\/fr\/a-propos\/#primaryimage"},"image":{"@id":"https:\/\/www.sunbeltcanada.com\/laurentians-laurentides\/fr\/a-propos\/#primaryimage"},"thumbnailUrl":"https:\/\/www.sunbeltcanada.com\/laurentians-laurentides\/wp-content\/uploads\/sites\/40\/2021\/02\/aboutus-header-min.jpg","datePublished":"2021-02-15T14:32:51+00:00","dateModified":"2021-07-23T09:35:09+00:00","breadcrumb":{"@id":"https:\/\/www.sunbeltcanada.com\/laurentians-laurentides\/fr\/a-propos\/#breadcrumb"},"inLanguage":"fr-FR","potentialAction":[{"@type":"ReadAction","target":["https:\/\/www.sunbeltcanada.com\/laurentians-laurentides\/fr\/a-propos\/"]}]},{"@type":"ImageObject","inLanguage":"fr-FR","@id":"https:\/\/www.sunbeltcanada.com\/laurentians-laurentides\/fr\/a-propos\/#primaryimage","url":"https:\/\/www.sunbeltcanada.com\/laurentians-laurentides\/wp-content\/uploads\/sites\/40\/2021\/02\/aboutus-header-min.jpg","contentUrl":"https:\/\/www.sunbeltcanada.com\/laurentians-laurentides\/wp-content\/uploads\/sites\/40\/2021\/02\/aboutus-header-min.jpg","width":1920,"height":500},{"@type":"BreadcrumbList","@id":"https:\/\/www.sunbeltcanada.com\/laurentians-laurentides\/fr\/a-propos\/#breadcrumb","itemListElement":[{"@type":"ListItem","position":1,"name":"Home","item":"https:\/\/www.sunbeltcanada.com\/laurentians-laurentides\/fr\/"},{"@type":"ListItem","position":2,"name":"A Propos"}]},{"@type":"WebSite","@id":"https:\/\/www.sunbeltcanada.com\/laurentians-laurentides\/fr\/#website","url":"https:\/\/www.sunbeltcanada.com\/laurentians-laurentides\/fr\/","name":"Sunbelt Canada Laurentians","description":"","publisher":{"@id":"https:\/\/www.sunbeltcanada.com\/laurentians-laurentides\/fr\/#organization"},"potentialAction":[{"@type":"SearchAction","target":{"@type":"EntryPoint","urlTemplate":"https:\/\/www.sunbeltcanada.com\/laurentians-laurentides\/fr\/?s={search_term_string}"},"query-input":{"@type":"PropertyValueSpecification","valueRequired":true,"valueName":"search_term_string"}}],"inLanguage":"fr-FR"},{"@type":"Organization","@id":"https:\/\/www.sunbeltcanada.com\/laurentians-laurentides\/fr\/#organization","name":"Sunbelt Canada Laurentians","url":"https:\/\/www.sunbeltcanada.com\/laurentians-laurentides\/fr\/","logo":{"@type":"ImageObject","inLanguage":"fr-FR","@id":"https:\/\/www.sunbeltcanada.com\/laurentians-laurentides\/fr\/#\/schema\/logo\/image\/","url":"https:\/\/www.sunbeltcanada.com\/laurentians-laurentides\/wp-content\/uploads\/sites\/40\/2021\/07\/SunbeltLaurentians.png","contentUrl":"https:\/\/www.sunbeltcanada.com\/laurentians-laurentides\/wp-content\/uploads\/sites\/40\/2021\/07\/SunbeltLaurentians.png","width":1063,"height":422,"caption":"Sunbelt Canada Laurentians"},"image":{"@id":"https:\/\/www.sunbeltcanada.com\/laurentians-laurentides\/fr\/#\/schema\/logo\/image\/"},"sameAs":["https:\/\/www.facebook.com\/sunbeltcanada\/","https:\/\/x.com\/sunbeltcanada","https:\/\/www.linkedin.com\/company\/sunbelt-business-brokers-canada\/"]}]}},"_links":{"self":[{"href":"https:\/\/www.sunbeltcanada.com\/laurentians-laurentides\/fr\/wp-json\/wp\/v2\/pages\/1877","targetHints":{"allow":["GET"]}}],"collection":[{"href":"https:\/\/www.sunbeltcanada.com\/laurentians-laurentides\/fr\/wp-json\/wp\/v2\/pages"}],"about":[{"href":"https:\/\/www.sunbeltcanada.com\/laurentians-laurentides\/fr\/wp-json\/wp\/v2\/types\/page"}],"author":[{"embeddable":true,"href":"https:\/\/www.sunbeltcanada.com\/laurentians-laurentides\/fr\/wp-json\/wp\/v2\/users\/6"}],"replies":[{"embeddable":true,"href":"https:\/\/www.sunbeltcanada.com\/laurentians-laurentides\/fr\/wp-json\/wp\/v2\/comments?post=1877"}],"version-history":[{"count":0,"href":"https:\/\/www.sunbeltcanada.com\/laurentians-laurentides\/fr\/wp-json\/wp\/v2\/pages\/1877\/revisions"}],"wp:featuredmedia":[{"embeddable":true,"href":"https:\/\/www.sunbeltcanada.com\/laurentians-laurentides\/fr\/wp-json\/wp\/v2\/media\/1876"}],"wp:attachment":[{"href":"https:\/\/www.sunbeltcanada.com\/laurentians-laurentides\/fr\/wp-json\/wp\/v2\/media?parent=1877"}],"curies":[{"name":"wp","href":"https:\/\/api.w.org\/{rel}","templated":true}]}}