{"id":1513,"date":"2021-02-10T13:53:41","date_gmt":"2021-02-10T13:53:41","guid":{"rendered":"https:\/\/www.sunbeltcanada.com\/laval\/?page_id=1513"},"modified":"2023-09-22T17:17:27","modified_gmt":"2023-09-22T17:17:27","slug":"acheter-une-entreprise","status":"publish","type":"page","link":"https:\/\/www.sunbeltcanada.com\/laval\/fr\/acheter-une-entreprise\/","title":{"rendered":"Acheter une entreprise"},"content":{"rendered":"<div class=\"wpb-content-wrapper\">[vc_row full_width=\u00a0\u00bbstretch_row\u00a0\u00bb gap=\u00a0\u00bb35&Prime; css=\u00a0\u00bb.vc_custom_1621858529294{margin-top: -40px !important;background-color: #f9f9f9 !important;}\u00a0\u00bb][vc_column width=\u00a0\u00bb1\/2&Prime; offset=\u00a0\u00bbvc_hidden-sm vc_hidden-xs\u00a0\u00bb][vc_single_image image=\u00a0\u00bb1517&Prime; img_size=\u00a0\u00bbfull\u00a0\u00bb style=\u00a0\u00bbvc_box_rounded\u00a0\u00bb][\/vc_column][vc_column css_animation=\u00a0\u00bbnone\u00a0\u00bb width=\u00a0\u00bb1\/2&Prime;][vc_column_text css=\u00a0\u00bb.vc_custom_1620406899485{margin-top: 0px !important;padding-top: 0px !important;}\u00a0\u00bb]\n<h2>Achetez une entreprise qui vous convient!<\/h2>\n<p>Vous songez \u00e0 acheter une entreprise \u00e0 Laval ou dans l&rsquo;Est de l&rsquo;Ontario? Ne cherchez pas plus loin.<\/p>\n<p>Sunbelt Canada poss\u00e8de un vaste r\u00e9pertoire d\u2019entreprises \u00e0 vendre, autant des petites que des moyennes entreprises, dans la r\u00e9gion d\u2019Laval et partout au Canada.<\/p>\n<p>Si vous \u00eates un nouvel acheteur, nous vous fournirons des conseils et les directives n\u00e9cessaires sur la fa\u00e7on d\u2019acheter une entreprise \u00e0 Laval. Pour en apprendre davantage, rendez-vous aux sections Comment acheter une entreprise et Entreprises \u00e0 vendre, pour d\u00e9couvrir ce qui vous int\u00e9resse.<\/p>\n<p>Si vous \u00eates un acheteur chevronn\u00e9, nous acc\u00e9l\u00e9rerons l&rsquo;achat pour vous. La vente d&rsquo;une entreprise \u00e0 Laval est notre expertise et, en tant que membre de Sunbelt Canada, notre port\u00e9e s\u2019\u00e9tend \u00e0 la grandeur du pays.[\/vc_column_text][vc_btn title=\u00a0\u00bbEn Savoir Plus \u00bb\u00a0\u00bb style=\u00a0\u00bboutline-custom\u00a0\u00bb outline_custom_color=\u00a0\u00bb#336699&Prime; outline_custom_hover_background=\u00a0\u00bb#336699&Prime; outline_custom_hover_text=\u00a0\u00bb#ffffff\u00a0\u00bb link=\u00a0\u00bburl:%2Flaval%2Ffr%2Fcomment-acheter-une-entreprise%2F|title:Buying%20Tutorial\u00a0\u00bb][\/vc_column][\/vc_row][vc_row full_width=\u00a0\u00bbstretch_row\u00a0\u00bb gap=\u00a0\u00bb35&Prime; equal_height=\u00a0\u00bbyes\u00a0\u00bb content_placement=\u00a0\u00bbmiddle\u00a0\u00bb css=\u00a0\u00bb.vc_custom_1614328987417{margin-bottom: -40px !important;background-color: #ffffff !important;}\u00a0\u00bb][vc_column width=\u00a0\u00bb2\/5&Prime;][vc_column_text]\n<h2>Entreprises \u00e0 vendre \u00e0 Laval<\/h2>\n[\/vc_column_text][vc_column_text]Nous vous invitons \u00e0 consulter les entreprises \u00e0 vendre \u00e0 Laval.<\/p>\n<p>Vous pouvez aussi personnaliser votre recherche, pour afficher seulement les entreprises \u00e0 vendre qui vous int\u00e9ressent, ou toutes les entreprises \u00e0 vendre au Canada.[\/vc_column_text][vc_btn title=\u00a0\u00bbEntreprises \u00e0 Vendre\u00a0\u00bb style=\u00a0\u00bboutline-custom\u00a0\u00bb outline_custom_color=\u00a0\u00bb#336699&Prime; outline_custom_hover_background=\u00a0\u00bb#336699&Prime; outline_custom_hover_text=\u00a0\u00bb#ffffff\u00a0\u00bb align=\u00a0\u00bbleft\u00a0\u00bb i_align=\u00a0\u00bbright\u00a0\u00bb i_icon_fontawesome=\u00a0\u00bbfas fa-angle-double-right\u00a0\u00bb add_icon=\u00a0\u00bbtrue\u00a0\u00bb link=\u00a0\u00bburl:%2Flaval%2Ffr%2Fentreprises-a-vendre%2F\u00a0\u00bb][\/vc_column][vc_column width=\u00a0\u00bb3\/5&Prime;][vc_column_text]\n\n\n<div id=\"wpv-view-layout-2638\" class=\"js-wpv-view-layout js-wpv-layout-responsive js-wpv-view-layout-2638\" data-viewnumber=\"2638\" data-pagination=\"{&quot;id&quot;:2638,&quot;query&quot;:&quot;normal&quot;,&quot;type&quot;:&quot;disabled&quot;,&quot;effect&quot;:&quot;fade&quot;,&quot;duration&quot;:500,&quot;speed&quot;:8,&quot;pause_on_hover&quot;:&quot;enabled&quot;,&quot;stop_rollover&quot;:&quot;false&quot;,&quot;cache_pages&quot;:&quot;enabled&quot;,&quot;preload_images&quot;:&quot;enabled&quot;,&quot;preload_pages&quot;:&quot;enabled&quot;,&quot;preload_reach&quot;:19,&quot;spinner&quot;:&quot;builtin&quot;,&quot;spinner_image&quot;:&quot;&quot;,&quot;callback_next&quot;:&quot;&quot;,&quot;manage_history&quot;:&quot;enabled&quot;,&quot;has_controls_in_form&quot;:&quot;disabled&quot;,&quot;infinite_tolerance&quot;:0,&quot;max_pages&quot;:1,&quot;page&quot;:1,&quot;base_permalink&quot;:&quot;\/laval\/fr\/wp-json\/wp\/v2\/pages\/1513?wpv_view_count=2638&amp;wpv_paged=WPV_PAGE_NUM&quot;,&quot;loop&quot;:{&quot;type&quot;:&quot;&quot;,&quot;name&quot;:&quot;&quot;,&quot;data&quot;:[],&quot;id&quot;:0}}\" data-permalink=\"\/laval\/fr\/wp-json\/wp\/v2\/pages\/1513?wpv_view_count=2638\">\n\n\t\n\t\n\t\t<strong>No items found<\/strong>\n\t\n<\/div>\n[\/vc_column_text][\/vc_column][\/vc_row]\n<\/div>","protected":false},"excerpt":{"rendered":"<p>[vc_row full_width=\u00a0\u00bbstretch_row\u00a0\u00bb gap=\u00a0\u00bb35&Prime; css=\u00a0\u00bb.vc_custom_1621858529294{margin-top: -40px !important;background-color: #f9f9f9 !important;}\u00a0\u00bb][vc_column width=\u00a0\u00bb1\/2&Prime; offset=\u00a0\u00bbvc_hidden-sm vc_hidden-xs\u00a0\u00bb][vc_single_image image=\u00a0\u00bb1517&Prime; img_size=\u00a0\u00bbfull\u00a0\u00bb style=\u00a0\u00bbvc_box_rounded\u00a0\u00bb][\/vc_column][vc_column css_animation=\u00a0\u00bbnone\u00a0\u00bb width=\u00a0\u00bb1\/2&Prime;][vc_column_text css=\u00a0\u00bb.vc_custom_1620406899485{margin-top: 0px !important;padding-top: 0px !important;}\u00a0\u00bb] Achetez une entreprise qui vous convient! Vous songez \u00e0 acheter une entreprise \u00e0 Laval ou dans l&rsquo;Est de l&rsquo;Ontario? Ne cherchez pas plus loin. Sunbelt Canada poss\u00e8de un vaste r\u00e9pertoire d\u2019entreprises \u00e0 vendre, autant des petites que des moyennes entreprises, dans la r\u00e9gion d\u2019Laval et partout au Canada. Si vous \u00eates un nouvel acheteur, nous vous fournirons des conseils et les directives n\u00e9cessaires sur la fa\u00e7on d\u2019acheter une entreprise \u00e0 Laval. Pour en apprendre davantage, rendez-vous aux sections Comment\u2026<\/p>\n","protected":false},"author":75,"featured_media":1519,"parent":0,"menu_order":0,"comment_status":"closed","ping_status":"closed","template":"","meta":{"_monsterinsights_skip_tracking":false,"_monsterinsights_sitenote_active":false,"_monsterinsights_sitenote_note":"","_monsterinsights_sitenote_category":0,"footnotes":""},"class_list":["post-1513","page","type-page","status-publish","has-post-thumbnail","hentry"],"blocksy_meta":"","yoast_head":"<!-- This site is optimized with the Yoast SEO plugin v25.9 - https:\/\/yoast.com\/wordpress\/plugins\/seo\/ -->\n<title>Acheter une entreprise - Sunbelt Canada Laval<\/title>\n<meta name=\"robots\" content=\"index, follow, max-snippet:-1, max-image-preview:large, max-video-preview:-1\" \/>\n<link rel=\"canonical\" href=\"https:\/\/www.sunbeltcanada.com\/laval\/fr\/acheter-une-entreprise\/\" \/>\n<meta property=\"og:locale\" content=\"fr_FR\" \/>\n<meta property=\"og:type\" content=\"article\" \/>\n<meta property=\"og:title\" content=\"Acheter une entreprise - Sunbelt Canada Laval\" \/>\n<meta property=\"og:description\" content=\"[vc_row full_width=\u00a0\u00bbstretch_row\u00a0\u00bb gap=\u00a0\u00bb35&Prime; css=\u00a0\u00bb.vc_custom_1621858529294{margin-top: -40px !important;background-color: #f9f9f9 !important;}\u00a0\u00bb][vc_column width=\u00a0\u00bb1\/2&Prime; offset=\u00a0\u00bbvc_hidden-sm vc_hidden-xs\u00a0\u00bb][vc_single_image image=\u00a0\u00bb1517&Prime; img_size=\u00a0\u00bbfull\u00a0\u00bb style=\u00a0\u00bbvc_box_rounded\u00a0\u00bb][\/vc_column][vc_column css_animation=\u00a0\u00bbnone\u00a0\u00bb width=\u00a0\u00bb1\/2&Prime;][vc_column_text css=\u00a0\u00bb.vc_custom_1620406899485{margin-top: 0px !important;padding-top: 0px !important;}\u00a0\u00bb] Achetez une entreprise qui vous convient! Vous songez \u00e0 acheter une entreprise \u00e0 Laval ou dans l&rsquo;Est de l&rsquo;Ontario? Ne cherchez pas plus loin. Sunbelt Canada poss\u00e8de un vaste r\u00e9pertoire d\u2019entreprises \u00e0 vendre, autant des petites que des moyennes entreprises, dans la r\u00e9gion d\u2019Laval et partout au Canada. Si vous \u00eates un nouvel acheteur, nous vous fournirons des conseils et les directives n\u00e9cessaires sur la fa\u00e7on d\u2019acheter une entreprise \u00e0 Laval. Pour en apprendre davantage, rendez-vous aux sections Comment\u2026\" \/>\n<meta property=\"og:url\" content=\"https:\/\/www.sunbeltcanada.com\/laval\/fr\/acheter-une-entreprise\/\" \/>\n<meta property=\"og:site_name\" content=\"Sunbelt Canada Laval\" \/>\n<meta property=\"article:modified_time\" content=\"2023-09-22T17:17:27+00:00\" \/>\n<meta property=\"og:image\" content=\"https:\/\/www.sunbeltcanada.com\/laval\/wp-content\/uploads\/sites\/38\/2021\/02\/buying-header-min.jpg\" \/>\n\t<meta property=\"og:image:width\" content=\"1920\" \/>\n\t<meta property=\"og:image:height\" content=\"500\" \/>\n\t<meta property=\"og:image:type\" content=\"image\/jpeg\" \/>\n<meta name=\"twitter:card\" content=\"summary_large_image\" \/>\n<meta name=\"twitter:label1\" content=\"Dur\u00e9e de lecture estim\u00e9e\" \/>\n\t<meta name=\"twitter:data1\" content=\"1 minute\" \/>\n<script type=\"application\/ld+json\" class=\"yoast-schema-graph\">{\"@context\":\"https:\/\/schema.org\",\"@graph\":[{\"@type\":\"WebPage\",\"@id\":\"https:\/\/www.sunbeltcanada.com\/laval\/fr\/acheter-une-entreprise\/\",\"url\":\"https:\/\/www.sunbeltcanada.com\/laval\/fr\/acheter-une-entreprise\/\",\"name\":\"Acheter une entreprise - Sunbelt Canada Laval\",\"isPartOf\":{\"@id\":\"https:\/\/www.sunbeltcanada.com\/laval\/fr\/#website\"},\"primaryImageOfPage\":{\"@id\":\"https:\/\/www.sunbeltcanada.com\/laval\/fr\/acheter-une-entreprise\/#primaryimage\"},\"image\":{\"@id\":\"https:\/\/www.sunbeltcanada.com\/laval\/fr\/acheter-une-entreprise\/#primaryimage\"},\"thumbnailUrl\":\"https:\/\/www.sunbeltcanada.com\/laval\/wp-content\/uploads\/sites\/38\/2021\/02\/buying-header-min.jpg\",\"datePublished\":\"2021-02-10T13:53:41+00:00\",\"dateModified\":\"2023-09-22T17:17:27+00:00\",\"breadcrumb\":{\"@id\":\"https:\/\/www.sunbeltcanada.com\/laval\/fr\/acheter-une-entreprise\/#breadcrumb\"},\"inLanguage\":\"fr-FR\",\"potentialAction\":[{\"@type\":\"ReadAction\",\"target\":[\"https:\/\/www.sunbeltcanada.com\/laval\/fr\/acheter-une-entreprise\/\"]}]},{\"@type\":\"ImageObject\",\"inLanguage\":\"fr-FR\",\"@id\":\"https:\/\/www.sunbeltcanada.com\/laval\/fr\/acheter-une-entreprise\/#primaryimage\",\"url\":\"https:\/\/www.sunbeltcanada.com\/laval\/wp-content\/uploads\/sites\/38\/2021\/02\/buying-header-min.jpg\",\"contentUrl\":\"https:\/\/www.sunbeltcanada.com\/laval\/wp-content\/uploads\/sites\/38\/2021\/02\/buying-header-min.jpg\",\"width\":1920,\"height\":500},{\"@type\":\"BreadcrumbList\",\"@id\":\"https:\/\/www.sunbeltcanada.com\/laval\/fr\/acheter-une-entreprise\/#breadcrumb\",\"itemListElement\":[{\"@type\":\"ListItem\",\"position\":1,\"name\":\"Home\",\"item\":\"https:\/\/www.sunbeltcanada.com\/laval\/fr\/\"},{\"@type\":\"ListItem\",\"position\":2,\"name\":\"Acheter une entreprise\"}]},{\"@type\":\"WebSite\",\"@id\":\"https:\/\/www.sunbeltcanada.com\/laval\/fr\/#website\",\"url\":\"https:\/\/www.sunbeltcanada.com\/laval\/fr\/\",\"name\":\"Sunbelt Canada Laval\",\"description\":\"\",\"publisher\":{\"@id\":\"https:\/\/www.sunbeltcanada.com\/laval\/fr\/#organization\"},\"potentialAction\":[{\"@type\":\"SearchAction\",\"target\":{\"@type\":\"EntryPoint\",\"urlTemplate\":\"https:\/\/www.sunbeltcanada.com\/laval\/fr\/?s={search_term_string}\"},\"query-input\":{\"@type\":\"PropertyValueSpecification\",\"valueRequired\":true,\"valueName\":\"search_term_string\"}}],\"inLanguage\":\"fr-FR\"},{\"@type\":\"Organization\",\"@id\":\"https:\/\/www.sunbeltcanada.com\/laval\/fr\/#organization\",\"name\":\"Sunbelt Canada Laval\",\"url\":\"https:\/\/www.sunbeltcanada.com\/laval\/fr\/\",\"logo\":{\"@type\":\"ImageObject\",\"inLanguage\":\"fr-FR\",\"@id\":\"https:\/\/www.sunbeltcanada.com\/laval\/fr\/#\/schema\/logo\/image\/\",\"url\":\"https:\/\/www.sunbeltcanada.com\/laval\/wp-content\/uploads\/sites\/38\/2021\/07\/SunbeltLaval.png\",\"contentUrl\":\"https:\/\/www.sunbeltcanada.com\/laval\/wp-content\/uploads\/sites\/38\/2021\/07\/SunbeltLaval.png\",\"width\":1063,\"height\":422,\"caption\":\"Sunbelt Canada Laval\"},\"image\":{\"@id\":\"https:\/\/www.sunbeltcanada.com\/laval\/fr\/#\/schema\/logo\/image\/\"}}]}<\/script>\n<!-- \/ Yoast SEO plugin. -->","yoast_head_json":{"title":"Acheter une entreprise - Sunbelt Canada Laval","robots":{"index":"index","follow":"follow","max-snippet":"max-snippet:-1","max-image-preview":"max-image-preview:large","max-video-preview":"max-video-preview:-1"},"canonical":"https:\/\/www.sunbeltcanada.com\/laval\/fr\/acheter-une-entreprise\/","og_locale":"fr_FR","og_type":"article","og_title":"Acheter une entreprise - Sunbelt Canada Laval","og_description":"[vc_row full_width=\u00a0\u00bbstretch_row\u00a0\u00bb gap=\u00a0\u00bb35&Prime; css=\u00a0\u00bb.vc_custom_1621858529294{margin-top: -40px !important;background-color: #f9f9f9 !important;}\u00a0\u00bb][vc_column width=\u00a0\u00bb1\/2&Prime; offset=\u00a0\u00bbvc_hidden-sm vc_hidden-xs\u00a0\u00bb][vc_single_image image=\u00a0\u00bb1517&Prime; img_size=\u00a0\u00bbfull\u00a0\u00bb style=\u00a0\u00bbvc_box_rounded\u00a0\u00bb][\/vc_column][vc_column css_animation=\u00a0\u00bbnone\u00a0\u00bb width=\u00a0\u00bb1\/2&Prime;][vc_column_text css=\u00a0\u00bb.vc_custom_1620406899485{margin-top: 0px !important;padding-top: 0px !important;}\u00a0\u00bb] Achetez une entreprise qui vous convient! Vous songez \u00e0 acheter une entreprise \u00e0 Laval ou dans l&rsquo;Est de l&rsquo;Ontario? Ne cherchez pas plus loin. Sunbelt Canada poss\u00e8de un vaste r\u00e9pertoire d\u2019entreprises \u00e0 vendre, autant des petites que des moyennes entreprises, dans la r\u00e9gion d\u2019Laval et partout au Canada. Si vous \u00eates un nouvel acheteur, nous vous fournirons des conseils et les directives n\u00e9cessaires sur la fa\u00e7on d\u2019acheter une entreprise \u00e0 Laval. Pour en apprendre davantage, rendez-vous aux sections Comment\u2026","og_url":"https:\/\/www.sunbeltcanada.com\/laval\/fr\/acheter-une-entreprise\/","og_site_name":"Sunbelt Canada Laval","article_modified_time":"2023-09-22T17:17:27+00:00","og_image":[{"width":1920,"height":500,"url":"https:\/\/www.sunbeltcanada.com\/laval\/wp-content\/uploads\/sites\/38\/2021\/02\/buying-header-min.jpg","type":"image\/jpeg"}],"twitter_card":"summary_large_image","twitter_misc":{"Dur\u00e9e de lecture estim\u00e9e":"1 minute"},"schema":{"@context":"https:\/\/schema.org","@graph":[{"@type":"WebPage","@id":"https:\/\/www.sunbeltcanada.com\/laval\/fr\/acheter-une-entreprise\/","url":"https:\/\/www.sunbeltcanada.com\/laval\/fr\/acheter-une-entreprise\/","name":"Acheter une entreprise - Sunbelt Canada Laval","isPartOf":{"@id":"https:\/\/www.sunbeltcanada.com\/laval\/fr\/#website"},"primaryImageOfPage":{"@id":"https:\/\/www.sunbeltcanada.com\/laval\/fr\/acheter-une-entreprise\/#primaryimage"},"image":{"@id":"https:\/\/www.sunbeltcanada.com\/laval\/fr\/acheter-une-entreprise\/#primaryimage"},"thumbnailUrl":"https:\/\/www.sunbeltcanada.com\/laval\/wp-content\/uploads\/sites\/38\/2021\/02\/buying-header-min.jpg","datePublished":"2021-02-10T13:53:41+00:00","dateModified":"2023-09-22T17:17:27+00:00","breadcrumb":{"@id":"https:\/\/www.sunbeltcanada.com\/laval\/fr\/acheter-une-entreprise\/#breadcrumb"},"inLanguage":"fr-FR","potentialAction":[{"@type":"ReadAction","target":["https:\/\/www.sunbeltcanada.com\/laval\/fr\/acheter-une-entreprise\/"]}]},{"@type":"ImageObject","inLanguage":"fr-FR","@id":"https:\/\/www.sunbeltcanada.com\/laval\/fr\/acheter-une-entreprise\/#primaryimage","url":"https:\/\/www.sunbeltcanada.com\/laval\/wp-content\/uploads\/sites\/38\/2021\/02\/buying-header-min.jpg","contentUrl":"https:\/\/www.sunbeltcanada.com\/laval\/wp-content\/uploads\/sites\/38\/2021\/02\/buying-header-min.jpg","width":1920,"height":500},{"@type":"BreadcrumbList","@id":"https:\/\/www.sunbeltcanada.com\/laval\/fr\/acheter-une-entreprise\/#breadcrumb","itemListElement":[{"@type":"ListItem","position":1,"name":"Home","item":"https:\/\/www.sunbeltcanada.com\/laval\/fr\/"},{"@type":"ListItem","position":2,"name":"Acheter une entreprise"}]},{"@type":"WebSite","@id":"https:\/\/www.sunbeltcanada.com\/laval\/fr\/#website","url":"https:\/\/www.sunbeltcanada.com\/laval\/fr\/","name":"Sunbelt Canada Laval","description":"","publisher":{"@id":"https:\/\/www.sunbeltcanada.com\/laval\/fr\/#organization"},"potentialAction":[{"@type":"SearchAction","target":{"@type":"EntryPoint","urlTemplate":"https:\/\/www.sunbeltcanada.com\/laval\/fr\/?s={search_term_string}"},"query-input":{"@type":"PropertyValueSpecification","valueRequired":true,"valueName":"search_term_string"}}],"inLanguage":"fr-FR"},{"@type":"Organization","@id":"https:\/\/www.sunbeltcanada.com\/laval\/fr\/#organization","name":"Sunbelt Canada Laval","url":"https:\/\/www.sunbeltcanada.com\/laval\/fr\/","logo":{"@type":"ImageObject","inLanguage":"fr-FR","@id":"https:\/\/www.sunbeltcanada.com\/laval\/fr\/#\/schema\/logo\/image\/","url":"https:\/\/www.sunbeltcanada.com\/laval\/wp-content\/uploads\/sites\/38\/2021\/07\/SunbeltLaval.png","contentUrl":"https:\/\/www.sunbeltcanada.com\/laval\/wp-content\/uploads\/sites\/38\/2021\/07\/SunbeltLaval.png","width":1063,"height":422,"caption":"Sunbelt Canada Laval"},"image":{"@id":"https:\/\/www.sunbeltcanada.com\/laval\/fr\/#\/schema\/logo\/image\/"}}]}},"_links":{"self":[{"href":"https:\/\/www.sunbeltcanada.com\/laval\/fr\/wp-json\/wp\/v2\/pages\/1513","targetHints":{"allow":["GET"]}}],"collection":[{"href":"https:\/\/www.sunbeltcanada.com\/laval\/fr\/wp-json\/wp\/v2\/pages"}],"about":[{"href":"https:\/\/www.sunbeltcanada.com\/laval\/fr\/wp-json\/wp\/v2\/types\/page"}],"author":[{"embeddable":true,"href":"https:\/\/www.sunbeltcanada.com\/laval\/fr\/wp-json\/wp\/v2\/users\/75"}],"replies":[{"embeddable":true,"href":"https:\/\/www.sunbeltcanada.com\/laval\/fr\/wp-json\/wp\/v2\/comments?post=1513"}],"version-history":[{"count":0,"href":"https:\/\/www.sunbeltcanada.com\/laval\/fr\/wp-json\/wp\/v2\/pages\/1513\/revisions"}],"wp:featuredmedia":[{"embeddable":true,"href":"https:\/\/www.sunbeltcanada.com\/laval\/fr\/wp-json\/wp\/v2\/media\/1519"}],"wp:attachment":[{"href":"https:\/\/www.sunbeltcanada.com\/laval\/fr\/wp-json\/wp\/v2\/media?parent=1513"}],"curies":[{"name":"wp","href":"https:\/\/api.w.org\/{rel}","templated":true}]}}