{"id":1801,"date":"2021-02-14T17:23:08","date_gmt":"2021-02-14T17:23:08","guid":{"rendered":"https:\/\/www.sunbeltcanada.com\/laval\/?page_id=1801"},"modified":"2021-07-21T11:01:23","modified_gmt":"2021-07-21T11:01:23","slug":"temoignages","status":"publish","type":"page","link":"https:\/\/www.sunbeltcanada.com\/laval\/fr\/temoignages\/","title":{"rendered":"T\u00e9moignages"},"content":{"rendered":"<div class=\"wpb-content-wrapper\">[vc_row][vc_column offset=\u00a0\u00bbvc_hidden-sm vc_hidden-xs\u00a0\u00bb][vc_column_text]\n\n\n<div id=\"wpv-view-layout-2648\" class=\"js-wpv-view-layout js-wpv-layout-responsive js-wpv-view-layout-2648\" data-viewnumber=\"2648\" data-pagination=\"{&quot;id&quot;:2648,&quot;query&quot;:&quot;normal&quot;,&quot;type&quot;:&quot;disabled&quot;,&quot;effect&quot;:&quot;fade&quot;,&quot;duration&quot;:500,&quot;speed&quot;:5,&quot;pause_on_hover&quot;:&quot;disabled&quot;,&quot;stop_rollover&quot;:&quot;false&quot;,&quot;cache_pages&quot;:&quot;enabled&quot;,&quot;preload_images&quot;:&quot;enabled&quot;,&quot;preload_pages&quot;:&quot;enabled&quot;,&quot;preload_reach&quot;:1,&quot;spinner&quot;:&quot;builtin&quot;,&quot;spinner_image&quot;:&quot;https:\/\/www.sunbeltcanada.com\/office-template\/wp-content\/plugins\/wp-views\/embedded\/res\/img\/ajax-loader.gif&quot;,&quot;callback_next&quot;:&quot;&quot;,&quot;manage_history&quot;:&quot;enabled&quot;,&quot;has_controls_in_form&quot;:&quot;disabled&quot;,&quot;infinite_tolerance&quot;:&quot;0&quot;,&quot;max_pages&quot;:0,&quot;page&quot;:1,&quot;base_permalink&quot;:&quot;\/laval\/fr\/wp-json\/wp\/v2\/pages\/1801?wpv_view_count=2648&amp;wpv_paged=WPV_PAGE_NUM&quot;,&quot;loop&quot;:{&quot;type&quot;:&quot;&quot;,&quot;name&quot;:&quot;&quot;,&quot;data&quot;:[],&quot;id&quot;:0}}\" data-permalink=\"\/laval\/fr\/wp-json\/wp\/v2\/pages\/1801?wpv_view_count=2648\">\n\n\t\n\t\n\t\n\t\t<div class=\"row\">\n\t<div class=\"col-sm-4\">\n\t\t<div class=\"testimonial-desktop-quote\">At times things seem like they were falling apart but Janice stood by us through thick and thin.<\/div>\n\t<\/div>\n\t<div class=\"col-sm-8\">\n\t\t<div class=\"testimonial-desktop-right\">\n\t\t\t<div class=\"testimonial-desktop-body\">Janice is a broker that's very knowledgeable with the business brokerage industry and will work with you throughout the whole process. At times things seem like they were falling apart but Janice stood by us through thick and thin. Thank you Sunbelt team, appreciate your great work.<\/div>\n\t\t\t<div class=\"testimonial-desktop-client\">Benard N.<\/div>\n\t\t<\/div>\n\t<\/div>\n<\/div>\n<div class=\"su-spacer\" style=\"height:32px\"><\/div>\n\t\n\t\t<div class=\"row\">\n\t<div class=\"col-sm-4\">\n\t\t<div class=\"testimonial-desktop-quote\">The service and guidance i received from Bernice and Janice through out the whole process of the sale was EXCELLENT!!<\/div>\n\t<\/div>\n\t<div class=\"col-sm-8\">\n\t\t<div class=\"testimonial-desktop-right\">\n\t\t\t<div class=\"testimonial-desktop-body\">The service and guidance I received from Bernice and Janice through out the whole process of the sale was EXCELLENT!! I [definitely]would recommend and I will use them again in the future??<\/div>\n\t\t\t<div class=\"testimonial-desktop-client\">Giovanni F.<\/div>\n\t\t<\/div>\n\t<\/div>\n<\/div>\n<div class=\"su-spacer\" style=\"height:32px\"><\/div>\n\t\n\t\t<div class=\"row\">\n\t<div class=\"col-sm-4\">\n\t\t<div class=\"testimonial-desktop-quote\">Le processus de vente est difficile et \u00e9motionnellement demandant et les 2 personnes nous ont bien soutenue.<\/div>\n\t<\/div>\n\t<div class=\"col-sm-8\">\n\t\t<div class=\"testimonial-desktop-right\">\n\t\t\t<div class=\"testimonial-desktop-body\">Nous sommes un client qui \u00e0 \u00e9t\u00e9 tr\u00e8s bien servit par le duo compos\u00e9 de Janice et Bernice. Ces 2 personnes nous ont accompagn\u00e9 de fa\u00e7on fid\u00e8le, de fa\u00e7on professionnelle et avec diligence et courtoisie. Le processus de vente est difficile et \u00e9motionnellement demandant et les 2 personnes nous ont bien soutenue. Nous conseillons de faire affaire avec des gens exp\u00e9riment\u00e9s pour toute transaction d'entreprise et nous les recommandons hautement.<\/div>\n\t\t\t<div class=\"testimonial-desktop-client\">Denis B.<\/div>\n\t\t<\/div>\n\t<\/div>\n<\/div>\n<div class=\"su-spacer\" style=\"height:32px\"><\/div>\n\t\n\t\t<div class=\"row\">\n\t<div class=\"col-sm-4\">\n\t\t<div class=\"testimonial-desktop-quote\">We sold our company thanks to her and her team. I highly recommend them to anyone!<\/div>\n\t<\/div>\n\t<div class=\"col-sm-8\">\n\t\t<div class=\"testimonial-desktop-right\">\n\t\t\t<div class=\"testimonial-desktop-body\">Janice was more than a realtor she was a partner and guided us every step of the way. We sold our company thanks to her and her team. I highly recommend them to anyone!<\/div>\n\t\t\t<div class=\"testimonial-desktop-client\">Rim E., Seller<\/div>\n\t\t<\/div>\n\t<\/div>\n<\/div>\n<div class=\"su-spacer\" style=\"height:32px\"><\/div>\n\t\n\t\t<div class=\"row\">\n\t<div class=\"col-sm-4\">\n\t\t<div class=\"testimonial-desktop-quote\">Looking out for seller and buyer with integrity and honesty.<\/div>\n\t<\/div>\n\t<div class=\"col-sm-8\">\n\t\t<div class=\"testimonial-desktop-right\">\n\t\t\t<div class=\"testimonial-desktop-body\">Fantastic and sharp team of entrepreneurs that are geared towards clients successful transition of ownership. Looking out for seller and buyer with integrity and honesty.<\/div>\n\t\t\t<div class=\"testimonial-desktop-client\">- Jason F., Professional Colleague<\/div>\n\t\t<\/div>\n\t<\/div>\n<\/div>\n<div class=\"su-spacer\" style=\"height:32px\"><\/div>\n\t\n\t\t<div class=\"row\">\n\t<div class=\"col-sm-4\">\n\t\t<div class=\"testimonial-desktop-quote\">I wouldn\u2019t hesitate to say that Janice was the best<\/div>\n\t<\/div>\n\t<div class=\"col-sm-8\">\n\t\t<div class=\"testimonial-desktop-right\">\n\t\t\t<div class=\"testimonial-desktop-body\">Having dealt with Janice twice in the last 12 months , and having sold a few businesses before I wouldn\u2019t hesitate to say that Janice was the best . She not only knows her job very well she is always ready to help As well . I really recommend her for anyone who wants to buy a business and assure him \/her that he\/she will be in good hands .<\/div>\n\t\t\t<div class=\"testimonial-desktop-client\">- Seghir M., Seller<\/div>\n\t\t<\/div>\n\t<\/div>\n<\/div>\n<div class=\"su-spacer\" style=\"height:32px\"><\/div>\n\t\n\t\t<div class=\"row\">\n\t<div class=\"col-sm-4\">\n\t\t<div class=\"testimonial-desktop-quote\">They are very proactive and were able to respond quickly to my needs.<\/div>\n\t<\/div>\n\t<div class=\"col-sm-8\">\n\t\t<div class=\"testimonial-desktop-right\">\n\t\t\t<div class=\"testimonial-desktop-body\">Janice and Bernice were able to sell my business very quickly. They are very proactive and were able to respond quickly to my needs. They have a human, fair and professional approach. I highly recommend them and don't hesitate to do business with them for a future business for sale!<\/div>\n\t\t\t<div class=\"testimonial-desktop-client\">- Katherine D., Seller<\/div>\n\t\t<\/div>\n\t<\/div>\n<\/div>\n<div class=\"su-spacer\" style=\"height:32px\"><\/div>\n\t\n\t\n\t\n\t\n<\/div>\n[\/vc_column_text][\/vc_column][\/vc_row][vc_row][vc_column offset=\u00a0\u00bbvc_hidden-lg vc_hidden-md\u00a0\u00bb][vc_column_text]\n\n\n<div id=\"wpv-view-layout-2650\" class=\"js-wpv-view-layout js-wpv-layout-responsive js-wpv-view-layout-2650\" data-viewnumber=\"2650\" data-pagination=\"{&quot;id&quot;:2650,&quot;query&quot;:&quot;normal&quot;,&quot;type&quot;:&quot;disabled&quot;,&quot;effect&quot;:&quot;fade&quot;,&quot;duration&quot;:500,&quot;speed&quot;:5,&quot;pause_on_hover&quot;:&quot;disabled&quot;,&quot;stop_rollover&quot;:&quot;false&quot;,&quot;cache_pages&quot;:&quot;enabled&quot;,&quot;preload_images&quot;:&quot;enabled&quot;,&quot;preload_pages&quot;:&quot;enabled&quot;,&quot;preload_reach&quot;:1,&quot;spinner&quot;:&quot;builtin&quot;,&quot;spinner_image&quot;:&quot;https:\/\/www.sunbeltcanada.com\/office-template\/wp-content\/plugins\/wp-views\/embedded\/res\/img\/ajax-loader.gif&quot;,&quot;callback_next&quot;:&quot;&quot;,&quot;manage_history&quot;:&quot;enabled&quot;,&quot;has_controls_in_form&quot;:&quot;disabled&quot;,&quot;infinite_tolerance&quot;:&quot;0&quot;,&quot;max_pages&quot;:0,&quot;page&quot;:1,&quot;base_permalink&quot;:&quot;\/laval\/fr\/wp-json\/wp\/v2\/pages\/1801?wpv_view_count=2650&amp;wpv_paged=WPV_PAGE_NUM&quot;,&quot;loop&quot;:{&quot;type&quot;:&quot;&quot;,&quot;name&quot;:&quot;&quot;,&quot;data&quot;:[],&quot;id&quot;:0}}\" data-permalink=\"\/laval\/fr\/wp-json\/wp\/v2\/pages\/1801?wpv_view_count=2650\">\n\n\t\n\t\n\t\n\t\t<div class=\"testimonial-mobile-quote\">At times things seem like they were falling apart but Janice stood by us through thick and thin.<\/div>\n<div class=\"testimonial-mobile-author\">Benard N.<\/div>\n<div class=\"su-spacer\" style=\"height:32px\"><\/div>\n\t\n\t\t<div class=\"testimonial-mobile-quote\">The service and guidance i received from Bernice and Janice through out the whole process of the sale was EXCELLENT!!<\/div>\n<div class=\"testimonial-mobile-author\">Giovanni F.<\/div>\n<div class=\"su-spacer\" style=\"height:32px\"><\/div>\n\t\n\t\t<div class=\"testimonial-mobile-quote\">Le processus de vente est difficile et \u00e9motionnellement demandant et les 2 personnes nous ont bien soutenue.<\/div>\n<div class=\"testimonial-mobile-author\">Denis B.<\/div>\n<div class=\"su-spacer\" style=\"height:32px\"><\/div>\n\t\n\t\t<div class=\"testimonial-mobile-quote\">We sold our company thanks to her and her team. I highly recommend them to anyone!<\/div>\n<div class=\"testimonial-mobile-author\">Rim E., Seller<\/div>\n<div class=\"su-spacer\" style=\"height:32px\"><\/div>\n\t\n\t\t<div class=\"testimonial-mobile-quote\">Looking out for seller and buyer with integrity and honesty.<\/div>\n<div class=\"testimonial-mobile-author\">- Jason F., Professional Colleague<\/div>\n<div class=\"su-spacer\" style=\"height:32px\"><\/div>\n\t\n\t\t<div class=\"testimonial-mobile-quote\">I wouldn\u2019t hesitate to say that Janice was the best<\/div>\n<div class=\"testimonial-mobile-author\">- Seghir M., Seller<\/div>\n<div class=\"su-spacer\" style=\"height:32px\"><\/div>\n\t\n\t\t<div class=\"testimonial-mobile-quote\">They are very proactive and were able to respond quickly to my needs.<\/div>\n<div class=\"testimonial-mobile-author\">- Katherine D., Seller<\/div>\n<div class=\"su-spacer\" style=\"height:32px\"><\/div>\n\t\n\t\n\t\n\t\n<\/div>\n[\/vc_column_text][\/vc_column][\/vc_row]\n<\/div>","protected":false},"excerpt":{"rendered":"<p>[vc_row][vc_column offset=\u00a0\u00bbvc_hidden-sm vc_hidden-xs\u00a0\u00bb][vc_column_text] At times things seem like they were falling apart but Janice stood by us through thick and thin. Janice is a broker that&rsquo;s very knowledgeable with the business brokerage industry and will work with you throughout the whole process. At times things seem like they were falling apart but Janice stood by us through thick and thin. Thank you Sunbelt team, appreciate your great work. Benard N. The service and guidance i received from Bernice and Janice through out the whole process of the sale was EXCELLENT!! The service and guidance I received from Bernice and Janice\u2026<\/p>\n","protected":false},"author":75,"featured_media":1803,"parent":0,"menu_order":0,"comment_status":"closed","ping_status":"closed","template":"","meta":{"_monsterinsights_skip_tracking":false,"_monsterinsights_sitenote_active":false,"_monsterinsights_sitenote_note":"","_monsterinsights_sitenote_category":0,"footnotes":""},"class_list":["post-1801","page","type-page","status-publish","has-post-thumbnail","hentry"],"blocksy_meta":"","yoast_head":"<!-- This site is optimized with the Yoast SEO plugin v25.9 - https:\/\/yoast.com\/wordpress\/plugins\/seo\/ -->\n<title>T\u00e9moignages - Sunbelt Canada Laval<\/title>\n<meta name=\"robots\" content=\"index, follow, max-snippet:-1, max-image-preview:large, max-video-preview:-1\" \/>\n<link rel=\"canonical\" href=\"https:\/\/www.sunbeltcanada.com\/laval\/fr\/temoignages\/\" \/>\n<meta property=\"og:locale\" content=\"fr_FR\" \/>\n<meta property=\"og:type\" content=\"article\" \/>\n<meta property=\"og:title\" content=\"T\u00e9moignages - Sunbelt Canada Laval\" \/>\n<meta property=\"og:description\" content=\"[vc_row][vc_column offset=\u00a0\u00bbvc_hidden-sm vc_hidden-xs\u00a0\u00bb][vc_column_text] At times things seem like they were falling apart but Janice stood by us through thick and thin. Janice is a broker that&#039;s very knowledgeable with the business brokerage industry and will work with you throughout the whole process. At times things seem like they were falling apart but Janice stood by us through thick and thin. Thank you Sunbelt team, appreciate your great work. Benard N. The service and guidance i received from Bernice and Janice through out the whole process of the sale was EXCELLENT!! The service and guidance I received from Bernice and Janice\u2026\" \/>\n<meta property=\"og:url\" content=\"https:\/\/www.sunbeltcanada.com\/laval\/fr\/temoignages\/\" \/>\n<meta property=\"og:site_name\" content=\"Sunbelt Canada Laval\" \/>\n<meta property=\"article:modified_time\" content=\"2021-07-21T11:01:23+00:00\" \/>\n<meta property=\"og:image\" content=\"https:\/\/www.sunbeltcanada.com\/laval\/wp-content\/uploads\/sites\/38\/2021\/02\/testimonials-header-min.jpg\" \/>\n\t<meta property=\"og:image:width\" content=\"1920\" \/>\n\t<meta property=\"og:image:height\" content=\"500\" \/>\n\t<meta property=\"og:image:type\" content=\"image\/jpeg\" \/>\n<meta name=\"twitter:card\" content=\"summary_large_image\" \/>\n<script type=\"application\/ld+json\" class=\"yoast-schema-graph\">{\"@context\":\"https:\/\/schema.org\",\"@graph\":[{\"@type\":\"WebPage\",\"@id\":\"https:\/\/www.sunbeltcanada.com\/laval\/fr\/temoignages\/\",\"url\":\"https:\/\/www.sunbeltcanada.com\/laval\/fr\/temoignages\/\",\"name\":\"T\u00e9moignages - Sunbelt Canada Laval\",\"isPartOf\":{\"@id\":\"https:\/\/www.sunbeltcanada.com\/laval\/fr\/#website\"},\"primaryImageOfPage\":{\"@id\":\"https:\/\/www.sunbeltcanada.com\/laval\/fr\/temoignages\/#primaryimage\"},\"image\":{\"@id\":\"https:\/\/www.sunbeltcanada.com\/laval\/fr\/temoignages\/#primaryimage\"},\"thumbnailUrl\":\"https:\/\/www.sunbeltcanada.com\/laval\/wp-content\/uploads\/sites\/38\/2021\/02\/testimonials-header-min.jpg\",\"datePublished\":\"2021-02-14T17:23:08+00:00\",\"dateModified\":\"2021-07-21T11:01:23+00:00\",\"breadcrumb\":{\"@id\":\"https:\/\/www.sunbeltcanada.com\/laval\/fr\/temoignages\/#breadcrumb\"},\"inLanguage\":\"fr-FR\",\"potentialAction\":[{\"@type\":\"ReadAction\",\"target\":[\"https:\/\/www.sunbeltcanada.com\/laval\/fr\/temoignages\/\"]}]},{\"@type\":\"ImageObject\",\"inLanguage\":\"fr-FR\",\"@id\":\"https:\/\/www.sunbeltcanada.com\/laval\/fr\/temoignages\/#primaryimage\",\"url\":\"https:\/\/www.sunbeltcanada.com\/laval\/wp-content\/uploads\/sites\/38\/2021\/02\/testimonials-header-min.jpg\",\"contentUrl\":\"https:\/\/www.sunbeltcanada.com\/laval\/wp-content\/uploads\/sites\/38\/2021\/02\/testimonials-header-min.jpg\",\"width\":1920,\"height\":500},{\"@type\":\"BreadcrumbList\",\"@id\":\"https:\/\/www.sunbeltcanada.com\/laval\/fr\/temoignages\/#breadcrumb\",\"itemListElement\":[{\"@type\":\"ListItem\",\"position\":1,\"name\":\"Home\",\"item\":\"https:\/\/www.sunbeltcanada.com\/laval\/fr\/\"},{\"@type\":\"ListItem\",\"position\":2,\"name\":\"T\u00e9moignages\"}]},{\"@type\":\"WebSite\",\"@id\":\"https:\/\/www.sunbeltcanada.com\/laval\/fr\/#website\",\"url\":\"https:\/\/www.sunbeltcanada.com\/laval\/fr\/\",\"name\":\"Sunbelt Canada Laval\",\"description\":\"\",\"publisher\":{\"@id\":\"https:\/\/www.sunbeltcanada.com\/laval\/fr\/#organization\"},\"potentialAction\":[{\"@type\":\"SearchAction\",\"target\":{\"@type\":\"EntryPoint\",\"urlTemplate\":\"https:\/\/www.sunbeltcanada.com\/laval\/fr\/?s={search_term_string}\"},\"query-input\":{\"@type\":\"PropertyValueSpecification\",\"valueRequired\":true,\"valueName\":\"search_term_string\"}}],\"inLanguage\":\"fr-FR\"},{\"@type\":\"Organization\",\"@id\":\"https:\/\/www.sunbeltcanada.com\/laval\/fr\/#organization\",\"name\":\"Sunbelt Canada Laval\",\"url\":\"https:\/\/www.sunbeltcanada.com\/laval\/fr\/\",\"logo\":{\"@type\":\"ImageObject\",\"inLanguage\":\"fr-FR\",\"@id\":\"https:\/\/www.sunbeltcanada.com\/laval\/fr\/#\/schema\/logo\/image\/\",\"url\":\"https:\/\/www.sunbeltcanada.com\/laval\/wp-content\/uploads\/sites\/38\/2021\/07\/SunbeltLaval.png\",\"contentUrl\":\"https:\/\/www.sunbeltcanada.com\/laval\/wp-content\/uploads\/sites\/38\/2021\/07\/SunbeltLaval.png\",\"width\":1063,\"height\":422,\"caption\":\"Sunbelt Canada Laval\"},\"image\":{\"@id\":\"https:\/\/www.sunbeltcanada.com\/laval\/fr\/#\/schema\/logo\/image\/\"}}]}<\/script>\n<!-- \/ Yoast SEO plugin. -->","yoast_head_json":{"title":"T\u00e9moignages - Sunbelt Canada Laval","robots":{"index":"index","follow":"follow","max-snippet":"max-snippet:-1","max-image-preview":"max-image-preview:large","max-video-preview":"max-video-preview:-1"},"canonical":"https:\/\/www.sunbeltcanada.com\/laval\/fr\/temoignages\/","og_locale":"fr_FR","og_type":"article","og_title":"T\u00e9moignages - Sunbelt Canada Laval","og_description":"[vc_row][vc_column offset=\u00a0\u00bbvc_hidden-sm vc_hidden-xs\u00a0\u00bb][vc_column_text] At times things seem like they were falling apart but Janice stood by us through thick and thin. Janice is a broker that's very knowledgeable with the business brokerage industry and will work with you throughout the whole process. At times things seem like they were falling apart but Janice stood by us through thick and thin. Thank you Sunbelt team, appreciate your great work. Benard N. The service and guidance i received from Bernice and Janice through out the whole process of the sale was EXCELLENT!! The service and guidance I received from Bernice and Janice\u2026","og_url":"https:\/\/www.sunbeltcanada.com\/laval\/fr\/temoignages\/","og_site_name":"Sunbelt Canada Laval","article_modified_time":"2021-07-21T11:01:23+00:00","og_image":[{"width":1920,"height":500,"url":"https:\/\/www.sunbeltcanada.com\/laval\/wp-content\/uploads\/sites\/38\/2021\/02\/testimonials-header-min.jpg","type":"image\/jpeg"}],"twitter_card":"summary_large_image","schema":{"@context":"https:\/\/schema.org","@graph":[{"@type":"WebPage","@id":"https:\/\/www.sunbeltcanada.com\/laval\/fr\/temoignages\/","url":"https:\/\/www.sunbeltcanada.com\/laval\/fr\/temoignages\/","name":"T\u00e9moignages - Sunbelt Canada Laval","isPartOf":{"@id":"https:\/\/www.sunbeltcanada.com\/laval\/fr\/#website"},"primaryImageOfPage":{"@id":"https:\/\/www.sunbeltcanada.com\/laval\/fr\/temoignages\/#primaryimage"},"image":{"@id":"https:\/\/www.sunbeltcanada.com\/laval\/fr\/temoignages\/#primaryimage"},"thumbnailUrl":"https:\/\/www.sunbeltcanada.com\/laval\/wp-content\/uploads\/sites\/38\/2021\/02\/testimonials-header-min.jpg","datePublished":"2021-02-14T17:23:08+00:00","dateModified":"2021-07-21T11:01:23+00:00","breadcrumb":{"@id":"https:\/\/www.sunbeltcanada.com\/laval\/fr\/temoignages\/#breadcrumb"},"inLanguage":"fr-FR","potentialAction":[{"@type":"ReadAction","target":["https:\/\/www.sunbeltcanada.com\/laval\/fr\/temoignages\/"]}]},{"@type":"ImageObject","inLanguage":"fr-FR","@id":"https:\/\/www.sunbeltcanada.com\/laval\/fr\/temoignages\/#primaryimage","url":"https:\/\/www.sunbeltcanada.com\/laval\/wp-content\/uploads\/sites\/38\/2021\/02\/testimonials-header-min.jpg","contentUrl":"https:\/\/www.sunbeltcanada.com\/laval\/wp-content\/uploads\/sites\/38\/2021\/02\/testimonials-header-min.jpg","width":1920,"height":500},{"@type":"BreadcrumbList","@id":"https:\/\/www.sunbeltcanada.com\/laval\/fr\/temoignages\/#breadcrumb","itemListElement":[{"@type":"ListItem","position":1,"name":"Home","item":"https:\/\/www.sunbeltcanada.com\/laval\/fr\/"},{"@type":"ListItem","position":2,"name":"T\u00e9moignages"}]},{"@type":"WebSite","@id":"https:\/\/www.sunbeltcanada.com\/laval\/fr\/#website","url":"https:\/\/www.sunbeltcanada.com\/laval\/fr\/","name":"Sunbelt Canada Laval","description":"","publisher":{"@id":"https:\/\/www.sunbeltcanada.com\/laval\/fr\/#organization"},"potentialAction":[{"@type":"SearchAction","target":{"@type":"EntryPoint","urlTemplate":"https:\/\/www.sunbeltcanada.com\/laval\/fr\/?s={search_term_string}"},"query-input":{"@type":"PropertyValueSpecification","valueRequired":true,"valueName":"search_term_string"}}],"inLanguage":"fr-FR"},{"@type":"Organization","@id":"https:\/\/www.sunbeltcanada.com\/laval\/fr\/#organization","name":"Sunbelt Canada Laval","url":"https:\/\/www.sunbeltcanada.com\/laval\/fr\/","logo":{"@type":"ImageObject","inLanguage":"fr-FR","@id":"https:\/\/www.sunbeltcanada.com\/laval\/fr\/#\/schema\/logo\/image\/","url":"https:\/\/www.sunbeltcanada.com\/laval\/wp-content\/uploads\/sites\/38\/2021\/07\/SunbeltLaval.png","contentUrl":"https:\/\/www.sunbeltcanada.com\/laval\/wp-content\/uploads\/sites\/38\/2021\/07\/SunbeltLaval.png","width":1063,"height":422,"caption":"Sunbelt Canada Laval"},"image":{"@id":"https:\/\/www.sunbeltcanada.com\/laval\/fr\/#\/schema\/logo\/image\/"}}]}},"_links":{"self":[{"href":"https:\/\/www.sunbeltcanada.com\/laval\/fr\/wp-json\/wp\/v2\/pages\/1801","targetHints":{"allow":["GET"]}}],"collection":[{"href":"https:\/\/www.sunbeltcanada.com\/laval\/fr\/wp-json\/wp\/v2\/pages"}],"about":[{"href":"https:\/\/www.sunbeltcanada.com\/laval\/fr\/wp-json\/wp\/v2\/types\/page"}],"author":[{"embeddable":true,"href":"https:\/\/www.sunbeltcanada.com\/laval\/fr\/wp-json\/wp\/v2\/users\/75"}],"replies":[{"embeddable":true,"href":"https:\/\/www.sunbeltcanada.com\/laval\/fr\/wp-json\/wp\/v2\/comments?post=1801"}],"version-history":[{"count":0,"href":"https:\/\/www.sunbeltcanada.com\/laval\/fr\/wp-json\/wp\/v2\/pages\/1801\/revisions"}],"wp:featuredmedia":[{"embeddable":true,"href":"https:\/\/www.sunbeltcanada.com\/laval\/fr\/wp-json\/wp\/v2\/media\/1803"}],"wp:attachment":[{"href":"https:\/\/www.sunbeltcanada.com\/laval\/fr\/wp-json\/wp\/v2\/media?parent=1801"}],"curies":[{"name":"wp","href":"https:\/\/api.w.org\/{rel}","templated":true}]}}