{"id":2613,"date":"2021-05-18T08:22:51","date_gmt":"2021-05-18T08:22:51","guid":{"rendered":"https:\/\/www.sunbeltcanada.com\/laval\/?page_id=2613"},"modified":"2023-09-22T17:31:39","modified_gmt":"2023-09-22T17:31:39","slug":"merci-nda","status":"publish","type":"page","link":"https:\/\/www.sunbeltcanada.com\/laval\/fr\/nda\/merci-nda\/","title":{"rendered":"Merci"},"content":{"rendered":"<div class=\"wpb-content-wrapper\">[vc_row content_placement=\u00a0\u00bbmiddle\u00a0\u00bb][vc_column width=\u00a0\u00bb1\/2&Prime;][vc_column_text]\n<h2>Merci!<\/h2>\n<p>Nous avons re\u00e7u votre demande.<br \/>\nVeuillez surveiller votre e-mail pour les prochaines \u00e9tapes.<\/p>\n<h3>Sunbelt Canada Laval<\/h3>\n[\/vc_column_text][\/vc_column][vc_column width=\u00a0\u00bb1\/2&Prime;][vc_single_image image=\u00a0\u00bb3052&Prime; img_size=\u00a0\u00bbfull\u00a0\u00bb style=\u00a0\u00bbvc_box_rounded\u00a0\u00bb][\/vc_column][\/vc_row][vc_row][vc_column][vc_empty_space height=\u00a0\u00bb48px\u00a0\u00bb][\/vc_column][\/vc_row][vc_row full_width=\u00a0\u00bbstretch_row\u00a0\u00bb gap=\u00a0\u00bb35&Prime; equal_height=\u00a0\u00bbyes\u00a0\u00bb content_placement=\u00a0\u00bbmiddle\u00a0\u00bb css=\u00a0\u00bb.vc_custom_1624009172128{margin-bottom: -40px !important;padding-bottom: 32px !important;background-color: #f9f9f9 !important;}\u00a0\u00bb][vc_column width=\u00a0\u00bb2\/5&Prime;][vc_column_text]\n<h2>\u00cates-vous int\u00e9ress\u00e9 par nos entreprises \u00e0 vendre?<\/h2>\n[\/vc_column_text][vc_empty_space][vc_column_text]Commencez votre recherche de l&rsquo;opportunit\u00e9 commerciale id\u00e9ale en consultant notre derni\u00e8re annonce ou parcourez toute la collection \u00e0 partir du lien ci-dessous.[\/vc_column_text][vc_empty_space][vc_btn title=\u00a0\u00bbVOIR NOS ENTREPRISES \u00c0 VENDRE\u00a0\u00bb style=\u00a0\u00bboutline-custom\u00a0\u00bb outline_custom_color=\u00a0\u00bb#336699&Prime; outline_custom_hover_background=\u00a0\u00bb#336699&Prime; outline_custom_hover_text=\u00a0\u00bb#ffffff\u00a0\u00bb align=\u00a0\u00bbleft\u00a0\u00bb i_align=\u00a0\u00bbright\u00a0\u00bb i_icon_fontawesome=\u00a0\u00bbfas fa-angle-double-right\u00a0\u00bb add_icon=\u00a0\u00bbtrue\u00a0\u00bb link=\u00a0\u00bburl:%2Flaval%2Ffr%2Fentreprises-a-vendre%2F\u00a0\u00bb][\/vc_column][vc_column width=\u00a0\u00bb3\/5&Prime;][vc_column_text]\n\n\n<div id=\"wpv-view-layout-2638\" class=\"js-wpv-view-layout js-wpv-layout-responsive js-wpv-view-layout-2638\" data-viewnumber=\"2638\" data-pagination=\"{&quot;id&quot;:2638,&quot;query&quot;:&quot;normal&quot;,&quot;type&quot;:&quot;disabled&quot;,&quot;effect&quot;:&quot;fade&quot;,&quot;duration&quot;:500,&quot;speed&quot;:8,&quot;pause_on_hover&quot;:&quot;enabled&quot;,&quot;stop_rollover&quot;:&quot;false&quot;,&quot;cache_pages&quot;:&quot;enabled&quot;,&quot;preload_images&quot;:&quot;enabled&quot;,&quot;preload_pages&quot;:&quot;enabled&quot;,&quot;preload_reach&quot;:19,&quot;spinner&quot;:&quot;builtin&quot;,&quot;spinner_image&quot;:&quot;&quot;,&quot;callback_next&quot;:&quot;&quot;,&quot;manage_history&quot;:&quot;enabled&quot;,&quot;has_controls_in_form&quot;:&quot;disabled&quot;,&quot;infinite_tolerance&quot;:0,&quot;max_pages&quot;:1,&quot;page&quot;:1,&quot;base_permalink&quot;:&quot;\/laval\/fr\/wp-json\/wp\/v2\/pages\/2613?wpv_view_count=2638&amp;wpv_paged=WPV_PAGE_NUM&quot;,&quot;loop&quot;:{&quot;type&quot;:&quot;&quot;,&quot;name&quot;:&quot;&quot;,&quot;data&quot;:[],&quot;id&quot;:0}}\" data-permalink=\"\/laval\/fr\/wp-json\/wp\/v2\/pages\/2613?wpv_view_count=2638\">\n\n\t\n\t\n\t\t<strong>No items found<\/strong>\n\t\n<\/div>\n[\/vc_column_text][\/vc_column][\/vc_row]\n<\/div>","protected":false},"excerpt":{"rendered":"<p>[vc_row content_placement=\u00a0\u00bbmiddle\u00a0\u00bb][vc_column width=\u00a0\u00bb1\/2&Prime;][vc_column_text] Merci! Nous avons re\u00e7u votre demande. Veuillez surveiller votre e-mail pour les prochaines \u00e9tapes. Sunbelt Canada Laval [\/vc_column_text][\/vc_column][vc_column width=\u00a0\u00bb1\/2&Prime;][vc_single_image image=\u00a0\u00bb3052&Prime; img_size=\u00a0\u00bbfull\u00a0\u00bb style=\u00a0\u00bbvc_box_rounded\u00a0\u00bb][\/vc_column][\/vc_row][vc_row][vc_column][vc_empty_space height=\u00a0\u00bb48px\u00a0\u00bb][\/vc_column][\/vc_row][vc_row full_width=\u00a0\u00bbstretch_row\u00a0\u00bb gap=\u00a0\u00bb35&Prime; equal_height=\u00a0\u00bbyes\u00a0\u00bb content_placement=\u00a0\u00bbmiddle\u00a0\u00bb css=\u00a0\u00bb.vc_custom_1624009172128{margin-bottom: -40px !important;padding-bottom: 32px !important;background-color: #f9f9f9 !important;}\u00a0\u00bb][vc_column width=\u00a0\u00bb2\/5&Prime;][vc_column_text] \u00cates-vous int\u00e9ress\u00e9 par nos entreprises \u00e0 vendre? [\/vc_column_text][vc_empty_space][vc_column_text]Commencez votre recherche de l&rsquo;opportunit\u00e9 commerciale id\u00e9ale en consultant notre derni\u00e8re annonce ou parcourez toute la collection \u00e0 partir du lien ci-dessous.[\/vc_column_text][vc_empty_space][vc_btn title=\u00a0\u00bbVOIR NOS ENTREPRISES \u00c0 VENDRE\u00a0\u00bb style=\u00a0\u00bboutline-custom\u00a0\u00bb outline_custom_color=\u00a0\u00bb#336699&Prime; outline_custom_hover_background=\u00a0\u00bb#336699&Prime; outline_custom_hover_text=\u00a0\u00bb#ffffff\u00a0\u00bb align=\u00a0\u00bbleft\u00a0\u00bb i_align=\u00a0\u00bbright\u00a0\u00bb i_icon_fontawesome=\u00a0\u00bbfas fa-angle-double-right\u00a0\u00bb add_icon=\u00a0\u00bbtrue\u00a0\u00bb link=\u00a0\u00bburl:%2Flaval%2Ffr%2Fentreprises-a-vendre%2F\u00a0\u00bb][\/vc_column][vc_column width=\u00a0\u00bb3\/5&Prime;][vc_column_text] No items found [\/vc_column_text][\/vc_column][\/vc_row]<\/p>\n","protected":false},"author":75,"featured_media":1499,"parent":1500,"menu_order":0,"comment_status":"closed","ping_status":"closed","template":"","meta":{"_monsterinsights_skip_tracking":false,"_monsterinsights_sitenote_active":false,"_monsterinsights_sitenote_note":"","_monsterinsights_sitenote_category":0,"footnotes":""},"class_list":["post-2613","page","type-page","status-publish","has-post-thumbnail","hentry"],"blocksy_meta":"","yoast_head":"<!-- This site is optimized with the Yoast SEO plugin v25.9 - https:\/\/yoast.com\/wordpress\/plugins\/seo\/ -->\n<title>Merci - Sunbelt Canada Laval<\/title>\n<meta name=\"robots\" content=\"noindex, follow\" \/>\n<meta property=\"og:locale\" content=\"fr_FR\" \/>\n<meta property=\"og:type\" content=\"article\" \/>\n<meta property=\"og:title\" content=\"Merci - Sunbelt Canada Laval\" \/>\n<meta property=\"og:description\" content=\"[vc_row content_placement=\u00a0\u00bbmiddle\u00a0\u00bb][vc_column width=\u00a0\u00bb1\/2&Prime;][vc_column_text] Merci! Nous avons re\u00e7u votre demande. Veuillez surveiller votre e-mail pour les prochaines \u00e9tapes. Sunbelt Canada Laval [\/vc_column_text][\/vc_column][vc_column width=\u00a0\u00bb1\/2&Prime;][vc_single_image image=\u00a0\u00bb3052&Prime; img_size=\u00a0\u00bbfull\u00a0\u00bb style=\u00a0\u00bbvc_box_rounded\u00a0\u00bb][\/vc_column][\/vc_row][vc_row][vc_column][vc_empty_space height=\u00a0\u00bb48px\u00a0\u00bb][\/vc_column][\/vc_row][vc_row full_width=\u00a0\u00bbstretch_row\u00a0\u00bb gap=\u00a0\u00bb35&Prime; equal_height=\u00a0\u00bbyes\u00a0\u00bb content_placement=\u00a0\u00bbmiddle\u00a0\u00bb css=\u00a0\u00bb.vc_custom_1624009172128{margin-bottom: -40px !important;padding-bottom: 32px !important;background-color: #f9f9f9 !important;}\u00a0\u00bb][vc_column width=\u00a0\u00bb2\/5&Prime;][vc_column_text] \u00cates-vous int\u00e9ress\u00e9 par nos entreprises \u00e0 vendre? [\/vc_column_text][vc_empty_space][vc_column_text]Commencez votre recherche de l&rsquo;opportunit\u00e9 commerciale id\u00e9ale en consultant notre derni\u00e8re annonce ou parcourez toute la collection \u00e0 partir du lien ci-dessous.[\/vc_column_text][vc_empty_space][vc_btn title=\u00a0\u00bbVOIR NOS ENTREPRISES \u00c0 VENDRE\u00a0\u00bb style=\u00a0\u00bboutline-custom\u00a0\u00bb outline_custom_color=\u00a0\u00bb#336699&Prime; outline_custom_hover_background=\u00a0\u00bb#336699&Prime; outline_custom_hover_text=\u00a0\u00bb#ffffff\u00a0\u00bb align=\u00a0\u00bbleft\u00a0\u00bb i_align=\u00a0\u00bbright\u00a0\u00bb i_icon_fontawesome=\u00a0\u00bbfas fa-angle-double-right\u00a0\u00bb add_icon=\u00a0\u00bbtrue\u00a0\u00bb link=\u00a0\u00bburl:%2Flaval%2Ffr%2Fentreprises-a-vendre%2F\u00a0\u00bb][\/vc_column][vc_column width=\u00a0\u00bb3\/5&Prime;][vc_column_text] No items found [\/vc_column_text][\/vc_column][\/vc_row]\" \/>\n<meta property=\"og:url\" content=\"https:\/\/www.sunbeltcanada.com\/laval\/fr\/nda\/merci-nda\/\" \/>\n<meta property=\"og:site_name\" content=\"Sunbelt Canada Laval\" \/>\n<meta property=\"article:modified_time\" content=\"2023-09-22T17:31:39+00:00\" \/>\n<meta property=\"og:image\" content=\"https:\/\/www.sunbeltcanada.com\/laval\/wp-content\/uploads\/sites\/38\/2021\/02\/nda-header-min.jpg\" \/>\n\t<meta property=\"og:image:width\" content=\"1920\" \/>\n\t<meta property=\"og:image:height\" content=\"500\" \/>\n\t<meta property=\"og:image:type\" content=\"image\/jpeg\" \/>\n<meta name=\"twitter:card\" content=\"summary_large_image\" \/>\n<meta name=\"twitter:label1\" content=\"Dur\u00e9e de lecture estim\u00e9e\" \/>\n\t<meta name=\"twitter:data1\" content=\"1 minute\" \/>\n<script type=\"application\/ld+json\" class=\"yoast-schema-graph\">{\"@context\":\"https:\/\/schema.org\",\"@graph\":[{\"@type\":\"WebPage\",\"@id\":\"https:\/\/www.sunbeltcanada.com\/laval\/fr\/nda\/merci-nda\/\",\"url\":\"https:\/\/www.sunbeltcanada.com\/laval\/fr\/nda\/merci-nda\/\",\"name\":\"Merci - Sunbelt Canada Laval\",\"isPartOf\":{\"@id\":\"https:\/\/www.sunbeltcanada.com\/laval\/fr\/#website\"},\"primaryImageOfPage\":{\"@id\":\"https:\/\/www.sunbeltcanada.com\/laval\/fr\/nda\/merci-nda\/#primaryimage\"},\"image\":{\"@id\":\"https:\/\/www.sunbeltcanada.com\/laval\/fr\/nda\/merci-nda\/#primaryimage\"},\"thumbnailUrl\":\"https:\/\/www.sunbeltcanada.com\/laval\/wp-content\/uploads\/sites\/38\/2021\/02\/nda-header-min.jpg\",\"datePublished\":\"2021-05-18T08:22:51+00:00\",\"dateModified\":\"2023-09-22T17:31:39+00:00\",\"breadcrumb\":{\"@id\":\"https:\/\/www.sunbeltcanada.com\/laval\/fr\/nda\/merci-nda\/#breadcrumb\"},\"inLanguage\":\"fr-FR\",\"potentialAction\":[{\"@type\":\"ReadAction\",\"target\":[\"https:\/\/www.sunbeltcanada.com\/laval\/fr\/nda\/merci-nda\/\"]}]},{\"@type\":\"ImageObject\",\"inLanguage\":\"fr-FR\",\"@id\":\"https:\/\/www.sunbeltcanada.com\/laval\/fr\/nda\/merci-nda\/#primaryimage\",\"url\":\"https:\/\/www.sunbeltcanada.com\/laval\/wp-content\/uploads\/sites\/38\/2021\/02\/nda-header-min.jpg\",\"contentUrl\":\"https:\/\/www.sunbeltcanada.com\/laval\/wp-content\/uploads\/sites\/38\/2021\/02\/nda-header-min.jpg\",\"width\":1920,\"height\":500},{\"@type\":\"BreadcrumbList\",\"@id\":\"https:\/\/www.sunbeltcanada.com\/laval\/fr\/nda\/merci-nda\/#breadcrumb\",\"itemListElement\":[{\"@type\":\"ListItem\",\"position\":1,\"name\":\"Home\",\"item\":\"https:\/\/www.sunbeltcanada.com\/laval\/fr\/\"},{\"@type\":\"ListItem\",\"position\":2,\"name\":\"NDA\",\"item\":\"https:\/\/www.sunbeltcanada.com\/laval\/fr\/nda\/\"},{\"@type\":\"ListItem\",\"position\":3,\"name\":\"Merci\"}]},{\"@type\":\"WebSite\",\"@id\":\"https:\/\/www.sunbeltcanada.com\/laval\/fr\/#website\",\"url\":\"https:\/\/www.sunbeltcanada.com\/laval\/fr\/\",\"name\":\"Sunbelt Canada Laval\",\"description\":\"\",\"publisher\":{\"@id\":\"https:\/\/www.sunbeltcanada.com\/laval\/fr\/#organization\"},\"potentialAction\":[{\"@type\":\"SearchAction\",\"target\":{\"@type\":\"EntryPoint\",\"urlTemplate\":\"https:\/\/www.sunbeltcanada.com\/laval\/fr\/?s={search_term_string}\"},\"query-input\":{\"@type\":\"PropertyValueSpecification\",\"valueRequired\":true,\"valueName\":\"search_term_string\"}}],\"inLanguage\":\"fr-FR\"},{\"@type\":\"Organization\",\"@id\":\"https:\/\/www.sunbeltcanada.com\/laval\/fr\/#organization\",\"name\":\"Sunbelt Canada Laval\",\"url\":\"https:\/\/www.sunbeltcanada.com\/laval\/fr\/\",\"logo\":{\"@type\":\"ImageObject\",\"inLanguage\":\"fr-FR\",\"@id\":\"https:\/\/www.sunbeltcanada.com\/laval\/fr\/#\/schema\/logo\/image\/\",\"url\":\"https:\/\/www.sunbeltcanada.com\/laval\/wp-content\/uploads\/sites\/38\/2021\/07\/SunbeltLaval.png\",\"contentUrl\":\"https:\/\/www.sunbeltcanada.com\/laval\/wp-content\/uploads\/sites\/38\/2021\/07\/SunbeltLaval.png\",\"width\":1063,\"height\":422,\"caption\":\"Sunbelt Canada Laval\"},\"image\":{\"@id\":\"https:\/\/www.sunbeltcanada.com\/laval\/fr\/#\/schema\/logo\/image\/\"}}]}<\/script>\n<!-- \/ Yoast SEO plugin. -->","yoast_head_json":{"title":"Merci - Sunbelt Canada Laval","robots":{"index":"noindex","follow":"follow"},"og_locale":"fr_FR","og_type":"article","og_title":"Merci - Sunbelt Canada Laval","og_description":"[vc_row content_placement=\u00a0\u00bbmiddle\u00a0\u00bb][vc_column width=\u00a0\u00bb1\/2&Prime;][vc_column_text] Merci! Nous avons re\u00e7u votre demande. Veuillez surveiller votre e-mail pour les prochaines \u00e9tapes. Sunbelt Canada Laval [\/vc_column_text][\/vc_column][vc_column width=\u00a0\u00bb1\/2&Prime;][vc_single_image image=\u00a0\u00bb3052&Prime; img_size=\u00a0\u00bbfull\u00a0\u00bb style=\u00a0\u00bbvc_box_rounded\u00a0\u00bb][\/vc_column][\/vc_row][vc_row][vc_column][vc_empty_space height=\u00a0\u00bb48px\u00a0\u00bb][\/vc_column][\/vc_row][vc_row full_width=\u00a0\u00bbstretch_row\u00a0\u00bb gap=\u00a0\u00bb35&Prime; equal_height=\u00a0\u00bbyes\u00a0\u00bb content_placement=\u00a0\u00bbmiddle\u00a0\u00bb css=\u00a0\u00bb.vc_custom_1624009172128{margin-bottom: -40px !important;padding-bottom: 32px !important;background-color: #f9f9f9 !important;}\u00a0\u00bb][vc_column width=\u00a0\u00bb2\/5&Prime;][vc_column_text] \u00cates-vous int\u00e9ress\u00e9 par nos entreprises \u00e0 vendre? [\/vc_column_text][vc_empty_space][vc_column_text]Commencez votre recherche de l&rsquo;opportunit\u00e9 commerciale id\u00e9ale en consultant notre derni\u00e8re annonce ou parcourez toute la collection \u00e0 partir du lien ci-dessous.[\/vc_column_text][vc_empty_space][vc_btn title=\u00a0\u00bbVOIR NOS ENTREPRISES \u00c0 VENDRE\u00a0\u00bb style=\u00a0\u00bboutline-custom\u00a0\u00bb outline_custom_color=\u00a0\u00bb#336699&Prime; outline_custom_hover_background=\u00a0\u00bb#336699&Prime; outline_custom_hover_text=\u00a0\u00bb#ffffff\u00a0\u00bb align=\u00a0\u00bbleft\u00a0\u00bb i_align=\u00a0\u00bbright\u00a0\u00bb i_icon_fontawesome=\u00a0\u00bbfas fa-angle-double-right\u00a0\u00bb add_icon=\u00a0\u00bbtrue\u00a0\u00bb link=\u00a0\u00bburl:%2Flaval%2Ffr%2Fentreprises-a-vendre%2F\u00a0\u00bb][\/vc_column][vc_column width=\u00a0\u00bb3\/5&Prime;][vc_column_text] No items found [\/vc_column_text][\/vc_column][\/vc_row]","og_url":"https:\/\/www.sunbeltcanada.com\/laval\/fr\/nda\/merci-nda\/","og_site_name":"Sunbelt Canada Laval","article_modified_time":"2023-09-22T17:31:39+00:00","og_image":[{"width":1920,"height":500,"url":"https:\/\/www.sunbeltcanada.com\/laval\/wp-content\/uploads\/sites\/38\/2021\/02\/nda-header-min.jpg","type":"image\/jpeg"}],"twitter_card":"summary_large_image","twitter_misc":{"Dur\u00e9e de lecture estim\u00e9e":"1 minute"},"schema":{"@context":"https:\/\/schema.org","@graph":[{"@type":"WebPage","@id":"https:\/\/www.sunbeltcanada.com\/laval\/fr\/nda\/merci-nda\/","url":"https:\/\/www.sunbeltcanada.com\/laval\/fr\/nda\/merci-nda\/","name":"Merci - Sunbelt Canada Laval","isPartOf":{"@id":"https:\/\/www.sunbeltcanada.com\/laval\/fr\/#website"},"primaryImageOfPage":{"@id":"https:\/\/www.sunbeltcanada.com\/laval\/fr\/nda\/merci-nda\/#primaryimage"},"image":{"@id":"https:\/\/www.sunbeltcanada.com\/laval\/fr\/nda\/merci-nda\/#primaryimage"},"thumbnailUrl":"https:\/\/www.sunbeltcanada.com\/laval\/wp-content\/uploads\/sites\/38\/2021\/02\/nda-header-min.jpg","datePublished":"2021-05-18T08:22:51+00:00","dateModified":"2023-09-22T17:31:39+00:00","breadcrumb":{"@id":"https:\/\/www.sunbeltcanada.com\/laval\/fr\/nda\/merci-nda\/#breadcrumb"},"inLanguage":"fr-FR","potentialAction":[{"@type":"ReadAction","target":["https:\/\/www.sunbeltcanada.com\/laval\/fr\/nda\/merci-nda\/"]}]},{"@type":"ImageObject","inLanguage":"fr-FR","@id":"https:\/\/www.sunbeltcanada.com\/laval\/fr\/nda\/merci-nda\/#primaryimage","url":"https:\/\/www.sunbeltcanada.com\/laval\/wp-content\/uploads\/sites\/38\/2021\/02\/nda-header-min.jpg","contentUrl":"https:\/\/www.sunbeltcanada.com\/laval\/wp-content\/uploads\/sites\/38\/2021\/02\/nda-header-min.jpg","width":1920,"height":500},{"@type":"BreadcrumbList","@id":"https:\/\/www.sunbeltcanada.com\/laval\/fr\/nda\/merci-nda\/#breadcrumb","itemListElement":[{"@type":"ListItem","position":1,"name":"Home","item":"https:\/\/www.sunbeltcanada.com\/laval\/fr\/"},{"@type":"ListItem","position":2,"name":"NDA","item":"https:\/\/www.sunbeltcanada.com\/laval\/fr\/nda\/"},{"@type":"ListItem","position":3,"name":"Merci"}]},{"@type":"WebSite","@id":"https:\/\/www.sunbeltcanada.com\/laval\/fr\/#website","url":"https:\/\/www.sunbeltcanada.com\/laval\/fr\/","name":"Sunbelt Canada Laval","description":"","publisher":{"@id":"https:\/\/www.sunbeltcanada.com\/laval\/fr\/#organization"},"potentialAction":[{"@type":"SearchAction","target":{"@type":"EntryPoint","urlTemplate":"https:\/\/www.sunbeltcanada.com\/laval\/fr\/?s={search_term_string}"},"query-input":{"@type":"PropertyValueSpecification","valueRequired":true,"valueName":"search_term_string"}}],"inLanguage":"fr-FR"},{"@type":"Organization","@id":"https:\/\/www.sunbeltcanada.com\/laval\/fr\/#organization","name":"Sunbelt Canada Laval","url":"https:\/\/www.sunbeltcanada.com\/laval\/fr\/","logo":{"@type":"ImageObject","inLanguage":"fr-FR","@id":"https:\/\/www.sunbeltcanada.com\/laval\/fr\/#\/schema\/logo\/image\/","url":"https:\/\/www.sunbeltcanada.com\/laval\/wp-content\/uploads\/sites\/38\/2021\/07\/SunbeltLaval.png","contentUrl":"https:\/\/www.sunbeltcanada.com\/laval\/wp-content\/uploads\/sites\/38\/2021\/07\/SunbeltLaval.png","width":1063,"height":422,"caption":"Sunbelt Canada Laval"},"image":{"@id":"https:\/\/www.sunbeltcanada.com\/laval\/fr\/#\/schema\/logo\/image\/"}}]}},"_links":{"self":[{"href":"https:\/\/www.sunbeltcanada.com\/laval\/fr\/wp-json\/wp\/v2\/pages\/2613","targetHints":{"allow":["GET"]}}],"collection":[{"href":"https:\/\/www.sunbeltcanada.com\/laval\/fr\/wp-json\/wp\/v2\/pages"}],"about":[{"href":"https:\/\/www.sunbeltcanada.com\/laval\/fr\/wp-json\/wp\/v2\/types\/page"}],"author":[{"embeddable":true,"href":"https:\/\/www.sunbeltcanada.com\/laval\/fr\/wp-json\/wp\/v2\/users\/75"}],"replies":[{"embeddable":true,"href":"https:\/\/www.sunbeltcanada.com\/laval\/fr\/wp-json\/wp\/v2\/comments?post=2613"}],"version-history":[{"count":0,"href":"https:\/\/www.sunbeltcanada.com\/laval\/fr\/wp-json\/wp\/v2\/pages\/2613\/revisions"}],"up":[{"embeddable":true,"href":"https:\/\/www.sunbeltcanada.com\/laval\/fr\/wp-json\/wp\/v2\/pages\/1500"}],"wp:featuredmedia":[{"embeddable":true,"href":"https:\/\/www.sunbeltcanada.com\/laval\/fr\/wp-json\/wp\/v2\/media\/1499"}],"wp:attachment":[{"href":"https:\/\/www.sunbeltcanada.com\/laval\/fr\/wp-json\/wp\/v2\/media?parent=2613"}],"curies":[{"name":"wp","href":"https:\/\/api.w.org\/{rel}","templated":true}]}}