{"id":1780,"date":"2021-02-14T15:16:33","date_gmt":"2021-02-14T15:16:33","guid":{"rendered":"https:\/\/www.sunbeltcanada.com\/monteregie\/?page_id=1780"},"modified":"2021-07-23T10:46:26","modified_gmt":"2021-07-23T10:46:26","slug":"rencontrez-lequipe-des-courtiers-daffaires-dmonteregie","status":"publish","type":"page","link":"https:\/\/www.sunbeltcanada.com\/monteregie\/fr\/rencontrez-lequipe-des-courtiers-daffaires-dmonteregie\/","title":{"rendered":"Rencontrez l&rsquo;\u00e9quipe des courtiers d&rsquo;affaires d&rsquo;Monteregie"},"content":{"rendered":"<div class=\"wpb-content-wrapper\">[vc_row][vc_column][vc_column_text]<div class=\"su-spacer\" style=\"height:16px\"><\/div>\n<form autocomplete=\"off\" name=\"wpv-filter-2642\" action=\"\/monteregie\/fr\/wp-json\/wp\/v2\/pages\/1780?wpv_view_count=2642\" method=\"get\" class=\"wpv-filter-form js-wpv-filter-form js-wpv-filter-form-2642 js-wpv-form-full js-wpv-dps-enabled js-wpv-ajax-results-enabled\" data-viewnumber=\"2642\" data-viewid=\"2642\" data-viewhash=\"eyJuYW1lIjoibGlzdC1vZi1hbGwtYnJva2Vycy1mciJ9\" data-viewwidgetid=\"0\" data-orderby=\"\" data-order=\"\" data-orderbyas=\"\" data-orderbysecond=\"\" data-ordersecond=\"\" data-parametric=\"{&quot;query&quot;:&quot;normal&quot;,&quot;id&quot;:2642,&quot;view_id&quot;:2642,&quot;widget_id&quot;:0,&quot;view_hash&quot;:&quot;2642&quot;,&quot;action&quot;:&quot;\\\/monteregie\\\/fr\\\/wp-json\\\/wp\\\/v2\\\/pages\\\/1780?wpv_view_count=2642&quot;,&quot;sort&quot;:{&quot;orderby&quot;:&quot;&quot;,&quot;order&quot;:&quot;&quot;,&quot;orderby_as&quot;:&quot;&quot;,&quot;orderby_second&quot;:&quot;&quot;,&quot;order_second&quot;:&quot;&quot;},&quot;orderby&quot;:&quot;&quot;,&quot;order&quot;:&quot;&quot;,&quot;orderby_as&quot;:&quot;&quot;,&quot;orderby_second&quot;:&quot;&quot;,&quot;order_second&quot;:&quot;&quot;,&quot;ajax_form&quot;:&quot;&quot;,&quot;ajax_results&quot;:&quot;&quot;,&quot;effect&quot;:&quot;fade&quot;,&quot;prebefore&quot;:&quot;&quot;,&quot;before&quot;:&quot;&quot;,&quot;after&quot;:&quot;&quot;,&quot;attributes&quot;:[],&quot;environment&quot;:{&quot;current_post_id&quot;:1780,&quot;parent_post_id&quot;:1780,&quot;parent_term_id&quot;:0,&quot;parent_user_id&quot;:0,&quot;archive&quot;:{&quot;type&quot;:&quot;&quot;,&quot;name&quot;:&quot;&quot;,&quot;data&quot;:[]}},&quot;loop&quot;:{&quot;type&quot;:&quot;&quot;,&quot;name&quot;:&quot;&quot;,&quot;data&quot;:[],&quot;id&quot;:0}}\" data-attributes=\"[]\" data-environment=\"{&quot;current_post_id&quot;:1780,&quot;parent_post_id&quot;:1780,&quot;parent_term_id&quot;:0,&quot;parent_user_id&quot;:0,&quot;archive&quot;:{&quot;type&quot;:&quot;&quot;,&quot;name&quot;:&quot;&quot;,&quot;data&quot;:[]}}\"><input type=\"hidden\" class=\"js-wpv-dps-filter-data js-wpv-filter-data-for-this-form\" data-action=\"\/monteregie\/fr\/wp-json\/wp\/v2\/pages\/1780?wpv_view_count=2642\" data-page=\"1\" data-ajax=\"enable\" data-effect=\"fade\" data-maxpages=\"0\" data-ajaxprebefore=\"\" data-ajaxbefore=\"\" data-ajaxafter=\"\" \/><input class=\"wpv_view_count wpv_view_count-2642\" type=\"hidden\" name=\"wpv_view_count\" value=\"2642\" \/>\n\n<div class=\"row\">\n\t<div class=\"col-sm-6\"><input type=\"text\" name=\"wpv_post_search\"  class=\"js-wpv-filter-trigger-delayed form-control\" placeholder=\"Rechercher nos courtiers\" \/><\/div>\n\t<div class=\"col-sm-4\"><select name=\"wpv_sort_orderby\" class=\"wpv-sort-control-select wpv-sort-control-orderby js-wpv-sort-control-orderby\" data-viewnumber=\"2642\" autocomplete=\"off\"><option value=\"field-wpcf-last-name\"  selected='selected' data-orderbyas=\"string\" data-forceorder=\"asc\">Nom de famille<\/option><option value=\"field-wpcf-first-name\"  data-orderbyas=\"string\" data-forceorder=\"asc\">Pr\u00e9nom<\/option><\/select><select name=\"wpv_sort_order\" class=\"wpv-sort-control-select wpv-sort-control-order js-wpv-sort-control-order\" data-viewnumber=\"2642\" data-labels=\"{&quot;default&quot;:{&quot;asc&quot;:&quot;Ascending&quot;,&quot;desc&quot;:&quot;Descending&quot;},&quot;field-wpcf-last-name&quot;:{&quot;asc&quot;:&quot;Ascendante&quot;,&quot;desc&quot;:&quot;Descendant&quot;},&quot;field-wpcf-first-name&quot;:{&quot;asc&quot;:&quot;Ascending&quot;,&quot;desc&quot;:&quot;Descending&quot;}}\" autocomplete=\"off\"><option value=\"asc\"  selected='selected'>Ascendante<\/option><option value=\"desc\" >Descendant<\/option><\/select><\/div>\n\t<div class=\"col-sm-2\"><button type=\"button\" class=\"reset-button wpv-reset-trigger js-wpv-reset-trigger btn\">R\u00e9initialiser<\/button><\/div>\n<\/div>\n\n<\/form>\n<div id=\"wpv-view-layout-2642\" class=\"js-wpv-view-layout js-wpv-layout-responsive js-wpv-view-layout-2642\" data-viewnumber=\"2642\" data-pagination=\"{&quot;id&quot;:2642,&quot;query&quot;:&quot;normal&quot;,&quot;type&quot;:&quot;disabled&quot;,&quot;effect&quot;:&quot;fade&quot;,&quot;duration&quot;:&quot;500&quot;,&quot;speed&quot;:&quot;5&quot;,&quot;pause_on_hover&quot;:&quot;disabled&quot;,&quot;stop_rollover&quot;:&quot;false&quot;,&quot;cache_pages&quot;:&quot;enabled&quot;,&quot;preload_images&quot;:&quot;enabled&quot;,&quot;preload_pages&quot;:&quot;enabled&quot;,&quot;preload_reach&quot;:&quot;1&quot;,&quot;spinner&quot;:&quot;builtin&quot;,&quot;spinner_image&quot;:&quot;&quot;,&quot;callback_next&quot;:&quot;&quot;,&quot;manage_history&quot;:&quot;enabled&quot;,&quot;has_controls_in_form&quot;:&quot;disabled&quot;,&quot;infinite_tolerance&quot;:0,&quot;max_pages&quot;:0,&quot;page&quot;:1,&quot;base_permalink&quot;:&quot;\/monteregie\/fr\/wp-json\/wp\/v2\/pages\/1780?wpv_view_count=2642&amp;wpv_paged=WPV_PAGE_NUM&quot;,&quot;loop&quot;:{&quot;type&quot;:&quot;&quot;,&quot;name&quot;:&quot;&quot;,&quot;data&quot;:[],&quot;id&quot;:0}}\" data-permalink=\"\/monteregie\/fr\/wp-json\/wp\/v2\/pages\/1780?wpv_view_count=2642\">\n\n\t\n\t\n\t\n\t\t\n\t\t<div class=\"row \">\n\t\t\t<div class=\"col-sm-2\"><div class=\"su-spacer\" style=\"height:32px\"><\/div>\n<a href=\"https:\/\/www.sunbeltcanada.com\/monteregie\/fr\/broker\/gregory-kells\/\"><img decoding=\"async\" src=\"https:\/\/www.sunbeltcanada.com\/monteregie\/wp-content\/uploads\/sites\/41\/2021\/02\/Gregory-Kells-min-wpcf_100x125.jpg\" alt=\"Gregory Kells\" title=\"Gregory Kells\" class=\"attachment-custom broker-image\" \/><\/a>\n<div class=\"su-spacer\" style=\"height:12px\"><\/div>\n<h5 style=\"padding-bottom: 0; margin-bottom: 0;\">Gregory Kells<\/h5>\n<div style=\"color: #bbb; font-size: 13px; padding-bottom: 0px; margin-bottom: 0px; line-height: 20px;\">Courtier officiel, propri\u00e9taire, Sunbelt Monteregie<\/div>\n<div class=\"email-link\"><a href=\"https:\/\/www.sunbeltcanada.com\/monteregie\/fr\/broker\/gregory-kells\/\">Visitez mon profil \u00bb<\/a><\/div><\/div>\n\t\t\n\t\t\t<div class=\"col-sm-2\"><\/div>\n\t\t\n\t\t\t<div class=\"col-sm-2\"><\/div>\n\t\t\n\t\t\t<div class=\"col-sm-2\"><\/div>\n\t\t\n\t\t\t<div class=\"col-sm-2\"><\/div>\n\t\t\n\t\t\t<div class=\"col-sm-2\"><\/div>\n\t\t<\/div>\n\t\n\t\n\t\n\t\n<\/div>[\/vc_column_text][\/vc_column][\/vc_row]\n<\/div>","protected":false},"excerpt":{"rendered":"<p>[vc_row][vc_column][vc_column_text] Nom de famillePr\u00e9nomAscendanteDescendant R\u00e9initialiser Gregory Kells Courtier officiel, propri\u00e9taire, Sunbelt Monteregie Visitez mon profil \u00bb [\/vc_column_text][\/vc_column][\/vc_row]<\/p>\n","protected":false},"author":6,"featured_media":1779,"parent":0,"menu_order":0,"comment_status":"closed","ping_status":"closed","template":"","meta":{"_monsterinsights_skip_tracking":false,"_monsterinsights_sitenote_active":false,"_monsterinsights_sitenote_note":"","_monsterinsights_sitenote_category":0,"footnotes":""},"class_list":["post-1780","page","type-page","status-publish","has-post-thumbnail","hentry"],"blocksy_meta":"","yoast_head":"<!-- This site is optimized with the Yoast SEO plugin v25.9 - https:\/\/yoast.com\/wordpress\/plugins\/seo\/ -->\n<title>Rencontrez l&#039;\u00e9quipe des courtiers d&#039;affaires d&#039;Monteregie - Sunbelt Canada Monteregie<\/title>\n<meta name=\"robots\" content=\"index, follow, max-snippet:-1, max-image-preview:large, max-video-preview:-1\" \/>\n<link rel=\"canonical\" href=\"https:\/\/www.sunbeltcanada.com\/monteregie\/fr\/rencontrez-lequipe-des-courtiers-daffaires-dmonteregie\/\" \/>\n<meta property=\"og:locale\" content=\"fr_FR\" \/>\n<meta property=\"og:type\" content=\"article\" \/>\n<meta property=\"og:title\" content=\"Rencontrez l&#039;\u00e9quipe des courtiers d&#039;affaires d&#039;Monteregie - Sunbelt Canada Monteregie\" \/>\n<meta property=\"og:description\" content=\"[vc_row][vc_column][vc_column_text] Nom de famillePr\u00e9nomAscendanteDescendant R\u00e9initialiser Gregory Kells Courtier officiel, propri\u00e9taire, Sunbelt Monteregie Visitez mon profil \u00bb [\/vc_column_text][\/vc_column][\/vc_row]\" \/>\n<meta property=\"og:url\" content=\"https:\/\/www.sunbeltcanada.com\/monteregie\/fr\/rencontrez-lequipe-des-courtiers-daffaires-dmonteregie\/\" \/>\n<meta property=\"og:site_name\" content=\"Sunbelt Canada Monteregie\" \/>\n<meta property=\"article:publisher\" content=\"https:\/\/www.facebook.com\/sunbeltcanada\/\" \/>\n<meta property=\"article:modified_time\" content=\"2021-07-23T10:46:26+00:00\" \/>\n<meta property=\"og:image\" content=\"https:\/\/www.sunbeltcanada.com\/monteregie\/wp-content\/uploads\/sites\/41\/2021\/02\/our-team-header-min.jpg\" \/>\n\t<meta property=\"og:image:width\" content=\"1536\" \/>\n\t<meta property=\"og:image:height\" content=\"400\" \/>\n\t<meta property=\"og:image:type\" content=\"image\/jpeg\" \/>\n<meta name=\"twitter:card\" content=\"summary_large_image\" \/>\n<meta name=\"twitter:site\" content=\"@sunbeltcanada\" \/>\n<script type=\"application\/ld+json\" class=\"yoast-schema-graph\">{\"@context\":\"https:\/\/schema.org\",\"@graph\":[{\"@type\":\"WebPage\",\"@id\":\"https:\/\/www.sunbeltcanada.com\/monteregie\/fr\/rencontrez-lequipe-des-courtiers-daffaires-dmonteregie\/\",\"url\":\"https:\/\/www.sunbeltcanada.com\/monteregie\/fr\/rencontrez-lequipe-des-courtiers-daffaires-dmonteregie\/\",\"name\":\"Rencontrez l'\u00e9quipe des courtiers d'affaires d'Monteregie - Sunbelt Canada Monteregie\",\"isPartOf\":{\"@id\":\"https:\/\/www.sunbeltcanada.com\/monteregie\/fr\/#website\"},\"primaryImageOfPage\":{\"@id\":\"https:\/\/www.sunbeltcanada.com\/monteregie\/fr\/rencontrez-lequipe-des-courtiers-daffaires-dmonteregie\/#primaryimage\"},\"image\":{\"@id\":\"https:\/\/www.sunbeltcanada.com\/monteregie\/fr\/rencontrez-lequipe-des-courtiers-daffaires-dmonteregie\/#primaryimage\"},\"thumbnailUrl\":\"https:\/\/www.sunbeltcanada.com\/monteregie\/wp-content\/uploads\/sites\/41\/2021\/02\/our-team-header-min.jpg\",\"datePublished\":\"2021-02-14T15:16:33+00:00\",\"dateModified\":\"2021-07-23T10:46:26+00:00\",\"breadcrumb\":{\"@id\":\"https:\/\/www.sunbeltcanada.com\/monteregie\/fr\/rencontrez-lequipe-des-courtiers-daffaires-dmonteregie\/#breadcrumb\"},\"inLanguage\":\"fr-FR\",\"potentialAction\":[{\"@type\":\"ReadAction\",\"target\":[\"https:\/\/www.sunbeltcanada.com\/monteregie\/fr\/rencontrez-lequipe-des-courtiers-daffaires-dmonteregie\/\"]}]},{\"@type\":\"ImageObject\",\"inLanguage\":\"fr-FR\",\"@id\":\"https:\/\/www.sunbeltcanada.com\/monteregie\/fr\/rencontrez-lequipe-des-courtiers-daffaires-dmonteregie\/#primaryimage\",\"url\":\"https:\/\/www.sunbeltcanada.com\/monteregie\/wp-content\/uploads\/sites\/41\/2021\/02\/our-team-header-min.jpg\",\"contentUrl\":\"https:\/\/www.sunbeltcanada.com\/monteregie\/wp-content\/uploads\/sites\/41\/2021\/02\/our-team-header-min.jpg\",\"width\":1536,\"height\":400},{\"@type\":\"BreadcrumbList\",\"@id\":\"https:\/\/www.sunbeltcanada.com\/monteregie\/fr\/rencontrez-lequipe-des-courtiers-daffaires-dmonteregie\/#breadcrumb\",\"itemListElement\":[{\"@type\":\"ListItem\",\"position\":1,\"name\":\"Home\",\"item\":\"https:\/\/www.sunbeltcanada.com\/monteregie\/fr\/\"},{\"@type\":\"ListItem\",\"position\":2,\"name\":\"Rencontrez l&rsquo;\u00e9quipe des courtiers d&rsquo;affaires d&rsquo;Monteregie\"}]},{\"@type\":\"WebSite\",\"@id\":\"https:\/\/www.sunbeltcanada.com\/monteregie\/fr\/#website\",\"url\":\"https:\/\/www.sunbeltcanada.com\/monteregie\/fr\/\",\"name\":\"Sunbelt Canada Monteregie\",\"description\":\"\",\"publisher\":{\"@id\":\"https:\/\/www.sunbeltcanada.com\/monteregie\/fr\/#organization\"},\"potentialAction\":[{\"@type\":\"SearchAction\",\"target\":{\"@type\":\"EntryPoint\",\"urlTemplate\":\"https:\/\/www.sunbeltcanada.com\/monteregie\/fr\/?s={search_term_string}\"},\"query-input\":{\"@type\":\"PropertyValueSpecification\",\"valueRequired\":true,\"valueName\":\"search_term_string\"}}],\"inLanguage\":\"fr-FR\"},{\"@type\":\"Organization\",\"@id\":\"https:\/\/www.sunbeltcanada.com\/monteregie\/fr\/#organization\",\"name\":\"Sunbelt Canada Monteregie\",\"url\":\"https:\/\/www.sunbeltcanada.com\/monteregie\/fr\/\",\"logo\":{\"@type\":\"ImageObject\",\"inLanguage\":\"fr-FR\",\"@id\":\"https:\/\/www.sunbeltcanada.com\/monteregie\/fr\/#\/schema\/logo\/image\/\",\"url\":\"https:\/\/www.sunbeltcanada.com\/monteregie\/wp-content\/uploads\/sites\/41\/2021\/07\/SunbeltMonteregie.png\",\"contentUrl\":\"https:\/\/www.sunbeltcanada.com\/monteregie\/wp-content\/uploads\/sites\/41\/2021\/07\/SunbeltMonteregie.png\",\"width\":1063,\"height\":422,\"caption\":\"Sunbelt Canada Monteregie\"},\"image\":{\"@id\":\"https:\/\/www.sunbeltcanada.com\/monteregie\/fr\/#\/schema\/logo\/image\/\"},\"sameAs\":[\"https:\/\/www.facebook.com\/sunbeltcanada\/\",\"https:\/\/x.com\/sunbeltcanada\",\"https:\/\/www.linkedin.com\/company\/sunbelt-business-brokers-canada\/\"]}]}<\/script>\n<!-- \/ Yoast SEO plugin. -->","yoast_head_json":{"title":"Rencontrez l'\u00e9quipe des courtiers d'affaires d'Monteregie - Sunbelt Canada Monteregie","robots":{"index":"index","follow":"follow","max-snippet":"max-snippet:-1","max-image-preview":"max-image-preview:large","max-video-preview":"max-video-preview:-1"},"canonical":"https:\/\/www.sunbeltcanada.com\/monteregie\/fr\/rencontrez-lequipe-des-courtiers-daffaires-dmonteregie\/","og_locale":"fr_FR","og_type":"article","og_title":"Rencontrez l'\u00e9quipe des courtiers d'affaires d'Monteregie - Sunbelt Canada Monteregie","og_description":"[vc_row][vc_column][vc_column_text] Nom de famillePr\u00e9nomAscendanteDescendant R\u00e9initialiser Gregory Kells Courtier officiel, propri\u00e9taire, Sunbelt Monteregie Visitez mon profil \u00bb [\/vc_column_text][\/vc_column][\/vc_row]","og_url":"https:\/\/www.sunbeltcanada.com\/monteregie\/fr\/rencontrez-lequipe-des-courtiers-daffaires-dmonteregie\/","og_site_name":"Sunbelt Canada Monteregie","article_publisher":"https:\/\/www.facebook.com\/sunbeltcanada\/","article_modified_time":"2021-07-23T10:46:26+00:00","og_image":[{"width":1536,"height":400,"url":"https:\/\/www.sunbeltcanada.com\/monteregie\/wp-content\/uploads\/sites\/41\/2021\/02\/our-team-header-min.jpg","type":"image\/jpeg"}],"twitter_card":"summary_large_image","twitter_site":"@sunbeltcanada","schema":{"@context":"https:\/\/schema.org","@graph":[{"@type":"WebPage","@id":"https:\/\/www.sunbeltcanada.com\/monteregie\/fr\/rencontrez-lequipe-des-courtiers-daffaires-dmonteregie\/","url":"https:\/\/www.sunbeltcanada.com\/monteregie\/fr\/rencontrez-lequipe-des-courtiers-daffaires-dmonteregie\/","name":"Rencontrez l'\u00e9quipe des courtiers d'affaires d'Monteregie - Sunbelt Canada Monteregie","isPartOf":{"@id":"https:\/\/www.sunbeltcanada.com\/monteregie\/fr\/#website"},"primaryImageOfPage":{"@id":"https:\/\/www.sunbeltcanada.com\/monteregie\/fr\/rencontrez-lequipe-des-courtiers-daffaires-dmonteregie\/#primaryimage"},"image":{"@id":"https:\/\/www.sunbeltcanada.com\/monteregie\/fr\/rencontrez-lequipe-des-courtiers-daffaires-dmonteregie\/#primaryimage"},"thumbnailUrl":"https:\/\/www.sunbeltcanada.com\/monteregie\/wp-content\/uploads\/sites\/41\/2021\/02\/our-team-header-min.jpg","datePublished":"2021-02-14T15:16:33+00:00","dateModified":"2021-07-23T10:46:26+00:00","breadcrumb":{"@id":"https:\/\/www.sunbeltcanada.com\/monteregie\/fr\/rencontrez-lequipe-des-courtiers-daffaires-dmonteregie\/#breadcrumb"},"inLanguage":"fr-FR","potentialAction":[{"@type":"ReadAction","target":["https:\/\/www.sunbeltcanada.com\/monteregie\/fr\/rencontrez-lequipe-des-courtiers-daffaires-dmonteregie\/"]}]},{"@type":"ImageObject","inLanguage":"fr-FR","@id":"https:\/\/www.sunbeltcanada.com\/monteregie\/fr\/rencontrez-lequipe-des-courtiers-daffaires-dmonteregie\/#primaryimage","url":"https:\/\/www.sunbeltcanada.com\/monteregie\/wp-content\/uploads\/sites\/41\/2021\/02\/our-team-header-min.jpg","contentUrl":"https:\/\/www.sunbeltcanada.com\/monteregie\/wp-content\/uploads\/sites\/41\/2021\/02\/our-team-header-min.jpg","width":1536,"height":400},{"@type":"BreadcrumbList","@id":"https:\/\/www.sunbeltcanada.com\/monteregie\/fr\/rencontrez-lequipe-des-courtiers-daffaires-dmonteregie\/#breadcrumb","itemListElement":[{"@type":"ListItem","position":1,"name":"Home","item":"https:\/\/www.sunbeltcanada.com\/monteregie\/fr\/"},{"@type":"ListItem","position":2,"name":"Rencontrez l&rsquo;\u00e9quipe des courtiers d&rsquo;affaires d&rsquo;Monteregie"}]},{"@type":"WebSite","@id":"https:\/\/www.sunbeltcanada.com\/monteregie\/fr\/#website","url":"https:\/\/www.sunbeltcanada.com\/monteregie\/fr\/","name":"Sunbelt Canada Monteregie","description":"","publisher":{"@id":"https:\/\/www.sunbeltcanada.com\/monteregie\/fr\/#organization"},"potentialAction":[{"@type":"SearchAction","target":{"@type":"EntryPoint","urlTemplate":"https:\/\/www.sunbeltcanada.com\/monteregie\/fr\/?s={search_term_string}"},"query-input":{"@type":"PropertyValueSpecification","valueRequired":true,"valueName":"search_term_string"}}],"inLanguage":"fr-FR"},{"@type":"Organization","@id":"https:\/\/www.sunbeltcanada.com\/monteregie\/fr\/#organization","name":"Sunbelt Canada Monteregie","url":"https:\/\/www.sunbeltcanada.com\/monteregie\/fr\/","logo":{"@type":"ImageObject","inLanguage":"fr-FR","@id":"https:\/\/www.sunbeltcanada.com\/monteregie\/fr\/#\/schema\/logo\/image\/","url":"https:\/\/www.sunbeltcanada.com\/monteregie\/wp-content\/uploads\/sites\/41\/2021\/07\/SunbeltMonteregie.png","contentUrl":"https:\/\/www.sunbeltcanada.com\/monteregie\/wp-content\/uploads\/sites\/41\/2021\/07\/SunbeltMonteregie.png","width":1063,"height":422,"caption":"Sunbelt Canada Monteregie"},"image":{"@id":"https:\/\/www.sunbeltcanada.com\/monteregie\/fr\/#\/schema\/logo\/image\/"},"sameAs":["https:\/\/www.facebook.com\/sunbeltcanada\/","https:\/\/x.com\/sunbeltcanada","https:\/\/www.linkedin.com\/company\/sunbelt-business-brokers-canada\/"]}]}},"_links":{"self":[{"href":"https:\/\/www.sunbeltcanada.com\/monteregie\/fr\/wp-json\/wp\/v2\/pages\/1780","targetHints":{"allow":["GET"]}}],"collection":[{"href":"https:\/\/www.sunbeltcanada.com\/monteregie\/fr\/wp-json\/wp\/v2\/pages"}],"about":[{"href":"https:\/\/www.sunbeltcanada.com\/monteregie\/fr\/wp-json\/wp\/v2\/types\/page"}],"author":[{"embeddable":true,"href":"https:\/\/www.sunbeltcanada.com\/monteregie\/fr\/wp-json\/wp\/v2\/users\/6"}],"replies":[{"embeddable":true,"href":"https:\/\/www.sunbeltcanada.com\/monteregie\/fr\/wp-json\/wp\/v2\/comments?post=1780"}],"version-history":[{"count":0,"href":"https:\/\/www.sunbeltcanada.com\/monteregie\/fr\/wp-json\/wp\/v2\/pages\/1780\/revisions"}],"wp:featuredmedia":[{"embeddable":true,"href":"https:\/\/www.sunbeltcanada.com\/monteregie\/fr\/wp-json\/wp\/v2\/media\/1779"}],"wp:attachment":[{"href":"https:\/\/www.sunbeltcanada.com\/monteregie\/fr\/wp-json\/wp\/v2\/media?parent=1780"}],"curies":[{"name":"wp","href":"https:\/\/api.w.org\/{rel}","templated":true}]}}