{"id":2572,"date":"2021-05-12T12:09:55","date_gmt":"2021-05-12T12:09:55","guid":{"rendered":"https:\/\/www.sunbeltcanada.com\/montreal-central\/?page_id=2572"},"modified":"2021-07-20T10:58:07","modified_gmt":"2021-07-20T10:58:07","slug":"ressources-sunbelt-canada-montreal-centre","status":"publish","type":"page","link":"https:\/\/www.sunbeltcanada.com\/montreal-central\/fr\/ressources-sunbelt-canada-montreal-centre\/","title":{"rendered":"Ressources Sunbelt Canada Montreal Centre"},"content":{"rendered":"<div class=\"wpb-content-wrapper\">[vc_row gap=\u00a0\u00bb20&Prime; css=\u00a0\u00bb.vc_custom_1620638618260{margin-top: -40px !important;background-color: #ffffff !important;}\u00a0\u00bb][vc_column width=\u00a0\u00bb2\/6&Prime;][vc_single_image image=\u00a0\u00bb2539&Prime; img_size=\u00a0\u00bbfull\u00a0\u00bb][vc_empty_space][\/vc_column][vc_column width=\u00a0\u00bb4\/6&Prime;][vc_column_text]\n<h4>Astuces pour la vente d\u2019une entreprise au Canada<\/h4>\n<p>Vendre une entreprise est compliqu\u00e9. Vous avez besoin d&rsquo;un professionnel qui peut vous guider \u00e0 travers le champ de mines des d\u00e9tails.<\/p>\n<p>Le pr\u00e9sident de Sunbelt Canada <strong>Greg Kells<\/strong> a vu les petites entreprises sous tous les angles &#8211; en tant qu&rsquo;entrepreneur, partenaire, consultant, courtier et \u00e9valuateur &#8211; et a aid\u00e9 des centaines de personnes \u00e0 r\u00e9aliser leurs r\u00eaves.<\/p>\n<p>Son livre Astuces pour la vente d\u2019une entreprise au Canada r\u00e9v\u00e8le les secrets de la vente de votre entreprise et de l&rsquo;obtention de sa valeur sur le march\u00e9 canadien.[\/vc_column_text][vc_btn title=\u00a0\u00bbT\u00e9l\u00e9charger l&rsquo;eBook\u00a0\u00bb style=\u00a0\u00bboutline-custom\u00a0\u00bb outline_custom_color=\u00a0\u00bb#336699&Prime; outline_custom_hover_background=\u00a0\u00bb#336699&Prime; outline_custom_hover_text=\u00a0\u00bb#ffffff\u00a0\u00bb size=\u00a0\u00bblg\u00a0\u00bb align=\u00a0\u00bbleft\u00a0\u00bb link=\u00a0\u00bburl:%2Fmontreal-central%2Ffr%2Fobtenez-nos-conseils-dinities-sur-la-vente-dune-entreprise-au-canada%2F\u00a0\u00bb][\/vc_column][\/vc_row][vc_row gap=\u00a0\u00bb20&Prime; css=\u00a0\u00bb.vc_custom_1619698109926{background-color: #ffffff !important;}\u00a0\u00bb][vc_column width=\u00a0\u00bb2\/6&Prime;][vc_single_image image=\u00a0\u00bb2541&Prime; img_size=\u00a0\u00bbfull\u00a0\u00bb][vc_empty_space][\/vc_column][vc_column width=\u00a0\u00bb4\/6&Prime;][vc_column_text]\n<h4>Astuces pour l\u2019achat d\u2019une Entreprise au Canada<\/h4>\n<p>Les personnes qui ach\u00e8tent une entreprise \u00e9tablie ont un taux de r\u00e9ussite beaucoup plus \u00e9lev\u00e9 que celles qui en cr\u00e9ent une.<\/p>\n<p>Mais la propri\u00e9t\u00e9 d&rsquo;entreprise n&rsquo;est pas pour tout le monde. Conseils d&rsquo;initi\u00e9s sur l&rsquo;achat d&rsquo;une entreprise au Canada par le pr\u00e9sident de Sunbelt Canada <strong>Greg Kells<\/strong> vous aidera \u00e0 d\u00e9cider si c&rsquo;est pour vous et, le cas \u00e9ch\u00e9ant, vous montrera comment acheter la bonne entreprise au bon prix et aux bonnes conditions.[\/vc_column_text][vc_btn title=\u00a0\u00bbT\u00e9l\u00e9charger l&rsquo;eBook\u00a0\u00bb style=\u00a0\u00bboutline-custom\u00a0\u00bb outline_custom_color=\u00a0\u00bb#336699&Prime; outline_custom_hover_background=\u00a0\u00bb#336699&Prime; outline_custom_hover_text=\u00a0\u00bb#ffffff\u00a0\u00bb size=\u00a0\u00bblg\u00a0\u00bb align=\u00a0\u00bbleft\u00a0\u00bb link=\u00a0\u00bburl:%2Fmontreal-central%2Ffr%2Fobtenez-nos-conseils-dinities-sur-lachat-dune-entreprise-au-canada%2F\u00a0\u00bb][\/vc_column][\/vc_row]\n<\/div>","protected":false},"excerpt":{"rendered":"<p>[vc_row gap=\u00a0\u00bb20&Prime; css=\u00a0\u00bb.vc_custom_1620638618260{margin-top: -40px !important;background-color: #ffffff !important;}\u00a0\u00bb][vc_column width=\u00a0\u00bb2\/6&Prime;][vc_single_image image=\u00a0\u00bb2539&Prime; img_size=\u00a0\u00bbfull\u00a0\u00bb][vc_empty_space][\/vc_column][vc_column width=\u00a0\u00bb4\/6&Prime;][vc_column_text] Astuces pour la vente d\u2019une entreprise au Canada Vendre une entreprise est compliqu\u00e9. Vous avez besoin d&rsquo;un professionnel qui peut vous guider \u00e0 travers le champ de mines des d\u00e9tails. Le pr\u00e9sident de Sunbelt Canada Greg Kells a vu les petites entreprises sous tous les angles &#8211; en tant qu&rsquo;entrepreneur, partenaire, consultant, courtier et \u00e9valuateur &#8211; et a aid\u00e9 des centaines de personnes \u00e0 r\u00e9aliser leurs r\u00eaves. Son livre Astuces pour la vente d\u2019une entreprise au Canada r\u00e9v\u00e8le les secrets de la vente de votre entreprise et de l&rsquo;obtention\u2026<\/p>\n","protected":false},"author":71,"featured_media":2544,"parent":0,"menu_order":0,"comment_status":"closed","ping_status":"closed","template":"","meta":{"_monsterinsights_skip_tracking":false,"_monsterinsights_sitenote_active":false,"_monsterinsights_sitenote_note":"","_monsterinsights_sitenote_category":0,"footnotes":""},"class_list":["post-2572","page","type-page","status-publish","has-post-thumbnail","hentry"],"blocksy_meta":"","yoast_head":"<!-- This site is optimized with the Yoast SEO plugin v25.9 - https:\/\/yoast.com\/wordpress\/plugins\/seo\/ -->\n<title>Ressources Sunbelt Canada Montreal Centre - Sunbelt Canada Montreal Centre<\/title>\n<meta name=\"robots\" content=\"index, follow, max-snippet:-1, max-image-preview:large, max-video-preview:-1\" \/>\n<link rel=\"canonical\" href=\"https:\/\/www.sunbeltcanada.com\/montreal-central\/fr\/ressources-sunbelt-canada-montreal-centre\/\" \/>\n<meta property=\"og:locale\" content=\"fr_FR\" \/>\n<meta property=\"og:type\" content=\"article\" \/>\n<meta property=\"og:title\" content=\"Ressources Sunbelt Canada Montreal Centre - Sunbelt Canada Montreal Centre\" \/>\n<meta property=\"og:description\" content=\"[vc_row gap=\u00a0\u00bb20&Prime; css=\u00a0\u00bb.vc_custom_1620638618260{margin-top: -40px !important;background-color: #ffffff !important;}\u00a0\u00bb][vc_column width=\u00a0\u00bb2\/6&Prime;][vc_single_image image=\u00a0\u00bb2539&Prime; img_size=\u00a0\u00bbfull\u00a0\u00bb][vc_empty_space][\/vc_column][vc_column width=\u00a0\u00bb4\/6&Prime;][vc_column_text] Astuces pour la vente d\u2019une entreprise au Canada Vendre une entreprise est compliqu\u00e9. Vous avez besoin d&rsquo;un professionnel qui peut vous guider \u00e0 travers le champ de mines des d\u00e9tails. Le pr\u00e9sident de Sunbelt Canada Greg Kells a vu les petites entreprises sous tous les angles &#8211; en tant qu&rsquo;entrepreneur, partenaire, consultant, courtier et \u00e9valuateur &#8211; et a aid\u00e9 des centaines de personnes \u00e0 r\u00e9aliser leurs r\u00eaves. Son livre Astuces pour la vente d\u2019une entreprise au Canada r\u00e9v\u00e8le les secrets de la vente de votre entreprise et de l&rsquo;obtention\u2026\" \/>\n<meta property=\"og:url\" content=\"https:\/\/www.sunbeltcanada.com\/montreal-central\/fr\/ressources-sunbelt-canada-montreal-centre\/\" \/>\n<meta property=\"og:site_name\" content=\"Sunbelt Canada Montreal Centre\" \/>\n<meta property=\"article:modified_time\" content=\"2021-07-20T10:58:07+00:00\" \/>\n<meta property=\"og:image\" content=\"https:\/\/www.sunbeltcanada.com\/montreal-central\/wp-content\/uploads\/sites\/37\/2021\/05\/insider-tips-header-min.jpg\" \/>\n\t<meta property=\"og:image:width\" content=\"1920\" \/>\n\t<meta property=\"og:image:height\" content=\"500\" \/>\n\t<meta property=\"og:image:type\" content=\"image\/jpeg\" \/>\n<meta name=\"twitter:card\" content=\"summary_large_image\" \/>\n<meta name=\"twitter:label1\" content=\"Dur\u00e9e de lecture estim\u00e9e\" \/>\n\t<meta name=\"twitter:data1\" content=\"2 minutes\" \/>\n<script type=\"application\/ld+json\" class=\"yoast-schema-graph\">{\"@context\":\"https:\/\/schema.org\",\"@graph\":[{\"@type\":\"WebPage\",\"@id\":\"https:\/\/www.sunbeltcanada.com\/montreal-central\/fr\/ressources-sunbelt-canada-montreal-centre\/\",\"url\":\"https:\/\/www.sunbeltcanada.com\/montreal-central\/fr\/ressources-sunbelt-canada-montreal-centre\/\",\"name\":\"Ressources Sunbelt Canada Montreal Centre - Sunbelt Canada Montreal Centre\",\"isPartOf\":{\"@id\":\"https:\/\/www.sunbeltcanada.com\/montreal-central\/fr\/#website\"},\"primaryImageOfPage\":{\"@id\":\"https:\/\/www.sunbeltcanada.com\/montreal-central\/fr\/ressources-sunbelt-canada-montreal-centre\/#primaryimage\"},\"image\":{\"@id\":\"https:\/\/www.sunbeltcanada.com\/montreal-central\/fr\/ressources-sunbelt-canada-montreal-centre\/#primaryimage\"},\"thumbnailUrl\":\"https:\/\/www.sunbeltcanada.com\/montreal-central\/wp-content\/uploads\/sites\/37\/2021\/05\/insider-tips-header-min.jpg\",\"datePublished\":\"2021-05-12T12:09:55+00:00\",\"dateModified\":\"2021-07-20T10:58:07+00:00\",\"breadcrumb\":{\"@id\":\"https:\/\/www.sunbeltcanada.com\/montreal-central\/fr\/ressources-sunbelt-canada-montreal-centre\/#breadcrumb\"},\"inLanguage\":\"fr-FR\",\"potentialAction\":[{\"@type\":\"ReadAction\",\"target\":[\"https:\/\/www.sunbeltcanada.com\/montreal-central\/fr\/ressources-sunbelt-canada-montreal-centre\/\"]}]},{\"@type\":\"ImageObject\",\"inLanguage\":\"fr-FR\",\"@id\":\"https:\/\/www.sunbeltcanada.com\/montreal-central\/fr\/ressources-sunbelt-canada-montreal-centre\/#primaryimage\",\"url\":\"https:\/\/www.sunbeltcanada.com\/montreal-central\/wp-content\/uploads\/sites\/37\/2021\/05\/insider-tips-header-min.jpg\",\"contentUrl\":\"https:\/\/www.sunbeltcanada.com\/montreal-central\/wp-content\/uploads\/sites\/37\/2021\/05\/insider-tips-header-min.jpg\",\"width\":1920,\"height\":500},{\"@type\":\"BreadcrumbList\",\"@id\":\"https:\/\/www.sunbeltcanada.com\/montreal-central\/fr\/ressources-sunbelt-canada-montreal-centre\/#breadcrumb\",\"itemListElement\":[{\"@type\":\"ListItem\",\"position\":1,\"name\":\"Home\",\"item\":\"https:\/\/www.sunbeltcanada.com\/montreal-central\/fr\/\"},{\"@type\":\"ListItem\",\"position\":2,\"name\":\"Ressources Sunbelt Canada Montreal Centre\"}]},{\"@type\":\"WebSite\",\"@id\":\"https:\/\/www.sunbeltcanada.com\/montreal-central\/fr\/#website\",\"url\":\"https:\/\/www.sunbeltcanada.com\/montreal-central\/fr\/\",\"name\":\"Sunbelt Canada Montreal Centre\",\"description\":\"\",\"publisher\":{\"@id\":\"https:\/\/www.sunbeltcanada.com\/montreal-central\/fr\/#organization\"},\"potentialAction\":[{\"@type\":\"SearchAction\",\"target\":{\"@type\":\"EntryPoint\",\"urlTemplate\":\"https:\/\/www.sunbeltcanada.com\/montreal-central\/fr\/?s={search_term_string}\"},\"query-input\":{\"@type\":\"PropertyValueSpecification\",\"valueRequired\":true,\"valueName\":\"search_term_string\"}}],\"inLanguage\":\"fr-FR\"},{\"@type\":\"Organization\",\"@id\":\"https:\/\/www.sunbeltcanada.com\/montreal-central\/fr\/#organization\",\"name\":\"Sunbelt Canada Montreal Centre\",\"url\":\"https:\/\/www.sunbeltcanada.com\/montreal-central\/fr\/\",\"logo\":{\"@type\":\"ImageObject\",\"inLanguage\":\"fr-FR\",\"@id\":\"https:\/\/www.sunbeltcanada.com\/montreal-central\/fr\/#\/schema\/logo\/image\/\",\"url\":\"https:\/\/www.sunbeltcanada.com\/montreal-central\/wp-content\/uploads\/sites\/37\/2021\/07\/SunbeltMontrealCentre.png\",\"contentUrl\":\"https:\/\/www.sunbeltcanada.com\/montreal-central\/wp-content\/uploads\/sites\/37\/2021\/07\/SunbeltMontrealCentre.png\",\"width\":1063,\"height\":422,\"caption\":\"Sunbelt Canada Montreal Centre\"},\"image\":{\"@id\":\"https:\/\/www.sunbeltcanada.com\/montreal-central\/fr\/#\/schema\/logo\/image\/\"}}]}<\/script>\n<!-- \/ Yoast SEO plugin. -->","yoast_head_json":{"title":"Ressources Sunbelt Canada Montreal Centre - Sunbelt Canada Montreal Centre","robots":{"index":"index","follow":"follow","max-snippet":"max-snippet:-1","max-image-preview":"max-image-preview:large","max-video-preview":"max-video-preview:-1"},"canonical":"https:\/\/www.sunbeltcanada.com\/montreal-central\/fr\/ressources-sunbelt-canada-montreal-centre\/","og_locale":"fr_FR","og_type":"article","og_title":"Ressources Sunbelt Canada Montreal Centre - Sunbelt Canada Montreal Centre","og_description":"[vc_row gap=\u00a0\u00bb20&Prime; css=\u00a0\u00bb.vc_custom_1620638618260{margin-top: -40px !important;background-color: #ffffff !important;}\u00a0\u00bb][vc_column width=\u00a0\u00bb2\/6&Prime;][vc_single_image image=\u00a0\u00bb2539&Prime; img_size=\u00a0\u00bbfull\u00a0\u00bb][vc_empty_space][\/vc_column][vc_column width=\u00a0\u00bb4\/6&Prime;][vc_column_text] Astuces pour la vente d\u2019une entreprise au Canada Vendre une entreprise est compliqu\u00e9. Vous avez besoin d&rsquo;un professionnel qui peut vous guider \u00e0 travers le champ de mines des d\u00e9tails. Le pr\u00e9sident de Sunbelt Canada Greg Kells a vu les petites entreprises sous tous les angles &#8211; en tant qu&rsquo;entrepreneur, partenaire, consultant, courtier et \u00e9valuateur &#8211; et a aid\u00e9 des centaines de personnes \u00e0 r\u00e9aliser leurs r\u00eaves. Son livre Astuces pour la vente d\u2019une entreprise au Canada r\u00e9v\u00e8le les secrets de la vente de votre entreprise et de l&rsquo;obtention\u2026","og_url":"https:\/\/www.sunbeltcanada.com\/montreal-central\/fr\/ressources-sunbelt-canada-montreal-centre\/","og_site_name":"Sunbelt Canada Montreal Centre","article_modified_time":"2021-07-20T10:58:07+00:00","og_image":[{"width":1920,"height":500,"url":"https:\/\/www.sunbeltcanada.com\/montreal-central\/wp-content\/uploads\/sites\/37\/2021\/05\/insider-tips-header-min.jpg","type":"image\/jpeg"}],"twitter_card":"summary_large_image","twitter_misc":{"Dur\u00e9e de lecture estim\u00e9e":"2 minutes"},"schema":{"@context":"https:\/\/schema.org","@graph":[{"@type":"WebPage","@id":"https:\/\/www.sunbeltcanada.com\/montreal-central\/fr\/ressources-sunbelt-canada-montreal-centre\/","url":"https:\/\/www.sunbeltcanada.com\/montreal-central\/fr\/ressources-sunbelt-canada-montreal-centre\/","name":"Ressources Sunbelt Canada Montreal Centre - Sunbelt Canada Montreal Centre","isPartOf":{"@id":"https:\/\/www.sunbeltcanada.com\/montreal-central\/fr\/#website"},"primaryImageOfPage":{"@id":"https:\/\/www.sunbeltcanada.com\/montreal-central\/fr\/ressources-sunbelt-canada-montreal-centre\/#primaryimage"},"image":{"@id":"https:\/\/www.sunbeltcanada.com\/montreal-central\/fr\/ressources-sunbelt-canada-montreal-centre\/#primaryimage"},"thumbnailUrl":"https:\/\/www.sunbeltcanada.com\/montreal-central\/wp-content\/uploads\/sites\/37\/2021\/05\/insider-tips-header-min.jpg","datePublished":"2021-05-12T12:09:55+00:00","dateModified":"2021-07-20T10:58:07+00:00","breadcrumb":{"@id":"https:\/\/www.sunbeltcanada.com\/montreal-central\/fr\/ressources-sunbelt-canada-montreal-centre\/#breadcrumb"},"inLanguage":"fr-FR","potentialAction":[{"@type":"ReadAction","target":["https:\/\/www.sunbeltcanada.com\/montreal-central\/fr\/ressources-sunbelt-canada-montreal-centre\/"]}]},{"@type":"ImageObject","inLanguage":"fr-FR","@id":"https:\/\/www.sunbeltcanada.com\/montreal-central\/fr\/ressources-sunbelt-canada-montreal-centre\/#primaryimage","url":"https:\/\/www.sunbeltcanada.com\/montreal-central\/wp-content\/uploads\/sites\/37\/2021\/05\/insider-tips-header-min.jpg","contentUrl":"https:\/\/www.sunbeltcanada.com\/montreal-central\/wp-content\/uploads\/sites\/37\/2021\/05\/insider-tips-header-min.jpg","width":1920,"height":500},{"@type":"BreadcrumbList","@id":"https:\/\/www.sunbeltcanada.com\/montreal-central\/fr\/ressources-sunbelt-canada-montreal-centre\/#breadcrumb","itemListElement":[{"@type":"ListItem","position":1,"name":"Home","item":"https:\/\/www.sunbeltcanada.com\/montreal-central\/fr\/"},{"@type":"ListItem","position":2,"name":"Ressources Sunbelt Canada Montreal Centre"}]},{"@type":"WebSite","@id":"https:\/\/www.sunbeltcanada.com\/montreal-central\/fr\/#website","url":"https:\/\/www.sunbeltcanada.com\/montreal-central\/fr\/","name":"Sunbelt Canada Montreal Centre","description":"","publisher":{"@id":"https:\/\/www.sunbeltcanada.com\/montreal-central\/fr\/#organization"},"potentialAction":[{"@type":"SearchAction","target":{"@type":"EntryPoint","urlTemplate":"https:\/\/www.sunbeltcanada.com\/montreal-central\/fr\/?s={search_term_string}"},"query-input":{"@type":"PropertyValueSpecification","valueRequired":true,"valueName":"search_term_string"}}],"inLanguage":"fr-FR"},{"@type":"Organization","@id":"https:\/\/www.sunbeltcanada.com\/montreal-central\/fr\/#organization","name":"Sunbelt Canada Montreal Centre","url":"https:\/\/www.sunbeltcanada.com\/montreal-central\/fr\/","logo":{"@type":"ImageObject","inLanguage":"fr-FR","@id":"https:\/\/www.sunbeltcanada.com\/montreal-central\/fr\/#\/schema\/logo\/image\/","url":"https:\/\/www.sunbeltcanada.com\/montreal-central\/wp-content\/uploads\/sites\/37\/2021\/07\/SunbeltMontrealCentre.png","contentUrl":"https:\/\/www.sunbeltcanada.com\/montreal-central\/wp-content\/uploads\/sites\/37\/2021\/07\/SunbeltMontrealCentre.png","width":1063,"height":422,"caption":"Sunbelt Canada Montreal Centre"},"image":{"@id":"https:\/\/www.sunbeltcanada.com\/montreal-central\/fr\/#\/schema\/logo\/image\/"}}]}},"_links":{"self":[{"href":"https:\/\/www.sunbeltcanada.com\/montreal-central\/fr\/wp-json\/wp\/v2\/pages\/2572","targetHints":{"allow":["GET"]}}],"collection":[{"href":"https:\/\/www.sunbeltcanada.com\/montreal-central\/fr\/wp-json\/wp\/v2\/pages"}],"about":[{"href":"https:\/\/www.sunbeltcanada.com\/montreal-central\/fr\/wp-json\/wp\/v2\/types\/page"}],"author":[{"embeddable":true,"href":"https:\/\/www.sunbeltcanada.com\/montreal-central\/fr\/wp-json\/wp\/v2\/users\/71"}],"replies":[{"embeddable":true,"href":"https:\/\/www.sunbeltcanada.com\/montreal-central\/fr\/wp-json\/wp\/v2\/comments?post=2572"}],"version-history":[{"count":0,"href":"https:\/\/www.sunbeltcanada.com\/montreal-central\/fr\/wp-json\/wp\/v2\/pages\/2572\/revisions"}],"wp:featuredmedia":[{"embeddable":true,"href":"https:\/\/www.sunbeltcanada.com\/montreal-central\/fr\/wp-json\/wp\/v2\/media\/2544"}],"wp:attachment":[{"href":"https:\/\/www.sunbeltcanada.com\/montreal-central\/fr\/wp-json\/wp\/v2\/media?parent=2572"}],"curies":[{"name":"wp","href":"https:\/\/api.w.org\/{rel}","templated":true}]}}