{"id":1582,"date":"2021-02-11T09:33:11","date_gmt":"2021-02-11T09:33:11","guid":{"rendered":"https:\/\/www.sunbeltcanada.com\/ottawa\/?page_id=1582"},"modified":"2023-09-26T15:48:07","modified_gmt":"2023-09-26T15:48:07","slug":"merci-communiquer-avec-un-courtier","status":"publish","type":"page","link":"https:\/\/www.sunbeltcanada.com\/ottawa\/fr\/merci-communiquer-avec-un-courtier\/","title":{"rendered":"Merci"},"content":{"rendered":"<div class=\"wpb-content-wrapper\">[vc_row content_placement=\u00a0\u00bbmiddle\u00a0\u00bb][vc_column width=\u00a0\u00bb1\/2&Prime;][vc_column_text]\n<h2>Merci!<\/h2>\n<p>Nous avons re\u00e7u votre demande.<br \/>\nVeuillez surveiller votre e-mail pour les prochaines \u00e9tapes.<\/p>\n<h3>Sunbelt Canada Ottawa<\/h3>\n[\/vc_column_text][\/vc_column][vc_column width=\u00a0\u00bb1\/2&Prime;][vc_single_image image=\u00a0\u00bb3052&Prime; img_size=\u00a0\u00bbfull\u00a0\u00bb style=\u00a0\u00bbvc_box_rounded\u00a0\u00bb][\/vc_column][\/vc_row][vc_row][vc_column][vc_empty_space height=\u00a0\u00bb48px\u00a0\u00bb][\/vc_column][\/vc_row][vc_row full_width=\u00a0\u00bbstretch_row\u00a0\u00bb gap=\u00a0\u00bb35&Prime; equal_height=\u00a0\u00bbyes\u00a0\u00bb content_placement=\u00a0\u00bbmiddle\u00a0\u00bb css=\u00a0\u00bb.vc_custom_1624009172128{margin-bottom: -40px !important;padding-bottom: 32px !important;background-color: #f9f9f9 !important;}\u00a0\u00bb][vc_column width=\u00a0\u00bb2\/5&Prime;][vc_column_text]\n<h2>\u00cates-vous int\u00e9ress\u00e9 par nos entreprises \u00e0 vendre?<\/h2>\n[\/vc_column_text][vc_empty_space][vc_column_text]Commencez votre recherche de l&rsquo;opportunit\u00e9 commerciale id\u00e9ale en consultant notre derni\u00e8re annonce ou parcourez toute la collection \u00e0 partir du lien ci-dessous.[\/vc_column_text][vc_empty_space][vc_btn title=\u00a0\u00bbVOIR NOS ENTREPRISES \u00c0 VENDRE\u00a0\u00bb style=\u00a0\u00bboutline-custom\u00a0\u00bb outline_custom_color=\u00a0\u00bb#336699&Prime; outline_custom_hover_background=\u00a0\u00bb#336699&Prime; outline_custom_hover_text=\u00a0\u00bb#ffffff\u00a0\u00bb align=\u00a0\u00bbleft\u00a0\u00bb i_align=\u00a0\u00bbright\u00a0\u00bb i_icon_fontawesome=\u00a0\u00bbfas fa-angle-double-right\u00a0\u00bb add_icon=\u00a0\u00bbtrue\u00a0\u00bb link=\u00a0\u00bburl:%2Fottawa%2Ffr%2Fentreprises-a-vendre%2F\u00a0\u00bb][\/vc_column][vc_column width=\u00a0\u00bb3\/5&Prime;][vc_column_text]\n\n\n<div id=\"wpv-view-layout-2638\" class=\"js-wpv-view-layout js-wpv-layout-responsive js-wpv-view-layout-2638\" data-viewnumber=\"2638\" data-pagination=\"{&quot;id&quot;:2638,&quot;query&quot;:&quot;normal&quot;,&quot;type&quot;:&quot;disabled&quot;,&quot;effect&quot;:&quot;fade&quot;,&quot;duration&quot;:500,&quot;speed&quot;:8,&quot;pause_on_hover&quot;:&quot;enabled&quot;,&quot;stop_rollover&quot;:&quot;false&quot;,&quot;cache_pages&quot;:&quot;enabled&quot;,&quot;preload_images&quot;:&quot;enabled&quot;,&quot;preload_pages&quot;:&quot;enabled&quot;,&quot;preload_reach&quot;:19,&quot;spinner&quot;:&quot;builtin&quot;,&quot;spinner_image&quot;:&quot;&quot;,&quot;callback_next&quot;:&quot;&quot;,&quot;manage_history&quot;:&quot;enabled&quot;,&quot;has_controls_in_form&quot;:&quot;disabled&quot;,&quot;infinite_tolerance&quot;:0,&quot;max_pages&quot;:1,&quot;page&quot;:1,&quot;base_permalink&quot;:&quot;\/ottawa\/fr\/wp-json\/wp\/v2\/pages\/1582?wpv_view_count=2638&amp;wpv_paged=WPV_PAGE_NUM&quot;,&quot;loop&quot;:{&quot;type&quot;:&quot;&quot;,&quot;name&quot;:&quot;&quot;,&quot;data&quot;:[],&quot;id&quot;:0}}\" data-permalink=\"\/ottawa\/fr\/wp-json\/wp\/v2\/pages\/1582?wpv_view_count=2638\">\n\n\t\n\t\n\t\n\t\t\n\t\t<div class=\"row \">\n\t\t\t<div class=\"col-md-6\"><div class=\"listing-box\">\n\t<div class=\"listing-content\">\n\t\t<div class=\"listing-industry\">\n\t\t\tEducational Services\n\t\t<\/div>\n\t\t<div class=\"listing-title\">\n\t\t\t<a href=\"https:\/\/www.sunbeltcanada.com\/ottawa\/fr\/posting\/academic-tutoring-franchise\/\">Academic Tutoring Franchise &#8211; No Teaching Experience Required<\/a>\n\t\t<\/div>\n\t<\/div>\n\t<div class=\"image-holder\">\n\t\t<div class=\"ftrdimg\">\n\t\t\t\n\t\t\t\t<a href=\"https:\/\/www.sunbeltcanada.com\/ottawa\/fr\/posting\/academic-tutoring-franchise\/\"><img loading=\"lazy\" decoding=\"async\" width=\"385\" height=\"425\" src=\"https:\/\/www.sunbeltcanada.com\/ottawa\/wp-content\/uploads\/sites\/7\/2022\/02\/pexels-annushka-ahuja-8055470-1-385x425.jpg\" class=\"attachment-posting-custom-size size-posting-custom-size wp-post-image\" alt=\"\" srcset=\"https:\/\/www.sunbeltcanada.com\/ottawa\/wp-content\/uploads\/sites\/7\/2022\/02\/pexels-annushka-ahuja-8055470-1-385x425.jpg 385w, https:\/\/www.sunbeltcanada.com\/ottawa\/wp-content\/uploads\/sites\/7\/2022\/02\/pexels-annushka-ahuja-8055470-1-272x300.jpg 272w, https:\/\/www.sunbeltcanada.com\/ottawa\/wp-content\/uploads\/sites\/7\/2022\/02\/pexels-annushka-ahuja-8055470-1.jpg 417w\" sizes=\"auto, (max-width: 385px) 100vw, 385px\" \/><\/a>\n\t\t\t\n\t\t\t\n\t\t<\/div>\n\t\t<div class=\"image-top-left\">\n\t\t\t\n\t\t\t\t<div class=\"new-button\">NOUVELLE<\/div>\n\t\t\t\n\t\t<\/div>\n\t\t<div class=\"image-top-left\">\n\t\t\t\n\t\t<\/div>\n\t\t<div class=\"image-top-left\">\n\t\t\t\n\t\t<\/div>\n\t<\/div>\n\t<div class=\"listing-content\">\n\t\t<div class=\"\"><span class=\"description-name\">Demander un prix:<\/span> <span class=\"description-value\">$ 120,000<\/span><\/div>\n\t\t<div class=\"\"><span class=\"description-name\">No. d&rsquo;entreprise:<\/span> <span class=\"description-value\">OTTA0059<\/span><\/div>\n\t\t<div class=\"\"><span class=\"description-name\">Emplacement:<\/span> <span class=\"description-value\">Ottawa<\/span><\/div>\n\t\t<div class=\"su-spacer\" style=\"height:24px\"><\/div>\n\t\t<div class=\"more-info-button\">\n\t\t\t<a href=\"https:\/\/www.sunbeltcanada.com\/ottawa\/fr\/posting\/academic-tutoring-franchise\/\">Plus d&rsquo;informations \u00bb<\/a>\n\t\t<\/div>\n\t\t<div class=\"su-spacer\" style=\"height:16px\"><\/div>\n\t<\/div>\n<\/div>\n<div class=\"su-spacer\" style=\"height:32px\"><\/div><\/div>\n\t\t\n\t\t\n\t\t\t<div class=\"col-md-6\"><div class=\"listing-box\">\n\t<div class=\"listing-content\">\n\t\t<div class=\"listing-industry\">\n\t\t\tAccommodation\n\t\t<\/div>\n\t\t<div class=\"listing-title\">\n\t\t\t<a href=\"https:\/\/www.sunbeltcanada.com\/ottawa\/fr\/posting\/boutique-de-villegiature-populaire-a-vendre-dans-le-centre-du-canada\/\">Terrain de Camping et Chalets de Haute-Gamme &#8211; Ouest du Qu\u00e9bec<\/a>\n\t\t<\/div>\n\t<\/div>\n\t<div class=\"image-holder\">\n\t\t<div class=\"ftrdimg\">\n\t\t\t\n\t\t\t\t<a href=\"https:\/\/www.sunbeltcanada.com\/ottawa\/fr\/posting\/boutique-de-villegiature-populaire-a-vendre-dans-le-centre-du-canada\/\"><img loading=\"lazy\" decoding=\"async\" width=\"567\" height=\"425\" src=\"https:\/\/www.sunbeltcanada.com\/ottawa\/wp-content\/uploads\/sites\/7\/2021\/05\/Top-of-the-mountain-photo-1-567x425.jpg\" class=\"attachment-posting-custom-size size-posting-custom-size wp-post-image\" alt=\"\" srcset=\"https:\/\/www.sunbeltcanada.com\/ottawa\/wp-content\/uploads\/sites\/7\/2021\/05\/Top-of-the-mountain-photo-1-567x425.jpg 567w, https:\/\/www.sunbeltcanada.com\/ottawa\/wp-content\/uploads\/sites\/7\/2021\/05\/Top-of-the-mountain-photo-1-300x225.jpg 300w, https:\/\/www.sunbeltcanada.com\/ottawa\/wp-content\/uploads\/sites\/7\/2021\/05\/Top-of-the-mountain-photo-1.jpg 640w\" sizes=\"auto, (max-width: 567px) 100vw, 567px\" \/><\/a>\n\t\t\t\n\t\t\t\n\t\t<\/div>\n\t\t<div class=\"image-top-left\">\n\t\t\t\n\t\t<\/div>\n\t\t<div class=\"image-top-left\">\n\t\t\t\n\t\t\t\t<div class=\"available-button\">DISPONIBLE<\/div>\n\t\t\t\n\t\t<\/div>\n\t\t<div class=\"image-top-left\">\n\t\t\t\n\t\t<\/div>\n\t<\/div>\n\t<div class=\"listing-content\">\n\t\t<div class=\"\"><span class=\"description-name\">Demander un prix:<\/span> <span class=\"description-value\">$ 5,900,000<\/span><\/div>\n\t\t<div class=\"\"><span class=\"description-name\">No. d&rsquo;entreprise:<\/span> <span class=\"description-value\">OTTA0014<\/span><\/div>\n\t\t<div class=\"\"><span class=\"description-name\">Emplacement:<\/span> <span class=\"description-value\">Central Canada<\/span><\/div>\n\t\t<div class=\"su-spacer\" style=\"height:24px\"><\/div>\n\t\t<div class=\"more-info-button\">\n\t\t\t<a href=\"https:\/\/www.sunbeltcanada.com\/ottawa\/fr\/posting\/boutique-de-villegiature-populaire-a-vendre-dans-le-centre-du-canada\/\">Plus d&rsquo;informations \u00bb<\/a>\n\t\t<\/div>\n\t\t<div class=\"su-spacer\" style=\"height:16px\"><\/div>\n\t<\/div>\n<\/div>\n<div class=\"su-spacer\" style=\"height:32px\"><\/div><\/div>\n\t\t<\/div>\n\t\t\n\t\n\t\n\t\n<\/div>\n[\/vc_column_text][\/vc_column][\/vc_row]\n<\/div>","protected":false},"excerpt":{"rendered":"<p>[vc_row content_placement=\u00a0\u00bbmiddle\u00a0\u00bb][vc_column width=\u00a0\u00bb1\/2&Prime;][vc_column_text] Merci! Nous avons re\u00e7u votre demande. Veuillez surveiller votre e-mail pour les prochaines \u00e9tapes. Sunbelt Canada Ottawa [\/vc_column_text][\/vc_column][vc_column width=\u00a0\u00bb1\/2&Prime;][vc_single_image image=\u00a0\u00bb3052&Prime; img_size=\u00a0\u00bbfull\u00a0\u00bb style=\u00a0\u00bbvc_box_rounded\u00a0\u00bb][\/vc_column][\/vc_row][vc_row][vc_column][vc_empty_space height=\u00a0\u00bb48px\u00a0\u00bb][\/vc_column][\/vc_row][vc_row full_width=\u00a0\u00bbstretch_row\u00a0\u00bb gap=\u00a0\u00bb35&Prime; equal_height=\u00a0\u00bbyes\u00a0\u00bb content_placement=\u00a0\u00bbmiddle\u00a0\u00bb css=\u00a0\u00bb.vc_custom_1624009172128{margin-bottom: -40px !important;padding-bottom: 32px !important;background-color: #f9f9f9 !important;}\u00a0\u00bb][vc_column width=\u00a0\u00bb2\/5&Prime;][vc_column_text] \u00cates-vous int\u00e9ress\u00e9 par nos entreprises \u00e0 vendre? [\/vc_column_text][vc_empty_space][vc_column_text]Commencez votre recherche de l&rsquo;opportunit\u00e9 commerciale id\u00e9ale en consultant notre derni\u00e8re annonce ou parcourez toute la collection \u00e0 partir du lien ci-dessous.[\/vc_column_text][vc_empty_space][vc_btn title=\u00a0\u00bbVOIR NOS ENTREPRISES \u00c0 VENDRE\u00a0\u00bb style=\u00a0\u00bboutline-custom\u00a0\u00bb outline_custom_color=\u00a0\u00bb#336699&Prime; outline_custom_hover_background=\u00a0\u00bb#336699&Prime; outline_custom_hover_text=\u00a0\u00bb#ffffff\u00a0\u00bb align=\u00a0\u00bbleft\u00a0\u00bb i_align=\u00a0\u00bbright\u00a0\u00bb i_icon_fontawesome=\u00a0\u00bbfas fa-angle-double-right\u00a0\u00bb add_icon=\u00a0\u00bbtrue\u00a0\u00bb link=\u00a0\u00bburl:%2Fottawa%2Ffr%2Fentreprises-a-vendre%2F\u00a0\u00bb][\/vc_column][vc_column width=\u00a0\u00bb3\/5&Prime;][vc_column_text] Educational Services Academic Tutoring Franchise &#8211; No Teaching Experience Required NOUVELLE Demander un prix: $ 120,000 No.\u2026<\/p>\n","protected":false},"author":6,"featured_media":1383,"parent":0,"menu_order":0,"comment_status":"closed","ping_status":"closed","template":"","meta":{"_monsterinsights_skip_tracking":false,"_monsterinsights_sitenote_active":false,"_monsterinsights_sitenote_note":"","_monsterinsights_sitenote_category":0,"footnotes":""},"class_list":["post-1582","page","type-page","status-publish","has-post-thumbnail","hentry"],"blocksy_meta":"","yoast_head":"<!-- This site is optimized with the Yoast SEO plugin v25.9 - https:\/\/yoast.com\/wordpress\/plugins\/seo\/ -->\n<title>Merci - Sunbelt Canada Ottawa<\/title>\n<meta name=\"robots\" content=\"noindex, follow\" \/>\n<meta property=\"og:locale\" content=\"fr_FR\" \/>\n<meta property=\"og:type\" content=\"article\" \/>\n<meta property=\"og:title\" content=\"Merci - Sunbelt Canada Ottawa\" \/>\n<meta property=\"og:description\" content=\"[vc_row content_placement=\u00a0\u00bbmiddle\u00a0\u00bb][vc_column width=\u00a0\u00bb1\/2&Prime;][vc_column_text] Merci! Nous avons re\u00e7u votre demande. Veuillez surveiller votre e-mail pour les prochaines \u00e9tapes. Sunbelt Canada Ottawa [\/vc_column_text][\/vc_column][vc_column width=\u00a0\u00bb1\/2&Prime;][vc_single_image image=\u00a0\u00bb3052&Prime; img_size=\u00a0\u00bbfull\u00a0\u00bb style=\u00a0\u00bbvc_box_rounded\u00a0\u00bb][\/vc_column][\/vc_row][vc_row][vc_column][vc_empty_space height=\u00a0\u00bb48px\u00a0\u00bb][\/vc_column][\/vc_row][vc_row full_width=\u00a0\u00bbstretch_row\u00a0\u00bb gap=\u00a0\u00bb35&Prime; equal_height=\u00a0\u00bbyes\u00a0\u00bb content_placement=\u00a0\u00bbmiddle\u00a0\u00bb css=\u00a0\u00bb.vc_custom_1624009172128{margin-bottom: -40px !important;padding-bottom: 32px !important;background-color: #f9f9f9 !important;}\u00a0\u00bb][vc_column width=\u00a0\u00bb2\/5&Prime;][vc_column_text] \u00cates-vous int\u00e9ress\u00e9 par nos entreprises \u00e0 vendre? [\/vc_column_text][vc_empty_space][vc_column_text]Commencez votre recherche de l&rsquo;opportunit\u00e9 commerciale id\u00e9ale en consultant notre derni\u00e8re annonce ou parcourez toute la collection \u00e0 partir du lien ci-dessous.[\/vc_column_text][vc_empty_space][vc_btn title=\u00a0\u00bbVOIR NOS ENTREPRISES \u00c0 VENDRE\u00a0\u00bb style=\u00a0\u00bboutline-custom\u00a0\u00bb outline_custom_color=\u00a0\u00bb#336699&Prime; outline_custom_hover_background=\u00a0\u00bb#336699&Prime; outline_custom_hover_text=\u00a0\u00bb#ffffff\u00a0\u00bb align=\u00a0\u00bbleft\u00a0\u00bb i_align=\u00a0\u00bbright\u00a0\u00bb i_icon_fontawesome=\u00a0\u00bbfas fa-angle-double-right\u00a0\u00bb add_icon=\u00a0\u00bbtrue\u00a0\u00bb link=\u00a0\u00bburl:%2Fottawa%2Ffr%2Fentreprises-a-vendre%2F\u00a0\u00bb][\/vc_column][vc_column width=\u00a0\u00bb3\/5&Prime;][vc_column_text] Educational Services Academic Tutoring Franchise &#8211; No Teaching Experience Required NOUVELLE Demander un prix: $ 120,000 No.\u2026\" \/>\n<meta property=\"og:url\" content=\"https:\/\/www.sunbeltcanada.com\/ottawa\/fr\/merci-communiquer-avec-un-courtier\/\" \/>\n<meta property=\"og:site_name\" content=\"Sunbelt Canada Ottawa\" \/>\n<meta property=\"article:modified_time\" content=\"2023-09-26T15:48:07+00:00\" \/>\n<meta property=\"og:image\" content=\"https:\/\/www.sunbeltcanada.com\/ottawa\/wp-content\/uploads\/sites\/7\/2021\/02\/thank-you-header-min-1.jpg\" \/>\n\t<meta property=\"og:image:width\" content=\"1920\" \/>\n\t<meta property=\"og:image:height\" content=\"500\" \/>\n\t<meta property=\"og:image:type\" content=\"image\/jpeg\" \/>\n<meta name=\"twitter:card\" content=\"summary_large_image\" \/>\n<meta name=\"twitter:label1\" content=\"Dur\u00e9e de lecture estim\u00e9e\" \/>\n\t<meta name=\"twitter:data1\" content=\"1 minute\" \/>\n<script type=\"application\/ld+json\" class=\"yoast-schema-graph\">{\"@context\":\"https:\/\/schema.org\",\"@graph\":[{\"@type\":\"WebPage\",\"@id\":\"https:\/\/www.sunbeltcanada.com\/ottawa\/fr\/merci-communiquer-avec-un-courtier\/\",\"url\":\"https:\/\/www.sunbeltcanada.com\/ottawa\/fr\/merci-communiquer-avec-un-courtier\/\",\"name\":\"Merci - Sunbelt Canada Ottawa\",\"isPartOf\":{\"@id\":\"https:\/\/www.sunbeltcanada.com\/ottawa\/fr\/#website\"},\"primaryImageOfPage\":{\"@id\":\"https:\/\/www.sunbeltcanada.com\/ottawa\/fr\/merci-communiquer-avec-un-courtier\/#primaryimage\"},\"image\":{\"@id\":\"https:\/\/www.sunbeltcanada.com\/ottawa\/fr\/merci-communiquer-avec-un-courtier\/#primaryimage\"},\"thumbnailUrl\":\"https:\/\/www.sunbeltcanada.com\/ottawa\/wp-content\/uploads\/sites\/7\/2021\/02\/thank-you-header-min-1.jpg\",\"datePublished\":\"2021-02-11T09:33:11+00:00\",\"dateModified\":\"2023-09-26T15:48:07+00:00\",\"breadcrumb\":{\"@id\":\"https:\/\/www.sunbeltcanada.com\/ottawa\/fr\/merci-communiquer-avec-un-courtier\/#breadcrumb\"},\"inLanguage\":\"fr-FR\",\"potentialAction\":[{\"@type\":\"ReadAction\",\"target\":[\"https:\/\/www.sunbeltcanada.com\/ottawa\/fr\/merci-communiquer-avec-un-courtier\/\"]}]},{\"@type\":\"ImageObject\",\"inLanguage\":\"fr-FR\",\"@id\":\"https:\/\/www.sunbeltcanada.com\/ottawa\/fr\/merci-communiquer-avec-un-courtier\/#primaryimage\",\"url\":\"https:\/\/www.sunbeltcanada.com\/ottawa\/wp-content\/uploads\/sites\/7\/2021\/02\/thank-you-header-min-1.jpg\",\"contentUrl\":\"https:\/\/www.sunbeltcanada.com\/ottawa\/wp-content\/uploads\/sites\/7\/2021\/02\/thank-you-header-min-1.jpg\",\"width\":1920,\"height\":500},{\"@type\":\"BreadcrumbList\",\"@id\":\"https:\/\/www.sunbeltcanada.com\/ottawa\/fr\/merci-communiquer-avec-un-courtier\/#breadcrumb\",\"itemListElement\":[{\"@type\":\"ListItem\",\"position\":1,\"name\":\"Home\",\"item\":\"https:\/\/www.sunbeltcanada.com\/ottawa\/fr\/\"},{\"@type\":\"ListItem\",\"position\":2,\"name\":\"Merci\"}]},{\"@type\":\"WebSite\",\"@id\":\"https:\/\/www.sunbeltcanada.com\/ottawa\/fr\/#website\",\"url\":\"https:\/\/www.sunbeltcanada.com\/ottawa\/fr\/\",\"name\":\"Sunbelt Canada Ottawa\",\"description\":\"The Place to Buy or Sell a Business\",\"publisher\":{\"@id\":\"https:\/\/www.sunbeltcanada.com\/ottawa\/fr\/#organization\"},\"potentialAction\":[{\"@type\":\"SearchAction\",\"target\":{\"@type\":\"EntryPoint\",\"urlTemplate\":\"https:\/\/www.sunbeltcanada.com\/ottawa\/fr\/?s={search_term_string}\"},\"query-input\":{\"@type\":\"PropertyValueSpecification\",\"valueRequired\":true,\"valueName\":\"search_term_string\"}}],\"inLanguage\":\"fr-FR\"},{\"@type\":\"Organization\",\"@id\":\"https:\/\/www.sunbeltcanada.com\/ottawa\/fr\/#organization\",\"name\":\"Sunbelt Canada Ottawa\",\"url\":\"https:\/\/www.sunbeltcanada.com\/ottawa\/fr\/\",\"logo\":{\"@type\":\"ImageObject\",\"inLanguage\":\"fr-FR\",\"@id\":\"https:\/\/www.sunbeltcanada.com\/ottawa\/fr\/#\/schema\/logo\/image\/\",\"url\":\"https:\/\/www.sunbeltcanada.com\/ottawa\/wp-content\/uploads\/sites\/7\/2021\/03\/SunbeltCanadaOttawa-min-1.png\",\"contentUrl\":\"https:\/\/www.sunbeltcanada.com\/ottawa\/wp-content\/uploads\/sites\/7\/2021\/03\/SunbeltCanadaOttawa-min-1.png\",\"width\":1063,\"height\":422,\"caption\":\"Sunbelt Canada Ottawa\"},\"image\":{\"@id\":\"https:\/\/www.sunbeltcanada.com\/ottawa\/fr\/#\/schema\/logo\/image\/\"}}]}<\/script>\n<!-- \/ Yoast SEO plugin. -->","yoast_head_json":{"title":"Merci - Sunbelt Canada Ottawa","robots":{"index":"noindex","follow":"follow"},"og_locale":"fr_FR","og_type":"article","og_title":"Merci - Sunbelt Canada Ottawa","og_description":"[vc_row content_placement=\u00a0\u00bbmiddle\u00a0\u00bb][vc_column width=\u00a0\u00bb1\/2&Prime;][vc_column_text] Merci! Nous avons re\u00e7u votre demande. Veuillez surveiller votre e-mail pour les prochaines \u00e9tapes. Sunbelt Canada Ottawa [\/vc_column_text][\/vc_column][vc_column width=\u00a0\u00bb1\/2&Prime;][vc_single_image image=\u00a0\u00bb3052&Prime; img_size=\u00a0\u00bbfull\u00a0\u00bb style=\u00a0\u00bbvc_box_rounded\u00a0\u00bb][\/vc_column][\/vc_row][vc_row][vc_column][vc_empty_space height=\u00a0\u00bb48px\u00a0\u00bb][\/vc_column][\/vc_row][vc_row full_width=\u00a0\u00bbstretch_row\u00a0\u00bb gap=\u00a0\u00bb35&Prime; equal_height=\u00a0\u00bbyes\u00a0\u00bb content_placement=\u00a0\u00bbmiddle\u00a0\u00bb css=\u00a0\u00bb.vc_custom_1624009172128{margin-bottom: -40px !important;padding-bottom: 32px !important;background-color: #f9f9f9 !important;}\u00a0\u00bb][vc_column width=\u00a0\u00bb2\/5&Prime;][vc_column_text] \u00cates-vous int\u00e9ress\u00e9 par nos entreprises \u00e0 vendre? [\/vc_column_text][vc_empty_space][vc_column_text]Commencez votre recherche de l&rsquo;opportunit\u00e9 commerciale id\u00e9ale en consultant notre derni\u00e8re annonce ou parcourez toute la collection \u00e0 partir du lien ci-dessous.[\/vc_column_text][vc_empty_space][vc_btn title=\u00a0\u00bbVOIR NOS ENTREPRISES \u00c0 VENDRE\u00a0\u00bb style=\u00a0\u00bboutline-custom\u00a0\u00bb outline_custom_color=\u00a0\u00bb#336699&Prime; outline_custom_hover_background=\u00a0\u00bb#336699&Prime; outline_custom_hover_text=\u00a0\u00bb#ffffff\u00a0\u00bb align=\u00a0\u00bbleft\u00a0\u00bb i_align=\u00a0\u00bbright\u00a0\u00bb i_icon_fontawesome=\u00a0\u00bbfas fa-angle-double-right\u00a0\u00bb add_icon=\u00a0\u00bbtrue\u00a0\u00bb link=\u00a0\u00bburl:%2Fottawa%2Ffr%2Fentreprises-a-vendre%2F\u00a0\u00bb][\/vc_column][vc_column width=\u00a0\u00bb3\/5&Prime;][vc_column_text] Educational Services Academic Tutoring Franchise &#8211; No Teaching Experience Required NOUVELLE Demander un prix: $ 120,000 No.\u2026","og_url":"https:\/\/www.sunbeltcanada.com\/ottawa\/fr\/merci-communiquer-avec-un-courtier\/","og_site_name":"Sunbelt Canada Ottawa","article_modified_time":"2023-09-26T15:48:07+00:00","og_image":[{"width":1920,"height":500,"url":"https:\/\/www.sunbeltcanada.com\/ottawa\/wp-content\/uploads\/sites\/7\/2021\/02\/thank-you-header-min-1.jpg","type":"image\/jpeg"}],"twitter_card":"summary_large_image","twitter_misc":{"Dur\u00e9e de lecture estim\u00e9e":"1 minute"},"schema":{"@context":"https:\/\/schema.org","@graph":[{"@type":"WebPage","@id":"https:\/\/www.sunbeltcanada.com\/ottawa\/fr\/merci-communiquer-avec-un-courtier\/","url":"https:\/\/www.sunbeltcanada.com\/ottawa\/fr\/merci-communiquer-avec-un-courtier\/","name":"Merci - Sunbelt Canada Ottawa","isPartOf":{"@id":"https:\/\/www.sunbeltcanada.com\/ottawa\/fr\/#website"},"primaryImageOfPage":{"@id":"https:\/\/www.sunbeltcanada.com\/ottawa\/fr\/merci-communiquer-avec-un-courtier\/#primaryimage"},"image":{"@id":"https:\/\/www.sunbeltcanada.com\/ottawa\/fr\/merci-communiquer-avec-un-courtier\/#primaryimage"},"thumbnailUrl":"https:\/\/www.sunbeltcanada.com\/ottawa\/wp-content\/uploads\/sites\/7\/2021\/02\/thank-you-header-min-1.jpg","datePublished":"2021-02-11T09:33:11+00:00","dateModified":"2023-09-26T15:48:07+00:00","breadcrumb":{"@id":"https:\/\/www.sunbeltcanada.com\/ottawa\/fr\/merci-communiquer-avec-un-courtier\/#breadcrumb"},"inLanguage":"fr-FR","potentialAction":[{"@type":"ReadAction","target":["https:\/\/www.sunbeltcanada.com\/ottawa\/fr\/merci-communiquer-avec-un-courtier\/"]}]},{"@type":"ImageObject","inLanguage":"fr-FR","@id":"https:\/\/www.sunbeltcanada.com\/ottawa\/fr\/merci-communiquer-avec-un-courtier\/#primaryimage","url":"https:\/\/www.sunbeltcanada.com\/ottawa\/wp-content\/uploads\/sites\/7\/2021\/02\/thank-you-header-min-1.jpg","contentUrl":"https:\/\/www.sunbeltcanada.com\/ottawa\/wp-content\/uploads\/sites\/7\/2021\/02\/thank-you-header-min-1.jpg","width":1920,"height":500},{"@type":"BreadcrumbList","@id":"https:\/\/www.sunbeltcanada.com\/ottawa\/fr\/merci-communiquer-avec-un-courtier\/#breadcrumb","itemListElement":[{"@type":"ListItem","position":1,"name":"Home","item":"https:\/\/www.sunbeltcanada.com\/ottawa\/fr\/"},{"@type":"ListItem","position":2,"name":"Merci"}]},{"@type":"WebSite","@id":"https:\/\/www.sunbeltcanada.com\/ottawa\/fr\/#website","url":"https:\/\/www.sunbeltcanada.com\/ottawa\/fr\/","name":"Sunbelt Canada Ottawa","description":"The Place to Buy or Sell a Business","publisher":{"@id":"https:\/\/www.sunbeltcanada.com\/ottawa\/fr\/#organization"},"potentialAction":[{"@type":"SearchAction","target":{"@type":"EntryPoint","urlTemplate":"https:\/\/www.sunbeltcanada.com\/ottawa\/fr\/?s={search_term_string}"},"query-input":{"@type":"PropertyValueSpecification","valueRequired":true,"valueName":"search_term_string"}}],"inLanguage":"fr-FR"},{"@type":"Organization","@id":"https:\/\/www.sunbeltcanada.com\/ottawa\/fr\/#organization","name":"Sunbelt Canada Ottawa","url":"https:\/\/www.sunbeltcanada.com\/ottawa\/fr\/","logo":{"@type":"ImageObject","inLanguage":"fr-FR","@id":"https:\/\/www.sunbeltcanada.com\/ottawa\/fr\/#\/schema\/logo\/image\/","url":"https:\/\/www.sunbeltcanada.com\/ottawa\/wp-content\/uploads\/sites\/7\/2021\/03\/SunbeltCanadaOttawa-min-1.png","contentUrl":"https:\/\/www.sunbeltcanada.com\/ottawa\/wp-content\/uploads\/sites\/7\/2021\/03\/SunbeltCanadaOttawa-min-1.png","width":1063,"height":422,"caption":"Sunbelt Canada Ottawa"},"image":{"@id":"https:\/\/www.sunbeltcanada.com\/ottawa\/fr\/#\/schema\/logo\/image\/"}}]}},"_links":{"self":[{"href":"https:\/\/www.sunbeltcanada.com\/ottawa\/fr\/wp-json\/wp\/v2\/pages\/1582","targetHints":{"allow":["GET"]}}],"collection":[{"href":"https:\/\/www.sunbeltcanada.com\/ottawa\/fr\/wp-json\/wp\/v2\/pages"}],"about":[{"href":"https:\/\/www.sunbeltcanada.com\/ottawa\/fr\/wp-json\/wp\/v2\/types\/page"}],"author":[{"embeddable":true,"href":"https:\/\/www.sunbeltcanada.com\/ottawa\/fr\/wp-json\/wp\/v2\/users\/6"}],"replies":[{"embeddable":true,"href":"https:\/\/www.sunbeltcanada.com\/ottawa\/fr\/wp-json\/wp\/v2\/comments?post=1582"}],"version-history":[{"count":0,"href":"https:\/\/www.sunbeltcanada.com\/ottawa\/fr\/wp-json\/wp\/v2\/pages\/1582\/revisions"}],"wp:featuredmedia":[{"embeddable":true,"href":"https:\/\/www.sunbeltcanada.com\/ottawa\/fr\/wp-json\/wp\/v2\/media\/1383"}],"wp:attachment":[{"href":"https:\/\/www.sunbeltcanada.com\/ottawa\/fr\/wp-json\/wp\/v2\/media?parent=1582"}],"curies":[{"name":"wp","href":"https:\/\/api.w.org\/{rel}","templated":true}]}}